{"id":5558191,"date":"2026-01-30T12:57:49","date_gmt":"2026-01-30T11:57:49","guid":{"rendered":"https:\/\/stoic-curie.212-227-153-4.plesk.page\/product\/jobe-airstream-towable-dimensoes-160-x-154-x-51-cm-maximo-2-passageiros\/"},"modified":"2026-02-25T00:28:46","modified_gmt":"2026-02-25T00:28:46","slug":"jobe-airstream-towable-dimensoes-160-x-154-x-51-cm-maximo-2-passageiros","status":"publish","type":"product","link":"https:\/\/stoic-curie.212-227-153-4.plesk.page\/pt\/product\/jobe-airstream-towable-dimensoes-160-x-154-x-51-cm-maximo-2-passageiros\/","title":{"rendered":"Jobe Airstream Towable \u2013 Dimens\u00f5es 160 x 154 x 51 cm, M\u00e1ximo 2 Passageiros"},"content":{"rendered":"<p>Jobe Airstream Towable \u2013 Dimens\u00f5es 160 x 154 x 51 cm, M\u00e1ximo 2 Passageiros &#8211; <\/p>\n<p>Desfrute de divers\u00e3o e relaxamento na \u00e1gua com o Jobe Airstream Towable. Este sof\u00e1 dur\u00e1vel \u00e9 feito de PVC 24G resistente e possui uma capa protetora de nylon 420D. Equipado com um anel de reboque refor\u00e7ado, uma v\u00e1lvula Boston para f\u00e1cil inflar e desinflar, e quatro al\u00e7as acolchoadas com prote\u00e7\u00e3o de neoprene para as articula\u00e7\u00f5es. O assento acolchoado confort\u00e1vel tamb\u00e9m inclui duas al\u00e7as adicionais de neoprene para maior ader\u00eancia e suporte. Aproveite a tranquilidade com uma garantia de 3 anos dispon\u00edvel ap\u00f3s o registro no site da Jobe.<\/p>\n","protected":false},"excerpt":{"rendered":"<p>Jobe Airstream Towable \u2013 Dimens\u00f5es 160 x 154 x 51 cm, M\u00e1ximo 2 Passageiros &#8211; Desfrute de divers\u00e3o e relaxamento<\/p>\n","protected":false},"featured_media":5949371,"comment_status":"open","ping_status":"closed","template":"","meta":[],"product_brand":[3042],"product_cat":[2133],"product_tag":[],"class_list":{"0":"post-5558191","1":"product","2":"type-product","3":"status-publish","4":"has-post-thumbnail","6":"product_brand-jobe-sports-pt","7":"product_cat-acessorios-para-esqui-aquatico","9":"first","10":"instock","11":"shipping-taxable","12":"purchasable","13":"product-type-simple"},"_links":{"self":[{"href":"https:\/\/stoic-curie.212-227-153-4.plesk.page\/pt\/wp-json\/wp\/v2\/product\/5558191","targetHints":{"allow":["GET"]}}],"collection":[{"href":"https:\/\/stoic-curie.212-227-153-4.plesk.page\/pt\/wp-json\/wp\/v2\/product"}],"about":[{"href":"https:\/\/stoic-curie.212-227-153-4.plesk.page\/pt\/wp-json\/wp\/v2\/types\/product"}],"replies":[{"embeddable":true,"href":"https:\/\/stoic-curie.212-227-153-4.plesk.page\/pt\/wp-json\/wp\/v2\/comments?post=5558191"}],"version-history":[{"count":0,"href":"https:\/\/stoic-curie.212-227-153-4.plesk.page\/pt\/wp-json\/wp\/v2\/product\/5558191\/revisions"}],"wp:featuredmedia":[{"embeddable":true,"href":"https:\/\/stoic-curie.212-227-153-4.plesk.page\/pt\/wp-json\/wp\/v2\/media\/5949371"}],"wp:attachment":[{"href":"https:\/\/stoic-curie.212-227-153-4.plesk.page\/pt\/wp-json\/wp\/v2\/media?parent=5558191"}],"wp:term":[{"taxonomy":"product_brand","embeddable":true,"href":"https:\/\/stoic-curie.212-227-153-4.plesk.page\/pt\/wp-json\/wp\/v2\/product_brand?post=5558191"},{"taxonomy":"product_cat","embeddable":true,"href":"https:\/\/stoic-curie.212-227-153-4.plesk.page\/pt\/wp-json\/wp\/v2\/product_cat?post=5558191"},{"taxonomy":"product_tag","embeddable":true,"href":"https:\/\/stoic-curie.212-227-153-4.plesk.page\/pt\/wp-json\/wp\/v2\/product_tag?post=5558191"}],"curies":[{"name":"wp","href":"https:\/\/api.w.org\/{rel}","templated":true}]}}