{"id":5558192,"date":"2026-01-30T12:57:50","date_gmt":"2026-01-30T11:57:50","guid":{"rendered":"https:\/\/stoic-curie.212-227-153-4.plesk.page\/product\/pacote-jobe-sup-board-aero-yarra-10-6\/"},"modified":"2026-02-25T00:28:46","modified_gmt":"2026-02-25T00:28:46","slug":"pacote-jobe-sup-board-aero-yarra-10-6","status":"publish","type":"product","link":"https:\/\/stoic-curie.212-227-153-4.plesk.page\/pt\/product\/pacote-jobe-sup-board-aero-yarra-10-6\/","title":{"rendered":"Pacote Jobe SUP Board Aero Yarra 10.6"},"content":{"rendered":"<p>Pacote Jobe SUP Board Aero Yarra 10.6 &#8211; <\/p>\n<p>Esta pranchinha de SUP infl\u00e1vel Jobe \u00e9 extremamente leve e resistente, constru\u00edda com tecnologia Heat Bonded em tecido de nylon tecido e PVC, com bordas refor\u00e7adas. Inclui tr\u00eas quilhas estabilizadoras flex\u00edveis, um deck de tra\u00e7\u00e3o EVA antiderrapante, uma rede de armazenamento el\u00e1stica, conectores em D em ambas as extremidades e uma v\u00e1lvula de infla\u00e7\u00e3o Halkey. O pacote tamb\u00e9m inclui uma bomba de dupla a\u00e7\u00e3o, uma correia de seguran\u00e7a de 3 metros, um remo de fibra de vidro ajust\u00e1vel de 3 pe\u00e7as e uma mochila \u00e0 prova d&#8217;\u00e1gua. Desfrute da tranquilidade com uma garantia de 3 anos ap\u00f3s o registro no site da Jobe.<\/p>\n","protected":false},"excerpt":{"rendered":"<p>Pacote Jobe SUP Board Aero Yarra 10.6 &#8211; Esta pranchinha de SUP infl\u00e1vel Jobe \u00e9 extremamente leve e resistente, constru\u00edda<\/p>\n","protected":false},"featured_media":5949378,"comment_status":"open","ping_status":"closed","template":"","meta":[],"product_brand":[3042],"product_cat":[2132],"product_tag":[],"class_list":{"0":"post-5558192","1":"product","2":"type-product","3":"status-publish","4":"has-post-thumbnail","6":"product_brand-jobe-sports-pt","7":"product_cat-pranchas-de-paddle","9":"first","10":"instock","11":"shipping-taxable","12":"purchasable","13":"product-type-simple"},"_links":{"self":[{"href":"https:\/\/stoic-curie.212-227-153-4.plesk.page\/pt\/wp-json\/wp\/v2\/product\/5558192","targetHints":{"allow":["GET"]}}],"collection":[{"href":"https:\/\/stoic-curie.212-227-153-4.plesk.page\/pt\/wp-json\/wp\/v2\/product"}],"about":[{"href":"https:\/\/stoic-curie.212-227-153-4.plesk.page\/pt\/wp-json\/wp\/v2\/types\/product"}],"replies":[{"embeddable":true,"href":"https:\/\/stoic-curie.212-227-153-4.plesk.page\/pt\/wp-json\/wp\/v2\/comments?post=5558192"}],"version-history":[{"count":0,"href":"https:\/\/stoic-curie.212-227-153-4.plesk.page\/pt\/wp-json\/wp\/v2\/product\/5558192\/revisions"}],"wp:featuredmedia":[{"embeddable":true,"href":"https:\/\/stoic-curie.212-227-153-4.plesk.page\/pt\/wp-json\/wp\/v2\/media\/5949378"}],"wp:attachment":[{"href":"https:\/\/stoic-curie.212-227-153-4.plesk.page\/pt\/wp-json\/wp\/v2\/media?parent=5558192"}],"wp:term":[{"taxonomy":"product_brand","embeddable":true,"href":"https:\/\/stoic-curie.212-227-153-4.plesk.page\/pt\/wp-json\/wp\/v2\/product_brand?post=5558192"},{"taxonomy":"product_cat","embeddable":true,"href":"https:\/\/stoic-curie.212-227-153-4.plesk.page\/pt\/wp-json\/wp\/v2\/product_cat?post=5558192"},{"taxonomy":"product_tag","embeddable":true,"href":"https:\/\/stoic-curie.212-227-153-4.plesk.page\/pt\/wp-json\/wp\/v2\/product_tag?post=5558192"}],"curies":[{"name":"wp","href":"https:\/\/api.w.org\/{rel}","templated":true}]}}