{"id":5558193,"date":"2026-01-30T12:57:51","date_gmt":"2026-01-30T11:57:51","guid":{"rendered":"https:\/\/stoic-curie.212-227-153-4.plesk.page\/product\/inflador-eletrico-ge-900aa-220v\/"},"modified":"2026-02-25T00:28:46","modified_gmt":"2026-02-25T00:28:46","slug":"inflador-eletrico-ge-900aa-220v","status":"publish","type":"product","link":"https:\/\/stoic-curie.212-227-153-4.plesk.page\/pt\/product\/inflador-eletrico-ge-900aa-220v\/","title":{"rendered":"Inflador El\u00e9trico GE 900AA-220V"},"content":{"rendered":"<p>Inflador El\u00e9trico GE 900AA-220V &#8211; <\/p>\n<p>O inflador el\u00e9trico de 220V \u00e9 projetado para pressurizar rapidamente qualquer estrutura infl\u00e1vel. Com um potente motor de 1000W, opera em um baixo n\u00edvel de ru\u00eddo (m\u00e1ximo de 85 dB) e \u00e9 capaz de inflar e desinflar. A unidade vem com uma al\u00e7a de ombro, duas mangueiras de 1,5m (di\u00e2metro de 25\/40 mm) e adaptadores para todos os tipos de v\u00e1lvulas. Dimens\u00f5es: 17 x 23 x 22 cm.<\/p>\n","protected":false},"excerpt":{"rendered":"<p>Inflador El\u00e9trico GE 900AA-220V &#8211; O inflador el\u00e9trico de 220V \u00e9 projetado para pressurizar rapidamente qualquer estrutura infl\u00e1vel. Com um<\/p>\n","protected":false},"featured_media":5949381,"comment_status":"open","ping_status":"closed","template":"","meta":[],"product_brand":[2852],"product_cat":[2122],"product_tag":[],"class_list":{"0":"post-5558193","1":"product","2":"type-product","3":"status-publish","4":"has-post-thumbnail","6":"product_brand-bravo-scoprega-pt","7":"product_cat-bombas-de-ar-para-embarcacoes-auxiliares","9":"first","10":"instock","11":"shipping-taxable","12":"purchasable","13":"product-type-simple"},"_links":{"self":[{"href":"https:\/\/stoic-curie.212-227-153-4.plesk.page\/pt\/wp-json\/wp\/v2\/product\/5558193","targetHints":{"allow":["GET"]}}],"collection":[{"href":"https:\/\/stoic-curie.212-227-153-4.plesk.page\/pt\/wp-json\/wp\/v2\/product"}],"about":[{"href":"https:\/\/stoic-curie.212-227-153-4.plesk.page\/pt\/wp-json\/wp\/v2\/types\/product"}],"replies":[{"embeddable":true,"href":"https:\/\/stoic-curie.212-227-153-4.plesk.page\/pt\/wp-json\/wp\/v2\/comments?post=5558193"}],"version-history":[{"count":0,"href":"https:\/\/stoic-curie.212-227-153-4.plesk.page\/pt\/wp-json\/wp\/v2\/product\/5558193\/revisions"}],"wp:featuredmedia":[{"embeddable":true,"href":"https:\/\/stoic-curie.212-227-153-4.plesk.page\/pt\/wp-json\/wp\/v2\/media\/5949381"}],"wp:attachment":[{"href":"https:\/\/stoic-curie.212-227-153-4.plesk.page\/pt\/wp-json\/wp\/v2\/media?parent=5558193"}],"wp:term":[{"taxonomy":"product_brand","embeddable":true,"href":"https:\/\/stoic-curie.212-227-153-4.plesk.page\/pt\/wp-json\/wp\/v2\/product_brand?post=5558193"},{"taxonomy":"product_cat","embeddable":true,"href":"https:\/\/stoic-curie.212-227-153-4.plesk.page\/pt\/wp-json\/wp\/v2\/product_cat?post=5558193"},{"taxonomy":"product_tag","embeddable":true,"href":"https:\/\/stoic-curie.212-227-153-4.plesk.page\/pt\/wp-json\/wp\/v2\/product_tag?post=5558193"}],"curies":[{"name":"wp","href":"https:\/\/api.w.org\/{rel}","templated":true}]}}