{"id":5558194,"date":"2026-01-30T12:57:52","date_gmt":"2026-01-30T11:57:52","guid":{"rendered":"https:\/\/stoic-curie.212-227-153-4.plesk.page\/product\/hh-pier-jacket-4-0-tamanho-s-azul-marinho\/"},"modified":"2026-02-25T00:28:59","modified_gmt":"2026-02-25T00:28:59","slug":"hh-pier-jacket-4-0-tamanho-s-azul-marinho","status":"publish","type":"product","link":"https:\/\/stoic-curie.212-227-153-4.plesk.page\/pt\/product\/hh-pier-jacket-4-0-tamanho-s-azul-marinho\/","title":{"rendered":"Hh Pier Jacket 4.0 Tamanho S &#8211; Azul Marinho"},"content":{"rendered":"<p>Hh Pier Jacket 4.0 Tamanho S &#8211; Azul Marinho &#8211; <\/p>\n<p>A Jaqueta Helly Hansen Pier 4.0 \u00e9 ideal para qualquer atividade costeira ou de navega\u00e7\u00e3o. Fabricada com tecido HellyTech Performance, livre de PFC e com repel\u00eancia \u00e0 \u00e1gua dur\u00e1vel (DWR). Esta jaqueta \u00e9 imperme\u00e1vel, corta-vento e respir\u00e1vel, feita de lona de alta qualidade. Outras caracter\u00edsticas incluem um z\u00edper YKK\u00ae, costuras totalmente seladas, forro em malha de secagem r\u00e1pida, aba dupla de tempestade, punhos ajust\u00e1veis, bainha e cintura ajust\u00e1veis, bolsos aquecedores de m\u00e3os, mangas articuladas, colarinho alto em fleece protetor, capuz ajust\u00e1vel de alta visibilidade e refletivos em conformidade com SOLAS.<br \/> Clique aqui para verificar o tamanho exato:<\/p>\n","protected":false},"excerpt":{"rendered":"<p>Hh Pier Jacket 4.0 Tamanho S &#8211; Azul Marinho &#8211; A Jaqueta Helly Hansen Pier 4.0 \u00e9 ideal para qualquer<\/p>\n","protected":false},"featured_media":5949525,"comment_status":"open","ping_status":"closed","template":"","meta":[],"product_brand":[3002],"product_cat":[2144],"product_tag":[],"class_list":{"0":"post-5558194","1":"product","2":"type-product","3":"status-publish","4":"has-post-thumbnail","6":"product_brand-helly-hansen-pt","7":"product_cat-vestuario-helly-hansen","9":"first","10":"instock","11":"shipping-taxable","12":"purchasable","13":"product-type-simple"},"_links":{"self":[{"href":"https:\/\/stoic-curie.212-227-153-4.plesk.page\/pt\/wp-json\/wp\/v2\/product\/5558194","targetHints":{"allow":["GET"]}}],"collection":[{"href":"https:\/\/stoic-curie.212-227-153-4.plesk.page\/pt\/wp-json\/wp\/v2\/product"}],"about":[{"href":"https:\/\/stoic-curie.212-227-153-4.plesk.page\/pt\/wp-json\/wp\/v2\/types\/product"}],"replies":[{"embeddable":true,"href":"https:\/\/stoic-curie.212-227-153-4.plesk.page\/pt\/wp-json\/wp\/v2\/comments?post=5558194"}],"version-history":[{"count":0,"href":"https:\/\/stoic-curie.212-227-153-4.plesk.page\/pt\/wp-json\/wp\/v2\/product\/5558194\/revisions"}],"wp:featuredmedia":[{"embeddable":true,"href":"https:\/\/stoic-curie.212-227-153-4.plesk.page\/pt\/wp-json\/wp\/v2\/media\/5949525"}],"wp:attachment":[{"href":"https:\/\/stoic-curie.212-227-153-4.plesk.page\/pt\/wp-json\/wp\/v2\/media?parent=5558194"}],"wp:term":[{"taxonomy":"product_brand","embeddable":true,"href":"https:\/\/stoic-curie.212-227-153-4.plesk.page\/pt\/wp-json\/wp\/v2\/product_brand?post=5558194"},{"taxonomy":"product_cat","embeddable":true,"href":"https:\/\/stoic-curie.212-227-153-4.plesk.page\/pt\/wp-json\/wp\/v2\/product_cat?post=5558194"},{"taxonomy":"product_tag","embeddable":true,"href":"https:\/\/stoic-curie.212-227-153-4.plesk.page\/pt\/wp-json\/wp\/v2\/product_tag?post=5558194"}],"curies":[{"name":"wp","href":"https:\/\/api.w.org\/{rel}","templated":true}]}}