{"id":5558195,"date":"2026-01-30T12:57:53","date_gmt":"2026-01-30T11:57:53","guid":{"rendered":"https:\/\/stoic-curie.212-227-153-4.plesk.page\/product\/hh-pier-jacket-4-0-tamanho-m-azul-marinho\/"},"modified":"2026-02-25T00:28:59","modified_gmt":"2026-02-25T00:28:59","slug":"hh-pier-jacket-4-0-tamanho-m-azul-marinho","status":"publish","type":"product","link":"https:\/\/stoic-curie.212-227-153-4.plesk.page\/pt\/product\/hh-pier-jacket-4-0-tamanho-m-azul-marinho\/","title":{"rendered":"Hh Pier Jacket 4.0 Tamanho M &#8211; Azul Marinho"},"content":{"rendered":"<p>Hh Pier Jacket 4.0 Tamanho M &#8211; Azul Marinho &#8211; <\/p>\n<p>A Jaqueta Helly Hansen Pier 4.0 \u00e9 ideal para qualquer atividade costeira ou de navega\u00e7\u00e3o. Fabricada com tecnologia HellyTech Performance, apresenta um tratamento repelente de \u00e1gua (DWR) livre de PFC, oferecendo prote\u00e7\u00e3o \u00e0 prova d&#8217;\u00e1gua, \u00e0 prova de vento e respir\u00e1vel. Inclui um z\u00edper YKK\u00ae, costuras totalmente seladas, forro de malha de secagem r\u00e1pida, aba de tempestade dupla, punhos ajust\u00e1veis, barra e cintura ajust\u00e1veis, bolsos aquecedores para as m\u00e3os, mangas articuladas, colarinho alto de fleece protetor, cap\u00f4 ajust\u00e1vel de alta visibilidade e refletivos em conformidade com SOLAS. <br \/> Clique aqui para verificar o tamanho exato:<\/p>\n","protected":false},"excerpt":{"rendered":"<p>Hh Pier Jacket 4.0 Tamanho M &#8211; Azul Marinho &#8211; A Jaqueta Helly Hansen Pier 4.0 \u00e9 ideal para qualquer<\/p>\n","protected":false},"featured_media":5949525,"comment_status":"open","ping_status":"closed","template":"","meta":[],"product_brand":[3002],"product_cat":[2144],"product_tag":[],"class_list":{"0":"post-5558195","1":"product","2":"type-product","3":"status-publish","4":"has-post-thumbnail","6":"product_brand-helly-hansen-pt","7":"product_cat-vestuario-helly-hansen","9":"first","10":"instock","11":"shipping-taxable","12":"purchasable","13":"product-type-simple"},"_links":{"self":[{"href":"https:\/\/stoic-curie.212-227-153-4.plesk.page\/pt\/wp-json\/wp\/v2\/product\/5558195","targetHints":{"allow":["GET"]}}],"collection":[{"href":"https:\/\/stoic-curie.212-227-153-4.plesk.page\/pt\/wp-json\/wp\/v2\/product"}],"about":[{"href":"https:\/\/stoic-curie.212-227-153-4.plesk.page\/pt\/wp-json\/wp\/v2\/types\/product"}],"replies":[{"embeddable":true,"href":"https:\/\/stoic-curie.212-227-153-4.plesk.page\/pt\/wp-json\/wp\/v2\/comments?post=5558195"}],"version-history":[{"count":0,"href":"https:\/\/stoic-curie.212-227-153-4.plesk.page\/pt\/wp-json\/wp\/v2\/product\/5558195\/revisions"}],"wp:featuredmedia":[{"embeddable":true,"href":"https:\/\/stoic-curie.212-227-153-4.plesk.page\/pt\/wp-json\/wp\/v2\/media\/5949525"}],"wp:attachment":[{"href":"https:\/\/stoic-curie.212-227-153-4.plesk.page\/pt\/wp-json\/wp\/v2\/media?parent=5558195"}],"wp:term":[{"taxonomy":"product_brand","embeddable":true,"href":"https:\/\/stoic-curie.212-227-153-4.plesk.page\/pt\/wp-json\/wp\/v2\/product_brand?post=5558195"},{"taxonomy":"product_cat","embeddable":true,"href":"https:\/\/stoic-curie.212-227-153-4.plesk.page\/pt\/wp-json\/wp\/v2\/product_cat?post=5558195"},{"taxonomy":"product_tag","embeddable":true,"href":"https:\/\/stoic-curie.212-227-153-4.plesk.page\/pt\/wp-json\/wp\/v2\/product_tag?post=5558195"}],"curies":[{"name":"wp","href":"https:\/\/api.w.org\/{rel}","templated":true}]}}