{"id":5558197,"date":"2026-01-30T12:57:55","date_gmt":"2026-01-30T11:57:55","guid":{"rendered":"https:\/\/stoic-curie.212-227-153-4.plesk.page\/product\/casaco-hh-pier-4-0-tamanho-xl-cor-azul-marinho\/"},"modified":"2026-02-25T00:28:59","modified_gmt":"2026-02-25T00:28:59","slug":"casaco-hh-pier-4-0-tamanho-xl-cor-azul-marinho","status":"publish","type":"product","link":"https:\/\/stoic-curie.212-227-153-4.plesk.page\/pt\/product\/casaco-hh-pier-4-0-tamanho-xl-cor-azul-marinho\/","title":{"rendered":"Casaco Hh Pier 4.0 Tamanho XL Cor Azul Marinho"},"content":{"rendered":"<p>Casaco Hh Pier 4.0 Tamanho XL Cor Azul Marinho &#8211; <\/p>\n<p>O casaco Helly Hansen Pier 4.0 \u00e9 ideal para qualquer atividade costeira ou de navega\u00e7\u00e3o. \u00c9 feito de tecido HellyTech Performance com Repel\u00eancia Dur\u00e1vel \u00e0 \u00c1gua (DWR) livre de PFC, tornando-o imperme\u00e1vel, \u00e0 prova de vento e respir\u00e1vel. O casaco \u00e9 equipado com um z\u00edper YKK\u00ae, costuras totalmente seladas, forro de malha de secagem r\u00e1pida, aba de tempestade dupla, punhos ajust\u00e1veis, barra e cintura ajust\u00e1veis, bolsos para aquecer as m\u00e3os, mangas articuladas, colarinho alto de fleece protetor, capuz ajust\u00e1vel de alta visibilidade e refletores em conformidade com Solas.<\/p>\n","protected":false},"excerpt":{"rendered":"<p>Casaco Hh Pier 4.0 Tamanho XL Cor Azul Marinho &#8211; O casaco Helly Hansen Pier 4.0 \u00e9 ideal para qualquer<\/p>\n","protected":false},"featured_media":5949525,"comment_status":"open","ping_status":"closed","template":"","meta":[],"product_brand":[3002],"product_cat":[2144],"product_tag":[],"class_list":{"0":"post-5558197","1":"product","2":"type-product","3":"status-publish","4":"has-post-thumbnail","6":"product_brand-helly-hansen-pt","7":"product_cat-vestuario-helly-hansen","9":"first","10":"instock","11":"shipping-taxable","12":"purchasable","13":"product-type-simple"},"_links":{"self":[{"href":"https:\/\/stoic-curie.212-227-153-4.plesk.page\/pt\/wp-json\/wp\/v2\/product\/5558197","targetHints":{"allow":["GET"]}}],"collection":[{"href":"https:\/\/stoic-curie.212-227-153-4.plesk.page\/pt\/wp-json\/wp\/v2\/product"}],"about":[{"href":"https:\/\/stoic-curie.212-227-153-4.plesk.page\/pt\/wp-json\/wp\/v2\/types\/product"}],"replies":[{"embeddable":true,"href":"https:\/\/stoic-curie.212-227-153-4.plesk.page\/pt\/wp-json\/wp\/v2\/comments?post=5558197"}],"version-history":[{"count":0,"href":"https:\/\/stoic-curie.212-227-153-4.plesk.page\/pt\/wp-json\/wp\/v2\/product\/5558197\/revisions"}],"wp:featuredmedia":[{"embeddable":true,"href":"https:\/\/stoic-curie.212-227-153-4.plesk.page\/pt\/wp-json\/wp\/v2\/media\/5949525"}],"wp:attachment":[{"href":"https:\/\/stoic-curie.212-227-153-4.plesk.page\/pt\/wp-json\/wp\/v2\/media?parent=5558197"}],"wp:term":[{"taxonomy":"product_brand","embeddable":true,"href":"https:\/\/stoic-curie.212-227-153-4.plesk.page\/pt\/wp-json\/wp\/v2\/product_brand?post=5558197"},{"taxonomy":"product_cat","embeddable":true,"href":"https:\/\/stoic-curie.212-227-153-4.plesk.page\/pt\/wp-json\/wp\/v2\/product_cat?post=5558197"},{"taxonomy":"product_tag","embeddable":true,"href":"https:\/\/stoic-curie.212-227-153-4.plesk.page\/pt\/wp-json\/wp\/v2\/product_tag?post=5558197"}],"curies":[{"name":"wp","href":"https:\/\/api.w.org\/{rel}","templated":true}]}}