{"id":5558202,"date":"2026-01-30T12:57:59","date_gmt":"2026-01-30T11:57:59","guid":{"rendered":"https:\/\/stoic-curie.212-227-153-4.plesk.page\/product\/jaqueta-hh-pier-4-0-tamanho-xl-cor-vermelha\/"},"modified":"2026-02-25T00:28:59","modified_gmt":"2026-02-25T00:28:59","slug":"jaqueta-hh-pier-4-0-tamanho-xl-cor-vermelha","status":"publish","type":"product","link":"https:\/\/stoic-curie.212-227-153-4.plesk.page\/pt\/product\/jaqueta-hh-pier-4-0-tamanho-xl-cor-vermelha\/","title":{"rendered":"Jaqueta Hh Pier 4.0 Tamanho XL Cor Vermelha"},"content":{"rendered":"<p>Jaqueta Hh Pier 4.0 Tamanho XL Cor Vermelha &#8211; <\/p>\n<p>A Jaqueta Helly Hansen Pier 4.0 \u00e9 ideal para qualquer atividade costeira ou de navega\u00e7\u00e3o. Com tecido HellyTech Performance, apresenta repel\u00eancia \u00e0 \u00e1gua Dur\u00e1vel (DWR) isenta de PFC, tornando-a imperme\u00e1vel, \u00e0 prova de vento e respir\u00e1vel. Inclui um z\u00edper YKK\u00ae, costuras totalmente seladas, forro de malha de secagem r\u00e1pida, aba dupla de tempestade, punhos ajust\u00e1veis duplos, barra e cintura ajust\u00e1veis, bolsos para aquecer as m\u00e3os, mangas articuladas, colarinho alto em fleece protetor, capuz ajust\u00e1vel de alta visibilidade e elementos reflexivos em conformidade com a SOLAS.<br \/>Clique aqui para verificar o tamanho exato:<\/p>\n","protected":false},"excerpt":{"rendered":"<p>Jaqueta Hh Pier 4.0 Tamanho XL Cor Vermelha &#8211; A Jaqueta Helly Hansen Pier 4.0 \u00e9 ideal para qualquer atividade<\/p>\n","protected":false},"featured_media":5949525,"comment_status":"open","ping_status":"closed","template":"","meta":[],"product_brand":[3002],"product_cat":[2144],"product_tag":[],"class_list":{"0":"post-5558202","1":"product","2":"type-product","3":"status-publish","4":"has-post-thumbnail","6":"product_brand-helly-hansen-pt","7":"product_cat-vestuario-helly-hansen","9":"first","10":"instock","11":"shipping-taxable","12":"purchasable","13":"product-type-simple"},"_links":{"self":[{"href":"https:\/\/stoic-curie.212-227-153-4.plesk.page\/pt\/wp-json\/wp\/v2\/product\/5558202","targetHints":{"allow":["GET"]}}],"collection":[{"href":"https:\/\/stoic-curie.212-227-153-4.plesk.page\/pt\/wp-json\/wp\/v2\/product"}],"about":[{"href":"https:\/\/stoic-curie.212-227-153-4.plesk.page\/pt\/wp-json\/wp\/v2\/types\/product"}],"replies":[{"embeddable":true,"href":"https:\/\/stoic-curie.212-227-153-4.plesk.page\/pt\/wp-json\/wp\/v2\/comments?post=5558202"}],"version-history":[{"count":0,"href":"https:\/\/stoic-curie.212-227-153-4.plesk.page\/pt\/wp-json\/wp\/v2\/product\/5558202\/revisions"}],"wp:featuredmedia":[{"embeddable":true,"href":"https:\/\/stoic-curie.212-227-153-4.plesk.page\/pt\/wp-json\/wp\/v2\/media\/5949525"}],"wp:attachment":[{"href":"https:\/\/stoic-curie.212-227-153-4.plesk.page\/pt\/wp-json\/wp\/v2\/media?parent=5558202"}],"wp:term":[{"taxonomy":"product_brand","embeddable":true,"href":"https:\/\/stoic-curie.212-227-153-4.plesk.page\/pt\/wp-json\/wp\/v2\/product_brand?post=5558202"},{"taxonomy":"product_cat","embeddable":true,"href":"https:\/\/stoic-curie.212-227-153-4.plesk.page\/pt\/wp-json\/wp\/v2\/product_cat?post=5558202"},{"taxonomy":"product_tag","embeddable":true,"href":"https:\/\/stoic-curie.212-227-153-4.plesk.page\/pt\/wp-json\/wp\/v2\/product_tag?post=5558202"}],"curies":[{"name":"wp","href":"https:\/\/api.w.org\/{rel}","templated":true}]}}