{"id":5558214,"date":"2026-01-30T12:58:12","date_gmt":"2026-01-30T11:58:12","guid":{"rendered":"https:\/\/stoic-curie.212-227-153-4.plesk.page\/product\/motor-de-trim-original-para-motores-suzuki-38100-87j11-df40-50\/"},"modified":"2026-02-25T00:29:20","modified_gmt":"2026-02-25T00:29:20","slug":"motor-de-trim-original-para-motores-suzuki-38100-87j11-df40-50","status":"publish","type":"product","link":"https:\/\/stoic-curie.212-227-153-4.plesk.page\/pt\/product\/motor-de-trim-original-para-motores-suzuki-38100-87j11-df40-50\/","title":{"rendered":"Motor de Trim Original para Motores Suzuki 38100-87J11 (DF40\/50)"},"content":{"rendered":"<p>Motor de Trim Original para Motores Suzuki 38100-87J11 (DF40\/50) &#8211; <\/p>\n<p>Motor de trim para motores fora de borda Suzuki. Uma pe\u00e7a de reposi\u00e7\u00e3o compat\u00edvel.<\/p>\n","protected":false},"excerpt":{"rendered":"<p>Motor de Trim Original para Motores Suzuki 38100-87J11 (DF40\/50) &#8211; Motor de trim para motores fora de borda Suzuki. Uma<\/p>\n","protected":false},"featured_media":5949635,"comment_status":"open","ping_status":"closed","template":"","meta":[],"product_brand":[3392],"product_cat":[2119],"product_tag":[],"class_list":{"0":"post-5558214","1":"product","2":"type-product","3":"status-publish","4":"has-post-thumbnail","6":"product_brand-sierra-marine-pt","7":"product_cat-pecas-para-motores-fora-de-borda-suzuki","9":"first","10":"instock","11":"shipping-taxable","12":"purchasable","13":"product-type-simple"},"_links":{"self":[{"href":"https:\/\/stoic-curie.212-227-153-4.plesk.page\/pt\/wp-json\/wp\/v2\/product\/5558214","targetHints":{"allow":["GET"]}}],"collection":[{"href":"https:\/\/stoic-curie.212-227-153-4.plesk.page\/pt\/wp-json\/wp\/v2\/product"}],"about":[{"href":"https:\/\/stoic-curie.212-227-153-4.plesk.page\/pt\/wp-json\/wp\/v2\/types\/product"}],"replies":[{"embeddable":true,"href":"https:\/\/stoic-curie.212-227-153-4.plesk.page\/pt\/wp-json\/wp\/v2\/comments?post=5558214"}],"version-history":[{"count":0,"href":"https:\/\/stoic-curie.212-227-153-4.plesk.page\/pt\/wp-json\/wp\/v2\/product\/5558214\/revisions"}],"wp:featuredmedia":[{"embeddable":true,"href":"https:\/\/stoic-curie.212-227-153-4.plesk.page\/pt\/wp-json\/wp\/v2\/media\/5949635"}],"wp:attachment":[{"href":"https:\/\/stoic-curie.212-227-153-4.plesk.page\/pt\/wp-json\/wp\/v2\/media?parent=5558214"}],"wp:term":[{"taxonomy":"product_brand","embeddable":true,"href":"https:\/\/stoic-curie.212-227-153-4.plesk.page\/pt\/wp-json\/wp\/v2\/product_brand?post=5558214"},{"taxonomy":"product_cat","embeddable":true,"href":"https:\/\/stoic-curie.212-227-153-4.plesk.page\/pt\/wp-json\/wp\/v2\/product_cat?post=5558214"},{"taxonomy":"product_tag","embeddable":true,"href":"https:\/\/stoic-curie.212-227-153-4.plesk.page\/pt\/wp-json\/wp\/v2\/product_tag?post=5558214"}],"curies":[{"name":"wp","href":"https:\/\/api.w.org\/{rel}","templated":true}]}}