{"id":5584298,"date":"2026-01-31T15:41:18","date_gmt":"2026-01-31T14:41:18","guid":{"rendered":"https:\/\/stoic-curie.212-227-153-4.plesk.page\/product\/suzuki-helice-de-aco-inoxidavel-solas-15-1-4-x-21\/"},"modified":"2026-02-25T00:28:15","modified_gmt":"2026-02-25T00:28:15","slug":"suzuki-helice-de-aco-inoxidavel-solas-15-1-4-x-21","status":"publish","type":"product","link":"https:\/\/stoic-curie.212-227-153-4.plesk.page\/pt\/product\/suzuki-helice-de-aco-inoxidavel-solas-15-1-4-x-21\/","title":{"rendered":"Suzuki &#8211; H\u00e9lice de A\u00e7o Inoxid\u00e1vel Solas 15 1\/4 x 21"},"content":{"rendered":"<p>Suzuki &#8211; H\u00e9lice de A\u00e7o Inoxid\u00e1vel Solas 15 1\/4 x 21 &#8211; <\/p>\n<p>H\u00e9lices de a\u00e7o inoxid\u00e1vel Solas para motores de popa. O excelente design e a qualidade de constru\u00e7\u00e3o permitem que as h\u00e9lices Solas substituam facilmente as h\u00e9lices originais. Plus = Superf\u00edcie da l\u00e2mina da h\u00e9lice aumentada L = H\u00e9lice com rota\u00e7\u00e3o inversa (no sentido anti-hor\u00e1rio)<\/p>\n","protected":false},"excerpt":{"rendered":"<p>Suzuki &#8211; H\u00e9lice de A\u00e7o Inoxid\u00e1vel Solas 15 1\/4 x 21 &#8211; H\u00e9lices de a\u00e7o inoxid\u00e1vel Solas para motores de<\/p>\n","protected":false},"featured_media":5945752,"comment_status":"open","ping_status":"closed","template":"","meta":[],"product_brand":[3412],"product_cat":[2090,2119],"product_tag":[],"class_list":{"0":"post-5584298","1":"product","2":"type-product","3":"status-publish","4":"has-post-thumbnail","6":"product_brand-solas-pt","7":"product_cat-helices-para-motores-fora-de-bordo","8":"product_cat-pecas-para-motores-fora-de-borda-suzuki","10":"first","11":"instock","12":"shipping-taxable","13":"purchasable","14":"product-type-simple"},"_links":{"self":[{"href":"https:\/\/stoic-curie.212-227-153-4.plesk.page\/pt\/wp-json\/wp\/v2\/product\/5584298","targetHints":{"allow":["GET"]}}],"collection":[{"href":"https:\/\/stoic-curie.212-227-153-4.plesk.page\/pt\/wp-json\/wp\/v2\/product"}],"about":[{"href":"https:\/\/stoic-curie.212-227-153-4.plesk.page\/pt\/wp-json\/wp\/v2\/types\/product"}],"replies":[{"embeddable":true,"href":"https:\/\/stoic-curie.212-227-153-4.plesk.page\/pt\/wp-json\/wp\/v2\/comments?post=5584298"}],"version-history":[{"count":0,"href":"https:\/\/stoic-curie.212-227-153-4.plesk.page\/pt\/wp-json\/wp\/v2\/product\/5584298\/revisions"}],"wp:featuredmedia":[{"embeddable":true,"href":"https:\/\/stoic-curie.212-227-153-4.plesk.page\/pt\/wp-json\/wp\/v2\/media\/5945752"}],"wp:attachment":[{"href":"https:\/\/stoic-curie.212-227-153-4.plesk.page\/pt\/wp-json\/wp\/v2\/media?parent=5584298"}],"wp:term":[{"taxonomy":"product_brand","embeddable":true,"href":"https:\/\/stoic-curie.212-227-153-4.plesk.page\/pt\/wp-json\/wp\/v2\/product_brand?post=5584298"},{"taxonomy":"product_cat","embeddable":true,"href":"https:\/\/stoic-curie.212-227-153-4.plesk.page\/pt\/wp-json\/wp\/v2\/product_cat?post=5584298"},{"taxonomy":"product_tag","embeddable":true,"href":"https:\/\/stoic-curie.212-227-153-4.plesk.page\/pt\/wp-json\/wp\/v2\/product_tag?post=5584298"}],"curies":[{"name":"wp","href":"https:\/\/api.w.org\/{rel}","templated":true}]}}