{"id":5584299,"date":"2026-01-31T15:41:44","date_gmt":"2026-01-31T14:41:44","guid":{"rendered":"https:\/\/stoic-curie.212-227-153-4.plesk.page\/product\/clarion-cmm-10gr-usb-bt-marine-stereo\/"},"modified":"2026-02-25T00:28:46","modified_gmt":"2026-02-25T00:28:46","slug":"clarion-cmm-10gr-usb-bt-marine-stereo","status":"publish","type":"product","link":"https:\/\/stoic-curie.212-227-153-4.plesk.page\/pt\/product\/clarion-cmm-10gr-usb-bt-marine-stereo\/","title":{"rendered":"Clarion CMM-10GR USB BT Marine Stereo"},"content":{"rendered":"<p>Clarion CMM-10GR USB BT Marine Stereo &#8211; <\/p>\n<p>Unidade est\u00e9reo compacta Clarion CMM-10GR com display LCD e teclas retroiluminadas. R\u00e1dio AM\/FM com RDS, porta USB e entradas AUX traseiras duplas. Reprodutor MP3\/WMA com Bluetooth integrado para streaming de \u00e1udio a partir do smartphone. Projetado para instala\u00e7\u00e3o embutida, possui um alojamento imperme\u00e1vel IP66. Inclui cabos de conex\u00e3o, moldura de acabamento e parafusos.<\/p>\n","protected":false},"excerpt":{"rendered":"<p>Clarion CMM-10GR USB BT Marine Stereo &#8211; Unidade est\u00e9reo compacta Clarion CMM-10GR com display LCD e teclas retroiluminadas. R\u00e1dio AM\/FM<\/p>\n","protected":false},"featured_media":5949354,"comment_status":"open","ping_status":"closed","template":"","meta":[],"product_brand":[3207],"product_cat":[2020],"product_tag":[],"class_list":{"0":"post-5584299","1":"product","2":"type-product","3":"status-publish","4":"has-post-thumbnail","6":"product_brand-nova-argonautica-pt","7":"product_cat-equipamento-de-som-e-colunas","9":"first","10":"instock","11":"shipping-taxable","12":"purchasable","13":"product-type-simple"},"_links":{"self":[{"href":"https:\/\/stoic-curie.212-227-153-4.plesk.page\/pt\/wp-json\/wp\/v2\/product\/5584299","targetHints":{"allow":["GET"]}}],"collection":[{"href":"https:\/\/stoic-curie.212-227-153-4.plesk.page\/pt\/wp-json\/wp\/v2\/product"}],"about":[{"href":"https:\/\/stoic-curie.212-227-153-4.plesk.page\/pt\/wp-json\/wp\/v2\/types\/product"}],"replies":[{"embeddable":true,"href":"https:\/\/stoic-curie.212-227-153-4.plesk.page\/pt\/wp-json\/wp\/v2\/comments?post=5584299"}],"version-history":[{"count":0,"href":"https:\/\/stoic-curie.212-227-153-4.plesk.page\/pt\/wp-json\/wp\/v2\/product\/5584299\/revisions"}],"wp:featuredmedia":[{"embeddable":true,"href":"https:\/\/stoic-curie.212-227-153-4.plesk.page\/pt\/wp-json\/wp\/v2\/media\/5949354"}],"wp:attachment":[{"href":"https:\/\/stoic-curie.212-227-153-4.plesk.page\/pt\/wp-json\/wp\/v2\/media?parent=5584299"}],"wp:term":[{"taxonomy":"product_brand","embeddable":true,"href":"https:\/\/stoic-curie.212-227-153-4.plesk.page\/pt\/wp-json\/wp\/v2\/product_brand?post=5584299"},{"taxonomy":"product_cat","embeddable":true,"href":"https:\/\/stoic-curie.212-227-153-4.plesk.page\/pt\/wp-json\/wp\/v2\/product_cat?post=5584299"},{"taxonomy":"product_tag","embeddable":true,"href":"https:\/\/stoic-curie.212-227-153-4.plesk.page\/pt\/wp-json\/wp\/v2\/product_tag?post=5584299"}],"curies":[{"name":"wp","href":"https:\/\/api.w.org\/{rel}","templated":true}]}}