{"id":5584300,"date":"2026-01-31T15:41:45","date_gmt":"2026-01-31T14:41:45","guid":{"rendered":"https:\/\/stoic-curie.212-227-153-4.plesk.page\/product\/estereo-marinho-clarion-cmm-10i-usb-bt\/"},"modified":"2026-02-25T00:28:46","modified_gmt":"2026-02-25T00:28:46","slug":"estereo-marinho-clarion-cmm-10i-usb-bt","status":"publish","type":"product","link":"https:\/\/stoic-curie.212-227-153-4.plesk.page\/pt\/product\/estereo-marinho-clarion-cmm-10i-usb-bt\/","title":{"rendered":"Est\u00e9reo Marinho Clarion CMM-10i USB BT"},"content":{"rendered":"<p>Est\u00e9reo Marinho Clarion CMM-10i USB BT &#8211; <\/p>\n<p>Unidade est\u00e9reo compacta Clarion CMM-10i com display LCD e teclas retroiluminadas. Este r\u00e1dio AM\/FM est\u00e1 preparado para DAB+ com RDS, porta USB e entradas AUX traseiras duplas. Tamb\u00e9m possui um reprodutor MP3\/WMA com Bluetooth integrado para streaming de \u00e1udio a partir do seu smartphone. A unidade \u00e9 projetada para instala\u00e7\u00e3o embutida e possui uma caixa \u00e0 prova d&#8217;\u00e1gua IP66. Inclui cabos de conex\u00e3o, moldura de acabamento e parafusos.<\/p>\n","protected":false},"excerpt":{"rendered":"<p>Est\u00e9reo Marinho Clarion CMM-10i USB BT &#8211; Unidade est\u00e9reo compacta Clarion CMM-10i com display LCD e teclas retroiluminadas. Este r\u00e1dio<\/p>\n","protected":false},"featured_media":5949356,"comment_status":"open","ping_status":"closed","template":"","meta":[],"product_brand":[3207],"product_cat":[2020],"product_tag":[],"class_list":{"0":"post-5584300","1":"product","2":"type-product","3":"status-publish","4":"has-post-thumbnail","6":"product_brand-nova-argonautica-pt","7":"product_cat-equipamento-de-som-e-colunas","9":"first","10":"instock","11":"shipping-taxable","12":"purchasable","13":"product-type-simple"},"_links":{"self":[{"href":"https:\/\/stoic-curie.212-227-153-4.plesk.page\/pt\/wp-json\/wp\/v2\/product\/5584300","targetHints":{"allow":["GET"]}}],"collection":[{"href":"https:\/\/stoic-curie.212-227-153-4.plesk.page\/pt\/wp-json\/wp\/v2\/product"}],"about":[{"href":"https:\/\/stoic-curie.212-227-153-4.plesk.page\/pt\/wp-json\/wp\/v2\/types\/product"}],"replies":[{"embeddable":true,"href":"https:\/\/stoic-curie.212-227-153-4.plesk.page\/pt\/wp-json\/wp\/v2\/comments?post=5584300"}],"version-history":[{"count":0,"href":"https:\/\/stoic-curie.212-227-153-4.plesk.page\/pt\/wp-json\/wp\/v2\/product\/5584300\/revisions"}],"wp:featuredmedia":[{"embeddable":true,"href":"https:\/\/stoic-curie.212-227-153-4.plesk.page\/pt\/wp-json\/wp\/v2\/media\/5949356"}],"wp:attachment":[{"href":"https:\/\/stoic-curie.212-227-153-4.plesk.page\/pt\/wp-json\/wp\/v2\/media?parent=5584300"}],"wp:term":[{"taxonomy":"product_brand","embeddable":true,"href":"https:\/\/stoic-curie.212-227-153-4.plesk.page\/pt\/wp-json\/wp\/v2\/product_brand?post=5584300"},{"taxonomy":"product_cat","embeddable":true,"href":"https:\/\/stoic-curie.212-227-153-4.plesk.page\/pt\/wp-json\/wp\/v2\/product_cat?post=5584300"},{"taxonomy":"product_tag","embeddable":true,"href":"https:\/\/stoic-curie.212-227-153-4.plesk.page\/pt\/wp-json\/wp\/v2\/product_tag?post=5584300"}],"curies":[{"name":"wp","href":"https:\/\/api.w.org\/{rel}","templated":true}]}}