{"id":5584301,"date":"2026-01-31T15:41:46","date_gmt":"2026-01-31T14:41:46","guid":{"rendered":"https:\/\/stoic-curie.212-227-153-4.plesk.page\/product\/altifalantes-premium-esportivos-clarion-cmsp-651-rgb\/"},"modified":"2026-02-25T00:28:46","modified_gmt":"2026-02-25T00:28:46","slug":"altifalantes-premium-esportivos-clarion-cmsp-651-rgb","status":"publish","type":"product","link":"https:\/\/stoic-curie.212-227-153-4.plesk.page\/pt\/product\/altifalantes-premium-esportivos-clarion-cmsp-651-rgb\/","title":{"rendered":"Altifalantes Premium Esportivos Clarion CMSP-651 RGB"},"content":{"rendered":"<p>Altifalantes Premium Esportivos Clarion CMSP-651 RGB &#8211; <\/p>\n<p>Par de altifalantes de dois canais Clarion CMSP-651 com ilumina\u00e7\u00e3o LED RGB. Esses altifalantes s\u00e3o constru\u00eddos com componentes de qualidade marinha, apresentando tweeters de c\u00fapula de seda e woofers de pol\u00edmero moldados por inje\u00e7\u00e3o com filtro passa-alto. O pacote inclui duas grades intercambi\u00e1veis nas cores branca e preta.<\/p>\n","protected":false},"excerpt":{"rendered":"<p>Altifalantes Premium Esportivos Clarion CMSP-651 RGB &#8211; Par de altifalantes de dois canais Clarion CMSP-651 com ilumina\u00e7\u00e3o LED RGB. Esses<\/p>\n","protected":false},"featured_media":5949360,"comment_status":"open","ping_status":"closed","template":"","meta":[],"product_brand":[3207],"product_cat":[2020],"product_tag":[],"class_list":{"0":"post-5584301","1":"product","2":"type-product","3":"status-publish","4":"has-post-thumbnail","6":"product_brand-nova-argonautica-pt","7":"product_cat-equipamento-de-som-e-colunas","9":"first","10":"instock","11":"shipping-taxable","12":"purchasable","13":"product-type-simple"},"_links":{"self":[{"href":"https:\/\/stoic-curie.212-227-153-4.plesk.page\/pt\/wp-json\/wp\/v2\/product\/5584301","targetHints":{"allow":["GET"]}}],"collection":[{"href":"https:\/\/stoic-curie.212-227-153-4.plesk.page\/pt\/wp-json\/wp\/v2\/product"}],"about":[{"href":"https:\/\/stoic-curie.212-227-153-4.plesk.page\/pt\/wp-json\/wp\/v2\/types\/product"}],"replies":[{"embeddable":true,"href":"https:\/\/stoic-curie.212-227-153-4.plesk.page\/pt\/wp-json\/wp\/v2\/comments?post=5584301"}],"version-history":[{"count":0,"href":"https:\/\/stoic-curie.212-227-153-4.plesk.page\/pt\/wp-json\/wp\/v2\/product\/5584301\/revisions"}],"wp:featuredmedia":[{"embeddable":true,"href":"https:\/\/stoic-curie.212-227-153-4.plesk.page\/pt\/wp-json\/wp\/v2\/media\/5949360"}],"wp:attachment":[{"href":"https:\/\/stoic-curie.212-227-153-4.plesk.page\/pt\/wp-json\/wp\/v2\/media?parent=5584301"}],"wp:term":[{"taxonomy":"product_brand","embeddable":true,"href":"https:\/\/stoic-curie.212-227-153-4.plesk.page\/pt\/wp-json\/wp\/v2\/product_brand?post=5584301"},{"taxonomy":"product_cat","embeddable":true,"href":"https:\/\/stoic-curie.212-227-153-4.plesk.page\/pt\/wp-json\/wp\/v2\/product_cat?post=5584301"},{"taxonomy":"product_tag","embeddable":true,"href":"https:\/\/stoic-curie.212-227-153-4.plesk.page\/pt\/wp-json\/wp\/v2\/product_tag?post=5584301"}],"curies":[{"name":"wp","href":"https:\/\/api.w.org\/{rel}","templated":true}]}}