{"id":5584304,"date":"2026-01-31T15:41:49","date_gmt":"2026-01-31T14:41:49","guid":{"rendered":"https:\/\/stoic-curie.212-227-153-4.plesk.page\/product\/jaqueta-musto-br1-midlayer-tamanho-s-azul-marinho\/"},"modified":"2026-02-25T00:28:59","modified_gmt":"2026-02-25T00:28:59","slug":"jaqueta-musto-br1-midlayer-tamanho-s-azul-marinho","status":"publish","type":"product","link":"https:\/\/stoic-curie.212-227-153-4.plesk.page\/pt\/product\/jaqueta-musto-br1-midlayer-tamanho-s-azul-marinho\/","title":{"rendered":"Jaqueta Musto BR1 Midlayer Tamanho S &#8211; Azul Marinho"},"content":{"rendered":"<p>Jaqueta Musto BR1 Midlayer Tamanho S &#8211; Azul Marinho &#8211; <\/p>\n<p>A jaqueta Musto \u00e9 projetada como uma camada intermedi\u00e1ria, com isolamento PrimaLoft\u00c2\u00ae RISE que fornece calor e liberdade de movimento. \u00c9 imperme\u00e1vel, gra\u00e7as \u00e0s costuras totalmente seladas, podendo ser usada sozinha em condi\u00e7\u00f5es amenas. A jaqueta possui capuz dobr\u00e1vel no colarinho, z\u00edper YKK\u00c2\u00ae VISLON\u00c2\u00ae, bolsos forrados com fleece e detalhes refletivos. Este produto \u00e9 certificado bluesign\u00c2\u00ae e feito com materiais reciclados. <a href='#'>Clique aqui para verificar o tamanho exato.<\/a><\/p>\n","protected":false},"excerpt":{"rendered":"<p>Jaqueta Musto BR1 Midlayer Tamanho S &#8211; Azul Marinho &#8211; A jaqueta Musto \u00e9 projetada como uma camada intermedi\u00e1ria, com<\/p>\n","protected":false},"featured_media":5949510,"comment_status":"open","ping_status":"closed","template":"","meta":[],"product_brand":[3157],"product_cat":[2141],"product_tag":[],"class_list":{"0":"post-5584304","1":"product","2":"type-product","3":"status-publish","4":"has-post-thumbnail","6":"product_brand-musto-pt","7":"product_cat-vestuario-de-vela-musto","9":"first","10":"instock","11":"shipping-taxable","12":"purchasable","13":"product-type-simple"},"_links":{"self":[{"href":"https:\/\/stoic-curie.212-227-153-4.plesk.page\/pt\/wp-json\/wp\/v2\/product\/5584304","targetHints":{"allow":["GET"]}}],"collection":[{"href":"https:\/\/stoic-curie.212-227-153-4.plesk.page\/pt\/wp-json\/wp\/v2\/product"}],"about":[{"href":"https:\/\/stoic-curie.212-227-153-4.plesk.page\/pt\/wp-json\/wp\/v2\/types\/product"}],"replies":[{"embeddable":true,"href":"https:\/\/stoic-curie.212-227-153-4.plesk.page\/pt\/wp-json\/wp\/v2\/comments?post=5584304"}],"version-history":[{"count":0,"href":"https:\/\/stoic-curie.212-227-153-4.plesk.page\/pt\/wp-json\/wp\/v2\/product\/5584304\/revisions"}],"wp:featuredmedia":[{"embeddable":true,"href":"https:\/\/stoic-curie.212-227-153-4.plesk.page\/pt\/wp-json\/wp\/v2\/media\/5949510"}],"wp:attachment":[{"href":"https:\/\/stoic-curie.212-227-153-4.plesk.page\/pt\/wp-json\/wp\/v2\/media?parent=5584304"}],"wp:term":[{"taxonomy":"product_brand","embeddable":true,"href":"https:\/\/stoic-curie.212-227-153-4.plesk.page\/pt\/wp-json\/wp\/v2\/product_brand?post=5584304"},{"taxonomy":"product_cat","embeddable":true,"href":"https:\/\/stoic-curie.212-227-153-4.plesk.page\/pt\/wp-json\/wp\/v2\/product_cat?post=5584304"},{"taxonomy":"product_tag","embeddable":true,"href":"https:\/\/stoic-curie.212-227-153-4.plesk.page\/pt\/wp-json\/wp\/v2\/product_tag?post=5584304"}],"curies":[{"name":"wp","href":"https:\/\/api.w.org\/{rel}","templated":true}]}}