{"id":5584307,"date":"2026-01-31T15:41:52","date_gmt":"2026-01-31T14:41:52","guid":{"rendered":"https:\/\/stoic-curie.212-227-153-4.plesk.page\/product\/jaqueta-midlayer-musto-br1-tamanho-xl-cor-azul-marinho\/"},"modified":"2026-02-25T00:28:59","modified_gmt":"2026-02-25T00:28:59","slug":"jaqueta-midlayer-musto-br1-tamanho-xl-cor-azul-marinho","status":"publish","type":"product","link":"https:\/\/stoic-curie.212-227-153-4.plesk.page\/pt\/product\/jaqueta-midlayer-musto-br1-tamanho-xl-cor-azul-marinho\/","title":{"rendered":"Jaqueta Midlayer Musto BR1 &#8211; Tamanho XL &#8211; Cor: Azul Marinho"},"content":{"rendered":"<p>Jaqueta Midlayer Musto BR1 &#8211; Tamanho XL &#8211; Cor: Azul Marinho &#8211; <\/p>\n<p>A jaqueta Musto \u00e9 projetada como uma midlayer, com isolamento PrimaLoft\u00ae RISE, proporcionando calor e liberdade de movimento. \u00c9 imperme\u00e1vel devido \u00e0s costuras totalmente coladas, podendo ser usada sozinha em condi\u00e7\u00f5es amenas. A jaqueta conta com um capuz dobr\u00e1vel integrado ao colarinho, z\u00edper YKK\u00ae VISLON\u00ae, bolsos forrados com fleece e detalhes refletivos. Este produto \u00e9 certificado bluesign\u00ae e feito com materiais reciclados.<br \/>Clique aqui para verificar o tamanho exato:<\/p>\n","protected":false},"excerpt":{"rendered":"<p>Jaqueta Midlayer Musto BR1 &#8211; Tamanho XL &#8211; Cor: Azul Marinho &#8211; A jaqueta Musto \u00e9 projetada como uma midlayer,<\/p>\n","protected":false},"featured_media":5949510,"comment_status":"open","ping_status":"closed","template":"","meta":[],"product_brand":[3157],"product_cat":[2141],"product_tag":[],"class_list":{"0":"post-5584307","1":"product","2":"type-product","3":"status-publish","4":"has-post-thumbnail","6":"product_brand-musto-pt","7":"product_cat-vestuario-de-vela-musto","9":"first","10":"instock","11":"shipping-taxable","12":"purchasable","13":"product-type-simple"},"_links":{"self":[{"href":"https:\/\/stoic-curie.212-227-153-4.plesk.page\/pt\/wp-json\/wp\/v2\/product\/5584307","targetHints":{"allow":["GET"]}}],"collection":[{"href":"https:\/\/stoic-curie.212-227-153-4.plesk.page\/pt\/wp-json\/wp\/v2\/product"}],"about":[{"href":"https:\/\/stoic-curie.212-227-153-4.plesk.page\/pt\/wp-json\/wp\/v2\/types\/product"}],"replies":[{"embeddable":true,"href":"https:\/\/stoic-curie.212-227-153-4.plesk.page\/pt\/wp-json\/wp\/v2\/comments?post=5584307"}],"version-history":[{"count":0,"href":"https:\/\/stoic-curie.212-227-153-4.plesk.page\/pt\/wp-json\/wp\/v2\/product\/5584307\/revisions"}],"wp:featuredmedia":[{"embeddable":true,"href":"https:\/\/stoic-curie.212-227-153-4.plesk.page\/pt\/wp-json\/wp\/v2\/media\/5949510"}],"wp:attachment":[{"href":"https:\/\/stoic-curie.212-227-153-4.plesk.page\/pt\/wp-json\/wp\/v2\/media?parent=5584307"}],"wp:term":[{"taxonomy":"product_brand","embeddable":true,"href":"https:\/\/stoic-curie.212-227-153-4.plesk.page\/pt\/wp-json\/wp\/v2\/product_brand?post=5584307"},{"taxonomy":"product_cat","embeddable":true,"href":"https:\/\/stoic-curie.212-227-153-4.plesk.page\/pt\/wp-json\/wp\/v2\/product_cat?post=5584307"},{"taxonomy":"product_tag","embeddable":true,"href":"https:\/\/stoic-curie.212-227-153-4.plesk.page\/pt\/wp-json\/wp\/v2\/product_tag?post=5584307"}],"curies":[{"name":"wp","href":"https:\/\/api.w.org\/{rel}","templated":true}]}}