{"id":5584312,"date":"2026-01-31T15:41:57","date_gmt":"2026-01-31T14:41:57","guid":{"rendered":"https:\/\/stoic-curie.212-227-153-4.plesk.page\/product\/helly-hansen-pier-bib-4-0-tamanho-xl-azul-marinho\/"},"modified":"2026-02-25T00:28:59","modified_gmt":"2026-02-25T00:28:59","slug":"helly-hansen-pier-bib-4-0-tamanho-xl-azul-marinho","status":"publish","type":"product","link":"https:\/\/stoic-curie.212-227-153-4.plesk.page\/pt\/product\/helly-hansen-pier-bib-4-0-tamanho-xl-azul-marinho\/","title":{"rendered":"Helly Hansen Pier Bib 4.0 Tamanho XL &#8211; Azul Marinho"},"content":{"rendered":"<p>Helly Hansen Pier Bib 4.0 Tamanho XL &#8211; Azul Marinho &#8211; <\/p>\n<p>O Helly Hansen Pier Bib 4.0 \u00e9 ideal para qualquer atividade costeira ou de navega\u00e7\u00e3o. Apresenta uma constru\u00e7\u00e3o de 2 camadas HellyTech Performance com tratamento DWR (Durable Water Repellency) livre de PFC. Este canvas \u00e9 imperme\u00e1vel, \u00e0 prova de vento e respir\u00e1vel, projetado com costuras totalmente seladas, forro de malha de secagem r\u00e1pida e refor\u00e7os no assento e joelhos. A parte alta inclui tiras ajust\u00e1veis, e a cintura tamb\u00e9m \u00e9 ajust\u00e1vel. Possui um z\u00edper frontal de duas vias YKK\u00ae, um bolso cargo, aberturas de pernas ajust\u00e1veis e \u00e1reas articulares para assento e joelhos. Cumpre as normas reflexivas SOLAS. <br \/> Clique aqui para verificar o tamanho exato:<\/p>\n","protected":false},"excerpt":{"rendered":"<p>Helly Hansen Pier Bib 4.0 Tamanho XL &#8211; Azul Marinho &#8211; O Helly Hansen Pier Bib 4.0 \u00e9 ideal para<\/p>\n","protected":false},"featured_media":5949532,"comment_status":"open","ping_status":"closed","template":"","meta":[],"product_brand":[3002],"product_cat":[2144],"product_tag":[],"class_list":{"0":"post-5584312","1":"product","2":"type-product","3":"status-publish","4":"has-post-thumbnail","6":"product_brand-helly-hansen-pt","7":"product_cat-vestuario-helly-hansen","9":"first","10":"instock","11":"shipping-taxable","12":"purchasable","13":"product-type-simple"},"_links":{"self":[{"href":"https:\/\/stoic-curie.212-227-153-4.plesk.page\/pt\/wp-json\/wp\/v2\/product\/5584312","targetHints":{"allow":["GET"]}}],"collection":[{"href":"https:\/\/stoic-curie.212-227-153-4.plesk.page\/pt\/wp-json\/wp\/v2\/product"}],"about":[{"href":"https:\/\/stoic-curie.212-227-153-4.plesk.page\/pt\/wp-json\/wp\/v2\/types\/product"}],"replies":[{"embeddable":true,"href":"https:\/\/stoic-curie.212-227-153-4.plesk.page\/pt\/wp-json\/wp\/v2\/comments?post=5584312"}],"version-history":[{"count":0,"href":"https:\/\/stoic-curie.212-227-153-4.plesk.page\/pt\/wp-json\/wp\/v2\/product\/5584312\/revisions"}],"wp:featuredmedia":[{"embeddable":true,"href":"https:\/\/stoic-curie.212-227-153-4.plesk.page\/pt\/wp-json\/wp\/v2\/media\/5949532"}],"wp:attachment":[{"href":"https:\/\/stoic-curie.212-227-153-4.plesk.page\/pt\/wp-json\/wp\/v2\/media?parent=5584312"}],"wp:term":[{"taxonomy":"product_brand","embeddable":true,"href":"https:\/\/stoic-curie.212-227-153-4.plesk.page\/pt\/wp-json\/wp\/v2\/product_brand?post=5584312"},{"taxonomy":"product_cat","embeddable":true,"href":"https:\/\/stoic-curie.212-227-153-4.plesk.page\/pt\/wp-json\/wp\/v2\/product_cat?post=5584312"},{"taxonomy":"product_tag","embeddable":true,"href":"https:\/\/stoic-curie.212-227-153-4.plesk.page\/pt\/wp-json\/wp\/v2\/product_tag?post=5584312"}],"curies":[{"name":"wp","href":"https:\/\/api.w.org\/{rel}","templated":true}]}}