{"id":5584313,"date":"2026-01-31T15:41:58","date_gmt":"2026-01-31T14:41:58","guid":{"rendered":"https:\/\/stoic-curie.212-227-153-4.plesk.page\/product\/helly-hansen-pier-bib-4-0-tamanho-2xl-azul-marinho\/"},"modified":"2026-02-25T00:28:59","modified_gmt":"2026-02-25T00:28:59","slug":"helly-hansen-pier-bib-4-0-tamanho-2xl-azul-marinho","status":"publish","type":"product","link":"https:\/\/stoic-curie.212-227-153-4.plesk.page\/pt\/product\/helly-hansen-pier-bib-4-0-tamanho-2xl-azul-marinho\/","title":{"rendered":"Helly Hansen Pier Bib 4.0 &#8211; Tamanho 2XL &#8211; Azul Marinho"},"content":{"rendered":"<p>Helly Hansen Pier Bib 4.0 &#8211; Tamanho 2XL &#8211; Azul Marinho &#8211; <\/p>\n<p>O Helly Hansen Pier Bib 4.0 \u00e9 ideal para todas as suas atividades costeiras e de navega\u00e7\u00e3o. Apresenta um desempenho inovador HellyTech com uma constru\u00e7\u00e3o de 2 camadas e repel\u00eancia \u00e0 \u00e1gua dur\u00e1vel (DWR) livre de PFC, proporcionando uma experi\u00eancia imperme\u00e1vel, \u00e0 prova de vento e respir\u00e1vel. A salopete inclui costuras totalmente seladas, um forro em malha de secagem r\u00e1pida, refor\u00e7os no assento e nos joelhos, uma parte posterior alta com al\u00e7as ajust\u00e1veis, uma cintura ajust\u00e1vel, um fecho frontal de duas vias YKK\u00ae, um bolso cargo, aberturas de pernas ajust\u00e1veis e um assento e joelhos articulados com detalhes refletivos em conformidade com SOLAS.<\/p>\n","protected":false},"excerpt":{"rendered":"<p>Helly Hansen Pier Bib 4.0 &#8211; Tamanho 2XL &#8211; Azul Marinho &#8211; O Helly Hansen Pier Bib 4.0 \u00e9 ideal<\/p>\n","protected":false},"featured_media":5949532,"comment_status":"open","ping_status":"closed","template":"","meta":[],"product_brand":[3002],"product_cat":[2144],"product_tag":[],"class_list":{"0":"post-5584313","1":"product","2":"type-product","3":"status-publish","4":"has-post-thumbnail","6":"product_brand-helly-hansen-pt","7":"product_cat-vestuario-helly-hansen","9":"first","10":"instock","11":"shipping-taxable","12":"purchasable","13":"product-type-simple"},"_links":{"self":[{"href":"https:\/\/stoic-curie.212-227-153-4.plesk.page\/pt\/wp-json\/wp\/v2\/product\/5584313","targetHints":{"allow":["GET"]}}],"collection":[{"href":"https:\/\/stoic-curie.212-227-153-4.plesk.page\/pt\/wp-json\/wp\/v2\/product"}],"about":[{"href":"https:\/\/stoic-curie.212-227-153-4.plesk.page\/pt\/wp-json\/wp\/v2\/types\/product"}],"replies":[{"embeddable":true,"href":"https:\/\/stoic-curie.212-227-153-4.plesk.page\/pt\/wp-json\/wp\/v2\/comments?post=5584313"}],"version-history":[{"count":0,"href":"https:\/\/stoic-curie.212-227-153-4.plesk.page\/pt\/wp-json\/wp\/v2\/product\/5584313\/revisions"}],"wp:featuredmedia":[{"embeddable":true,"href":"https:\/\/stoic-curie.212-227-153-4.plesk.page\/pt\/wp-json\/wp\/v2\/media\/5949532"}],"wp:attachment":[{"href":"https:\/\/stoic-curie.212-227-153-4.plesk.page\/pt\/wp-json\/wp\/v2\/media?parent=5584313"}],"wp:term":[{"taxonomy":"product_brand","embeddable":true,"href":"https:\/\/stoic-curie.212-227-153-4.plesk.page\/pt\/wp-json\/wp\/v2\/product_brand?post=5584313"},{"taxonomy":"product_cat","embeddable":true,"href":"https:\/\/stoic-curie.212-227-153-4.plesk.page\/pt\/wp-json\/wp\/v2\/product_cat?post=5584313"},{"taxonomy":"product_tag","embeddable":true,"href":"https:\/\/stoic-curie.212-227-153-4.plesk.page\/pt\/wp-json\/wp\/v2\/product_tag?post=5584313"}],"curies":[{"name":"wp","href":"https:\/\/api.w.org\/{rel}","templated":true}]}}