{"id":5584314,"date":"2026-01-31T15:41:59","date_gmt":"2026-01-31T14:41:59","guid":{"rendered":"https:\/\/stoic-curie.212-227-153-4.plesk.page\/product\/hh-pier-bib-4-0-tamanho-s-cinza-ebano\/"},"modified":"2026-02-25T00:28:59","modified_gmt":"2026-02-25T00:28:59","slug":"hh-pier-bib-4-0-tamanho-s-cinza-ebano","status":"publish","type":"product","link":"https:\/\/stoic-curie.212-227-153-4.plesk.page\/pt\/product\/hh-pier-bib-4-0-tamanho-s-cinza-ebano\/","title":{"rendered":"Hh Pier Bib 4.0 Tamanho S &#8211; Cinza \u00c9bano"},"content":{"rendered":"<p>Hh Pier Bib 4.0 Tamanho S &#8211; Cinza \u00c9bano &#8211; <\/p>\n<p>O Helly Hansen Pier Bib 4.0 \u00e9 ideal para qualquer atividade costeira ou n\u00e1utica. Ele apresenta constru\u00e7\u00e3o em 2 camadas HellyTech Performance, \u00e9 livre de PFC e possui tratamento Durable Water Repellency (DWR) para ser \u00e0 prova d&#8217;\u00e1gua, resistente ao vento e respir\u00e1vel. Com costuras totalmente seladas, forro em malha de secagem r\u00e1pida, refor\u00e7os no assento e nos joelhos, costas altas com al\u00e7as ajust\u00e1veis, cintura ajust\u00e1vel, z\u00edper frontal de duas vias YKK\u00c2\u00ae, bolso cargo, aberturas de perna ajust\u00e1veis e assento e joelhos articulados, tamb\u00e9m inclui elementos refletivos que atendem aos padr\u00f5es Solas.<\/p>\n","protected":false},"excerpt":{"rendered":"<p>Hh Pier Bib 4.0 Tamanho S &#8211; Cinza \u00c9bano &#8211; O Helly Hansen Pier Bib 4.0 \u00e9 ideal para qualquer<\/p>\n","protected":false},"featured_media":5949532,"comment_status":"open","ping_status":"closed","template":"","meta":[],"product_brand":[3002],"product_cat":[2144],"product_tag":[],"class_list":{"0":"post-5584314","1":"product","2":"type-product","3":"status-publish","4":"has-post-thumbnail","6":"product_brand-helly-hansen-pt","7":"product_cat-vestuario-helly-hansen","9":"first","10":"instock","11":"shipping-taxable","12":"purchasable","13":"product-type-simple"},"_links":{"self":[{"href":"https:\/\/stoic-curie.212-227-153-4.plesk.page\/pt\/wp-json\/wp\/v2\/product\/5584314","targetHints":{"allow":["GET"]}}],"collection":[{"href":"https:\/\/stoic-curie.212-227-153-4.plesk.page\/pt\/wp-json\/wp\/v2\/product"}],"about":[{"href":"https:\/\/stoic-curie.212-227-153-4.plesk.page\/pt\/wp-json\/wp\/v2\/types\/product"}],"replies":[{"embeddable":true,"href":"https:\/\/stoic-curie.212-227-153-4.plesk.page\/pt\/wp-json\/wp\/v2\/comments?post=5584314"}],"version-history":[{"count":0,"href":"https:\/\/stoic-curie.212-227-153-4.plesk.page\/pt\/wp-json\/wp\/v2\/product\/5584314\/revisions"}],"wp:featuredmedia":[{"embeddable":true,"href":"https:\/\/stoic-curie.212-227-153-4.plesk.page\/pt\/wp-json\/wp\/v2\/media\/5949532"}],"wp:attachment":[{"href":"https:\/\/stoic-curie.212-227-153-4.plesk.page\/pt\/wp-json\/wp\/v2\/media?parent=5584314"}],"wp:term":[{"taxonomy":"product_brand","embeddable":true,"href":"https:\/\/stoic-curie.212-227-153-4.plesk.page\/pt\/wp-json\/wp\/v2\/product_brand?post=5584314"},{"taxonomy":"product_cat","embeddable":true,"href":"https:\/\/stoic-curie.212-227-153-4.plesk.page\/pt\/wp-json\/wp\/v2\/product_cat?post=5584314"},{"taxonomy":"product_tag","embeddable":true,"href":"https:\/\/stoic-curie.212-227-153-4.plesk.page\/pt\/wp-json\/wp\/v2\/product_tag?post=5584314"}],"curies":[{"name":"wp","href":"https:\/\/api.w.org\/{rel}","templated":true}]}}