{"id":5584316,"date":"2026-01-31T15:42:01","date_gmt":"2026-01-31T14:42:01","guid":{"rendered":"https:\/\/stoic-curie.212-227-153-4.plesk.page\/product\/helly-hansen-pier-bib-4-0-tamanho-l-cinza-ebano\/"},"modified":"2026-02-25T00:28:59","modified_gmt":"2026-02-25T00:28:59","slug":"helly-hansen-pier-bib-4-0-tamanho-l-cinza-ebano","status":"publish","type":"product","link":"https:\/\/stoic-curie.212-227-153-4.plesk.page\/pt\/product\/helly-hansen-pier-bib-4-0-tamanho-l-cinza-ebano\/","title":{"rendered":"Helly Hansen Pier Bib 4.0 Tamanho L &#8211; Cinza \u00c9bano"},"content":{"rendered":"<p>Helly Hansen Pier Bib 4.0 Tamanho L &#8211; Cinza \u00c9bano &#8211; <\/p>\n<p>O Helly Hansen Pier Bib 4.0 \u00e9 ideal para qualquer atividade costeira ou de navega\u00e7\u00e3o. Apresenta uma constru\u00e7\u00e3o em 2 camadas HellyTech Performance com repel\u00eancia \u00e0 \u00e1gua dur\u00e1vel (DWR) livre de PFC, garantindo que seja imperme\u00e1vel, \u00e0 prova de vento e respir\u00e1vel. Equipado com costuras completamente seladas, forro de malha de secagem r\u00e1pida, refor\u00e7os na \u00e1rea do assento e joelhos, parte de tr\u00e1s alta com al\u00e7as ajust\u00e1veis, cintura ajust\u00e1vel, z\u00edper frontal YKK\u00ae de duas vias, bolso cargo, aberturas de perna ajust\u00e1veis, e assento e joelhos articulados, al\u00e9m de refletores em conformidade com o Solas.<\/p>\n","protected":false},"excerpt":{"rendered":"<p>Helly Hansen Pier Bib 4.0 Tamanho L &#8211; Cinza \u00c9bano &#8211; O Helly Hansen Pier Bib 4.0 \u00e9 ideal para<\/p>\n","protected":false},"featured_media":5949532,"comment_status":"open","ping_status":"closed","template":"","meta":[],"product_brand":[3002],"product_cat":[2144],"product_tag":[],"class_list":{"0":"post-5584316","1":"product","2":"type-product","3":"status-publish","4":"has-post-thumbnail","6":"product_brand-helly-hansen-pt","7":"product_cat-vestuario-helly-hansen","9":"first","10":"instock","11":"shipping-taxable","12":"purchasable","13":"product-type-simple"},"_links":{"self":[{"href":"https:\/\/stoic-curie.212-227-153-4.plesk.page\/pt\/wp-json\/wp\/v2\/product\/5584316","targetHints":{"allow":["GET"]}}],"collection":[{"href":"https:\/\/stoic-curie.212-227-153-4.plesk.page\/pt\/wp-json\/wp\/v2\/product"}],"about":[{"href":"https:\/\/stoic-curie.212-227-153-4.plesk.page\/pt\/wp-json\/wp\/v2\/types\/product"}],"replies":[{"embeddable":true,"href":"https:\/\/stoic-curie.212-227-153-4.plesk.page\/pt\/wp-json\/wp\/v2\/comments?post=5584316"}],"version-history":[{"count":0,"href":"https:\/\/stoic-curie.212-227-153-4.plesk.page\/pt\/wp-json\/wp\/v2\/product\/5584316\/revisions"}],"wp:featuredmedia":[{"embeddable":true,"href":"https:\/\/stoic-curie.212-227-153-4.plesk.page\/pt\/wp-json\/wp\/v2\/media\/5949532"}],"wp:attachment":[{"href":"https:\/\/stoic-curie.212-227-153-4.plesk.page\/pt\/wp-json\/wp\/v2\/media?parent=5584316"}],"wp:term":[{"taxonomy":"product_brand","embeddable":true,"href":"https:\/\/stoic-curie.212-227-153-4.plesk.page\/pt\/wp-json\/wp\/v2\/product_brand?post=5584316"},{"taxonomy":"product_cat","embeddable":true,"href":"https:\/\/stoic-curie.212-227-153-4.plesk.page\/pt\/wp-json\/wp\/v2\/product_cat?post=5584316"},{"taxonomy":"product_tag","embeddable":true,"href":"https:\/\/stoic-curie.212-227-153-4.plesk.page\/pt\/wp-json\/wp\/v2\/product_tag?post=5584316"}],"curies":[{"name":"wp","href":"https:\/\/api.w.org\/{rel}","templated":true}]}}