{"id":5584326,"date":"2026-01-31T15:42:10","date_gmt":"2026-01-31T14:42:10","guid":{"rendered":"https:\/\/stoic-curie.212-227-153-4.plesk.page\/product\/suzuki-helice-de-aco-inoxidavel-solas-15-3-4-x-21-plus\/"},"modified":"2026-02-25T00:29:28","modified_gmt":"2026-02-25T00:29:28","slug":"suzuki-helice-de-aco-inoxidavel-solas-15-3-4-x-21-plus","status":"publish","type":"product","link":"https:\/\/stoic-curie.212-227-153-4.plesk.page\/pt\/product\/suzuki-helice-de-aco-inoxidavel-solas-15-3-4-x-21-plus\/","title":{"rendered":"Suzuki &#8211; H\u00e9lice de A\u00e7o Inoxid\u00e1vel Solas 15 3\/4 x 21 (Plus)"},"content":{"rendered":"<p>Suzuki &#8211; H\u00e9lice de A\u00e7o Inoxid\u00e1vel Solas 15 3\/4 x 21 (Plus) &#8211; <\/p>\n<p>H\u00e9lices de inox Solas para motores fora de borda. O excelente design e a alta qualidade de constru\u00e7\u00e3o permitem que as h\u00e9lices Solas substituam facilmente h\u00e9lices originais. Plus = Superf\u00edcie de l\u00e2mina aumentada h\u00e9lice L = H\u00e9lice de sentido anti-hor\u00e1rio (contr\u00e1rio ao sentido do rel\u00f3gio)<\/p>\n","protected":false},"excerpt":{"rendered":"<p>Suzuki &#8211; H\u00e9lice de A\u00e7o Inoxid\u00e1vel Solas 15 3\/4 x 21 (Plus) &#8211; H\u00e9lices de inox Solas para motores fora<\/p>\n","protected":false},"featured_media":5945752,"comment_status":"open","ping_status":"closed","template":"","meta":[],"product_brand":[3412],"product_cat":[2090,2119],"product_tag":[],"class_list":{"0":"post-5584326","1":"product","2":"type-product","3":"status-publish","4":"has-post-thumbnail","6":"product_brand-solas-pt","7":"product_cat-helices-para-motores-fora-de-bordo","8":"product_cat-pecas-para-motores-fora-de-borda-suzuki","10":"first","11":"instock","12":"shipping-taxable","13":"purchasable","14":"product-type-simple"},"_links":{"self":[{"href":"https:\/\/stoic-curie.212-227-153-4.plesk.page\/pt\/wp-json\/wp\/v2\/product\/5584326","targetHints":{"allow":["GET"]}}],"collection":[{"href":"https:\/\/stoic-curie.212-227-153-4.plesk.page\/pt\/wp-json\/wp\/v2\/product"}],"about":[{"href":"https:\/\/stoic-curie.212-227-153-4.plesk.page\/pt\/wp-json\/wp\/v2\/types\/product"}],"replies":[{"embeddable":true,"href":"https:\/\/stoic-curie.212-227-153-4.plesk.page\/pt\/wp-json\/wp\/v2\/comments?post=5584326"}],"version-history":[{"count":0,"href":"https:\/\/stoic-curie.212-227-153-4.plesk.page\/pt\/wp-json\/wp\/v2\/product\/5584326\/revisions"}],"wp:featuredmedia":[{"embeddable":true,"href":"https:\/\/stoic-curie.212-227-153-4.plesk.page\/pt\/wp-json\/wp\/v2\/media\/5945752"}],"wp:attachment":[{"href":"https:\/\/stoic-curie.212-227-153-4.plesk.page\/pt\/wp-json\/wp\/v2\/media?parent=5584326"}],"wp:term":[{"taxonomy":"product_brand","embeddable":true,"href":"https:\/\/stoic-curie.212-227-153-4.plesk.page\/pt\/wp-json\/wp\/v2\/product_brand?post=5584326"},{"taxonomy":"product_cat","embeddable":true,"href":"https:\/\/stoic-curie.212-227-153-4.plesk.page\/pt\/wp-json\/wp\/v2\/product_cat?post=5584326"},{"taxonomy":"product_tag","embeddable":true,"href":"https:\/\/stoic-curie.212-227-153-4.plesk.page\/pt\/wp-json\/wp\/v2\/product_tag?post=5584326"}],"curies":[{"name":"wp","href":"https:\/\/api.w.org\/{rel}","templated":true}]}}