{"id":5636266,"date":"2026-02-02T07:35:52","date_gmt":"2026-02-02T06:35:52","guid":{"rendered":"https:\/\/stoic-curie.212-227-153-4.plesk.page\/product\/bombas-eletronicas-de-pressao-de-agua-doce-marco-ref-up2-e\/"},"modified":"2026-02-25T00:28:40","modified_gmt":"2026-02-25T00:28:40","slug":"bombas-eletronicas-de-pressao-de-agua-doce-marco-ref-up2-e","status":"publish","type":"product","link":"https:\/\/stoic-curie.212-227-153-4.plesk.page\/pt\/product\/bombas-eletronicas-de-pressao-de-agua-doce-marco-ref-up2-e\/","title":{"rendered":"Bombas Eletr\u00f3nicas de Press\u00e3o de \u00c1gua Doce Marco REF UP2\/E"},"content":{"rendered":"<p>Bombas Eletr\u00f3nicas de Press\u00e3o de \u00c1gua Doce Marco REF UP2\/E &#8211; <\/p>\n<p>As bombas eletr\u00f3nicas de controlo de press\u00e3o de \u00e1gua doce da Marco oferecem at\u00e9 1,5 m para aplica\u00e7\u00f5es de \u00e1gua doce e salgada. Estas bombas est\u00e3o equipadas com uma v\u00e1lvula de reten\u00e7\u00e3o, garantindo um funcionamento eficiente. A eletr\u00f3nica para automaticamente a bomba na aus\u00eancia de l\u00edquido, otimizando o consumo de energia. Monitorizam constantemente a press\u00e3o sem a necessidade de tanques de expans\u00e3o, resultando em menor desgaste dos componentes e uma vida \u00fatil mais longa do sistema.<\/p>\n","protected":false},"excerpt":{"rendered":"<p>Bombas Eletr\u00f3nicas de Press\u00e3o de \u00c1gua Doce Marco REF UP2\/E &#8211; As bombas eletr\u00f3nicas de controlo de press\u00e3o de \u00e1gua<\/p>\n","protected":false},"featured_media":5945417,"comment_status":"open","ping_status":"closed","template":"","meta":[],"product_brand":[3097],"product_cat":[1947],"product_tag":[],"class_list":{"0":"post-5636266","1":"product","2":"type-product","3":"status-publish","4":"has-post-thumbnail","6":"product_brand-marco-pt","7":"product_cat-bombas-de-pressao-de-agua","9":"first","10":"instock","11":"shipping-taxable","12":"purchasable","13":"product-type-simple"},"_links":{"self":[{"href":"https:\/\/stoic-curie.212-227-153-4.plesk.page\/pt\/wp-json\/wp\/v2\/product\/5636266","targetHints":{"allow":["GET"]}}],"collection":[{"href":"https:\/\/stoic-curie.212-227-153-4.plesk.page\/pt\/wp-json\/wp\/v2\/product"}],"about":[{"href":"https:\/\/stoic-curie.212-227-153-4.plesk.page\/pt\/wp-json\/wp\/v2\/types\/product"}],"replies":[{"embeddable":true,"href":"https:\/\/stoic-curie.212-227-153-4.plesk.page\/pt\/wp-json\/wp\/v2\/comments?post=5636266"}],"version-history":[{"count":0,"href":"https:\/\/stoic-curie.212-227-153-4.plesk.page\/pt\/wp-json\/wp\/v2\/product\/5636266\/revisions"}],"wp:featuredmedia":[{"embeddable":true,"href":"https:\/\/stoic-curie.212-227-153-4.plesk.page\/pt\/wp-json\/wp\/v2\/media\/5945417"}],"wp:attachment":[{"href":"https:\/\/stoic-curie.212-227-153-4.plesk.page\/pt\/wp-json\/wp\/v2\/media?parent=5636266"}],"wp:term":[{"taxonomy":"product_brand","embeddable":true,"href":"https:\/\/stoic-curie.212-227-153-4.plesk.page\/pt\/wp-json\/wp\/v2\/product_brand?post=5636266"},{"taxonomy":"product_cat","embeddable":true,"href":"https:\/\/stoic-curie.212-227-153-4.plesk.page\/pt\/wp-json\/wp\/v2\/product_cat?post=5636266"},{"taxonomy":"product_tag","embeddable":true,"href":"https:\/\/stoic-curie.212-227-153-4.plesk.page\/pt\/wp-json\/wp\/v2\/product_tag?post=5636266"}],"curies":[{"name":"wp","href":"https:\/\/api.w.org\/{rel}","templated":true}]}}