{"id":5636267,"date":"2026-02-02T07:35:53","date_gmt":"2026-02-02T06:35:53","guid":{"rendered":"https:\/\/stoic-curie.212-227-153-4.plesk.page\/product\/compasso-mini-contest-plastimo-preto\/"},"modified":"2026-02-25T00:28:40","modified_gmt":"2026-02-25T00:28:40","slug":"compasso-mini-contest-plastimo-preto","status":"publish","type":"product","link":"https:\/\/stoic-curie.212-227-153-4.plesk.page\/pt\/product\/compasso-mini-contest-plastimo-preto\/","title":{"rendered":"Compasso Mini Contest Plastimo &#8211; Preto"},"content":{"rendered":"<p>Compasso Mini Contest Plastimo &#8211; Preto &#8211; <\/p>\n<p>O Compasso Mini Contest Plastimo \u00e9 projetado para montagem embutida em bulkheads verticais.  <br \/>\u2022 Di\u00e2metro do cart\u00e3o: 81 mm  <br \/>\u2022 Cart\u00e3o vermelho com grada\u00e7\u00f5es brancas a cada 5\u00b0  <br \/>\u2022 Ideal para veleiros de at\u00e9 9 metros de comprimento  <br \/>\u2022 Fornecido com clin\u00f4metro e capa protetora  <br \/>\u2022 Equipado com ilumina\u00e7\u00e3o LED padr\u00e3o para 12\/24 V (evite cortar os fios para n\u00e3o danificar o LED).<\/p>\n","protected":false},"excerpt":{"rendered":"<p>Compasso Mini Contest Plastimo &#8211; Preto &#8211; O Compasso Mini Contest Plastimo \u00e9 projetado para montagem embutida em bulkheads verticais.<\/p>\n","protected":false},"featured_media":5634599,"comment_status":"open","ping_status":"closed","template":"","meta":[],"product_brand":[3207],"product_cat":[2067],"product_tag":[],"class_list":{"0":"post-5636267","1":"product","2":"type-product","3":"status-publish","4":"has-post-thumbnail","6":"product_brand-nova-argonautica-pt","7":"product_cat-bussola-de-navegacao","9":"first","10":"instock","11":"shipping-taxable","12":"purchasable","13":"product-type-simple"},"_links":{"self":[{"href":"https:\/\/stoic-curie.212-227-153-4.plesk.page\/pt\/wp-json\/wp\/v2\/product\/5636267","targetHints":{"allow":["GET"]}}],"collection":[{"href":"https:\/\/stoic-curie.212-227-153-4.plesk.page\/pt\/wp-json\/wp\/v2\/product"}],"about":[{"href":"https:\/\/stoic-curie.212-227-153-4.plesk.page\/pt\/wp-json\/wp\/v2\/types\/product"}],"replies":[{"embeddable":true,"href":"https:\/\/stoic-curie.212-227-153-4.plesk.page\/pt\/wp-json\/wp\/v2\/comments?post=5636267"}],"version-history":[{"count":0,"href":"https:\/\/stoic-curie.212-227-153-4.plesk.page\/pt\/wp-json\/wp\/v2\/product\/5636267\/revisions"}],"wp:featuredmedia":[{"embeddable":true,"href":"https:\/\/stoic-curie.212-227-153-4.plesk.page\/pt\/wp-json\/wp\/v2\/media\/5634599"}],"wp:attachment":[{"href":"https:\/\/stoic-curie.212-227-153-4.plesk.page\/pt\/wp-json\/wp\/v2\/media?parent=5636267"}],"wp:term":[{"taxonomy":"product_brand","embeddable":true,"href":"https:\/\/stoic-curie.212-227-153-4.plesk.page\/pt\/wp-json\/wp\/v2\/product_brand?post=5636267"},{"taxonomy":"product_cat","embeddable":true,"href":"https:\/\/stoic-curie.212-227-153-4.plesk.page\/pt\/wp-json\/wp\/v2\/product_cat?post=5636267"},{"taxonomy":"product_tag","embeddable":true,"href":"https:\/\/stoic-curie.212-227-153-4.plesk.page\/pt\/wp-json\/wp\/v2\/product_tag?post=5636267"}],"curies":[{"name":"wp","href":"https:\/\/api.w.org\/{rel}","templated":true}]}}