{"id":5636270,"date":"2026-02-02T07:35:57","date_gmt":"2026-02-02T06:35:57","guid":{"rendered":"https:\/\/stoic-curie.212-227-153-4.plesk.page\/product\/compasso-plastimo-contest-101-branco\/"},"modified":"2026-02-25T00:28:40","modified_gmt":"2026-02-25T00:28:40","slug":"compasso-plastimo-contest-101-branco","status":"publish","type":"product","link":"https:\/\/stoic-curie.212-227-153-4.plesk.page\/pt\/product\/compasso-plastimo-contest-101-branco\/","title":{"rendered":"Compasso Plastimo Contest 101 &#8211; Branco"},"content":{"rendered":"<p>Compasso Plastimo Contest 101 &#8211; Branco &#8211; <\/p>\n<p>O Compasso Plastimo Contest 101 \u00e9 projetado para montagem embutida em um bulkhead vertical.<br \/>\u2022 Di\u00e2metro do cart\u00e3o: 100 mm<br \/>\u2022 Cart\u00e3o vermelho com grada\u00e7\u00f5es brancas a cada 5\u00b0<br \/>\u2022 Ideal para veleiros com mais de 9 metros de comprimento<br \/>\u2022 Fornecido com clin\u00f4metro e tampa<br \/>\u2022 Equipado com ilumina\u00e7\u00e3o LED padr\u00e3o (12\/24 V) &#8211; n\u00e3o corte os fios para evitar danos ao LED.<\/p>\n","protected":false},"excerpt":{"rendered":"<p>Compasso Plastimo Contest 101 &#8211; Branco &#8211; O Compasso Plastimo Contest 101 \u00e9 projetado para montagem embutida em um bulkhead<\/p>\n","protected":false},"featured_media":5634609,"comment_status":"open","ping_status":"closed","template":"","meta":[],"product_brand":[3207],"product_cat":[2067],"product_tag":[],"class_list":{"0":"post-5636270","1":"product","2":"type-product","3":"status-publish","4":"has-post-thumbnail","6":"product_brand-nova-argonautica-pt","7":"product_cat-bussola-de-navegacao","9":"first","10":"instock","11":"shipping-taxable","12":"purchasable","13":"product-type-simple"},"_links":{"self":[{"href":"https:\/\/stoic-curie.212-227-153-4.plesk.page\/pt\/wp-json\/wp\/v2\/product\/5636270","targetHints":{"allow":["GET"]}}],"collection":[{"href":"https:\/\/stoic-curie.212-227-153-4.plesk.page\/pt\/wp-json\/wp\/v2\/product"}],"about":[{"href":"https:\/\/stoic-curie.212-227-153-4.plesk.page\/pt\/wp-json\/wp\/v2\/types\/product"}],"replies":[{"embeddable":true,"href":"https:\/\/stoic-curie.212-227-153-4.plesk.page\/pt\/wp-json\/wp\/v2\/comments?post=5636270"}],"version-history":[{"count":0,"href":"https:\/\/stoic-curie.212-227-153-4.plesk.page\/pt\/wp-json\/wp\/v2\/product\/5636270\/revisions"}],"wp:featuredmedia":[{"embeddable":true,"href":"https:\/\/stoic-curie.212-227-153-4.plesk.page\/pt\/wp-json\/wp\/v2\/media\/5634609"}],"wp:attachment":[{"href":"https:\/\/stoic-curie.212-227-153-4.plesk.page\/pt\/wp-json\/wp\/v2\/media?parent=5636270"}],"wp:term":[{"taxonomy":"product_brand","embeddable":true,"href":"https:\/\/stoic-curie.212-227-153-4.plesk.page\/pt\/wp-json\/wp\/v2\/product_brand?post=5636270"},{"taxonomy":"product_cat","embeddable":true,"href":"https:\/\/stoic-curie.212-227-153-4.plesk.page\/pt\/wp-json\/wp\/v2\/product_cat?post=5636270"},{"taxonomy":"product_tag","embeddable":true,"href":"https:\/\/stoic-curie.212-227-153-4.plesk.page\/pt\/wp-json\/wp\/v2\/product_tag?post=5636270"}],"curies":[{"name":"wp","href":"https:\/\/api.w.org\/{rel}","templated":true}]}}