{"id":5636272,"date":"2026-02-02T07:35:59","date_gmt":"2026-02-02T06:35:59","guid":{"rendered":"https:\/\/stoic-curie.212-227-153-4.plesk.page\/product\/alternador-original-para-motores-mercury-mercruiser-892940t-892940t01-892940t02\/"},"modified":"2026-02-25T00:29:03","modified_gmt":"2026-02-25T00:29:03","slug":"alternador-original-para-motores-mercury-mercruiser-892940t-892940t01-892940t02","status":"publish","type":"product","link":"https:\/\/stoic-curie.212-227-153-4.plesk.page\/pt\/product\/alternador-original-para-motores-mercury-mercruiser-892940t-892940t01-892940t02\/","title":{"rendered":"Alternador Original para Motores Mercury\/Mercruiser 892940T\/892940T01\/892940T02"},"content":{"rendered":"<p>Alternador Original para Motores Mercury\/Mercruiser 892940T\/892940T01\/892940T02 &#8211; <\/p>\n<p>Alternador original Mercury\/Mercruiser para motores a gasolina. Pe\u00e7as de reposi\u00e7\u00e3o compat\u00edveis.<\/p>\n","protected":false},"excerpt":{"rendered":"<p>Alternador Original para Motores Mercury\/Mercruiser 892940T\/892940T01\/892940T02 &#8211; Alternador original Mercury\/Mercruiser para motores a gasolina. Pe\u00e7as de reposi\u00e7\u00e3o compat\u00edveis.<\/p>\n","protected":false},"featured_media":5946937,"comment_status":"open","ping_status":"closed","template":"","meta":[],"product_brand":[3287],"product_cat":[2102,2117],"product_tag":[],"class_list":{"0":"post-5636272","1":"product","2":"type-product","3":"status-publish","4":"has-post-thumbnail","6":"product_brand-quicksilver-pt","7":"product_cat-pecas-para-motores-fora-de-bordo-mercury-e-mariner","8":"product_cat-pecas-para-motores-mercruiser","10":"first","11":"instock","12":"shipping-taxable","13":"purchasable","14":"product-type-simple"},"_links":{"self":[{"href":"https:\/\/stoic-curie.212-227-153-4.plesk.page\/pt\/wp-json\/wp\/v2\/product\/5636272","targetHints":{"allow":["GET"]}}],"collection":[{"href":"https:\/\/stoic-curie.212-227-153-4.plesk.page\/pt\/wp-json\/wp\/v2\/product"}],"about":[{"href":"https:\/\/stoic-curie.212-227-153-4.plesk.page\/pt\/wp-json\/wp\/v2\/types\/product"}],"replies":[{"embeddable":true,"href":"https:\/\/stoic-curie.212-227-153-4.plesk.page\/pt\/wp-json\/wp\/v2\/comments?post=5636272"}],"version-history":[{"count":0,"href":"https:\/\/stoic-curie.212-227-153-4.plesk.page\/pt\/wp-json\/wp\/v2\/product\/5636272\/revisions"}],"wp:featuredmedia":[{"embeddable":true,"href":"https:\/\/stoic-curie.212-227-153-4.plesk.page\/pt\/wp-json\/wp\/v2\/media\/5946937"}],"wp:attachment":[{"href":"https:\/\/stoic-curie.212-227-153-4.plesk.page\/pt\/wp-json\/wp\/v2\/media?parent=5636272"}],"wp:term":[{"taxonomy":"product_brand","embeddable":true,"href":"https:\/\/stoic-curie.212-227-153-4.plesk.page\/pt\/wp-json\/wp\/v2\/product_brand?post=5636272"},{"taxonomy":"product_cat","embeddable":true,"href":"https:\/\/stoic-curie.212-227-153-4.plesk.page\/pt\/wp-json\/wp\/v2\/product_cat?post=5636272"},{"taxonomy":"product_tag","embeddable":true,"href":"https:\/\/stoic-curie.212-227-153-4.plesk.page\/pt\/wp-json\/wp\/v2\/product_tag?post=5636272"}],"curies":[{"name":"wp","href":"https:\/\/api.w.org\/{rel}","templated":true}]}}