{"id":5636275,"date":"2026-02-02T07:36:02","date_gmt":"2026-02-02T06:36:02","guid":{"rendered":"https:\/\/stoic-curie.212-227-153-4.plesk.page\/product\/motor-de-trim-original-para-motores-yamaha-6c5-43880-01-f40-f60\/"},"modified":"2026-02-25T00:29:20","modified_gmt":"2026-02-25T00:29:20","slug":"motor-de-trim-original-para-motores-yamaha-6c5-43880-01-f40-f60","status":"publish","type":"product","link":"https:\/\/stoic-curie.212-227-153-4.plesk.page\/pt\/product\/motor-de-trim-original-para-motores-yamaha-6c5-43880-01-f40-f60\/","title":{"rendered":"Motor de Trim Original para Motores Yamaha 6C5-43880-01 (F40\/F60)"},"content":{"rendered":"<p>Motor de Trim Original para Motores Yamaha 6C5-43880-01 (F40\/F60) &#8211; <\/p>\n<p>Motor de trim para motores fora de borda Yamaha. Esta \u00e9 uma pe\u00e7a de reposi\u00e7\u00e3o compat\u00edvel.<\/p>\n","protected":false},"excerpt":{"rendered":"<p>Motor de Trim Original para Motores Yamaha 6C5-43880-01 (F40\/F60) &#8211; Motor de trim para motores fora de borda Yamaha. Esta<\/p>\n","protected":false},"featured_media":5635030,"comment_status":"open","ping_status":"closed","template":"","meta":[],"product_brand":[3392],"product_cat":[2118],"product_tag":[],"class_list":{"0":"post-5636275","1":"product","2":"type-product","3":"status-publish","4":"has-post-thumbnail","6":"product_brand-sierra-marine-pt","7":"product_cat-pecas-para-motores-fora-de-bordo-yamaha","9":"first","10":"instock","11":"shipping-taxable","12":"purchasable","13":"product-type-simple"},"_links":{"self":[{"href":"https:\/\/stoic-curie.212-227-153-4.plesk.page\/pt\/wp-json\/wp\/v2\/product\/5636275","targetHints":{"allow":["GET"]}}],"collection":[{"href":"https:\/\/stoic-curie.212-227-153-4.plesk.page\/pt\/wp-json\/wp\/v2\/product"}],"about":[{"href":"https:\/\/stoic-curie.212-227-153-4.plesk.page\/pt\/wp-json\/wp\/v2\/types\/product"}],"replies":[{"embeddable":true,"href":"https:\/\/stoic-curie.212-227-153-4.plesk.page\/pt\/wp-json\/wp\/v2\/comments?post=5636275"}],"version-history":[{"count":0,"href":"https:\/\/stoic-curie.212-227-153-4.plesk.page\/pt\/wp-json\/wp\/v2\/product\/5636275\/revisions"}],"wp:featuredmedia":[{"embeddable":true,"href":"https:\/\/stoic-curie.212-227-153-4.plesk.page\/pt\/wp-json\/wp\/v2\/media\/5635030"}],"wp:attachment":[{"href":"https:\/\/stoic-curie.212-227-153-4.plesk.page\/pt\/wp-json\/wp\/v2\/media?parent=5636275"}],"wp:term":[{"taxonomy":"product_brand","embeddable":true,"href":"https:\/\/stoic-curie.212-227-153-4.plesk.page\/pt\/wp-json\/wp\/v2\/product_brand?post=5636275"},{"taxonomy":"product_cat","embeddable":true,"href":"https:\/\/stoic-curie.212-227-153-4.plesk.page\/pt\/wp-json\/wp\/v2\/product_cat?post=5636275"},{"taxonomy":"product_tag","embeddable":true,"href":"https:\/\/stoic-curie.212-227-153-4.plesk.page\/pt\/wp-json\/wp\/v2\/product_tag?post=5636275"}],"curies":[{"name":"wp","href":"https:\/\/api.w.org\/{rel}","templated":true}]}}