{"id":5667430,"date":"2026-02-03T07:53:40","date_gmt":"2026-02-03T06:53:40","guid":{"rendered":"https:\/\/stoic-curie.212-227-153-4.plesk.page\/product\/painel-tactil-bluetooth-digital-com-caixa-de-controlo-e-8-interruptores-regulaveis\/"},"modified":"2026-02-25T00:28:40","modified_gmt":"2026-02-25T00:28:40","slug":"painel-tactil-bluetooth-digital-com-caixa-de-controlo-e-8-interruptores-regulaveis","status":"publish","type":"product","link":"https:\/\/stoic-curie.212-227-153-4.plesk.page\/pt\/product\/painel-tactil-bluetooth-digital-com-caixa-de-controlo-e-8-interruptores-regulaveis\/","title":{"rendered":"Painel T\u00e1ctil Bluetooth Digital com Caixa de Controlo e 8 Interruptores Regul\u00e1veis"},"content":{"rendered":"<p>Painel T\u00e1ctil Bluetooth Digital com Caixa de Controlo e 8 Interruptores Regul\u00e1veis &#8211; <\/p>\n<p>Painel \u00e0 prova d&#8217;\u00e1gua 12\/24V com interruptores t\u00e1cteis de 10A e luz LED. Equipado com conectividade Bluetooth para controlo atrav\u00e9s de smartphone usando um aplicativo gratuito. Fornecido com caixa de controlo, cabo de conex\u00e3o, parafusos e um conjunto de etiquetas.<\/p>\n","protected":false},"excerpt":{"rendered":"<p>Painel T\u00e1ctil Bluetooth Digital com Caixa de Controlo e 8 Interruptores Regul\u00e1veis &#8211; Painel \u00e0 prova d&#8217;\u00e1gua 12\/24V com interruptores<\/p>\n","protected":false},"featured_media":5665546,"comment_status":"open","ping_status":"closed","template":"","meta":[],"product_brand":[2832],"product_cat":[2033],"product_tag":[],"class_list":{"0":"post-5667430","1":"product","2":"type-product","3":"status-publish","4":"has-post-thumbnail","6":"product_brand-blue-sea-systems-pt","7":"product_cat-quadros-eletricos","9":"first","10":"instock","11":"shipping-taxable","12":"purchasable","13":"product-type-simple"},"_links":{"self":[{"href":"https:\/\/stoic-curie.212-227-153-4.plesk.page\/pt\/wp-json\/wp\/v2\/product\/5667430","targetHints":{"allow":["GET"]}}],"collection":[{"href":"https:\/\/stoic-curie.212-227-153-4.plesk.page\/pt\/wp-json\/wp\/v2\/product"}],"about":[{"href":"https:\/\/stoic-curie.212-227-153-4.plesk.page\/pt\/wp-json\/wp\/v2\/types\/product"}],"replies":[{"embeddable":true,"href":"https:\/\/stoic-curie.212-227-153-4.plesk.page\/pt\/wp-json\/wp\/v2\/comments?post=5667430"}],"version-history":[{"count":0,"href":"https:\/\/stoic-curie.212-227-153-4.plesk.page\/pt\/wp-json\/wp\/v2\/product\/5667430\/revisions"}],"wp:featuredmedia":[{"embeddable":true,"href":"https:\/\/stoic-curie.212-227-153-4.plesk.page\/pt\/wp-json\/wp\/v2\/media\/5665546"}],"wp:attachment":[{"href":"https:\/\/stoic-curie.212-227-153-4.plesk.page\/pt\/wp-json\/wp\/v2\/media?parent=5667430"}],"wp:term":[{"taxonomy":"product_brand","embeddable":true,"href":"https:\/\/stoic-curie.212-227-153-4.plesk.page\/pt\/wp-json\/wp\/v2\/product_brand?post=5667430"},{"taxonomy":"product_cat","embeddable":true,"href":"https:\/\/stoic-curie.212-227-153-4.plesk.page\/pt\/wp-json\/wp\/v2\/product_cat?post=5667430"},{"taxonomy":"product_tag","embeddable":true,"href":"https:\/\/stoic-curie.212-227-153-4.plesk.page\/pt\/wp-json\/wp\/v2\/product_tag?post=5667430"}],"curies":[{"name":"wp","href":"https:\/\/api.w.org\/{rel}","templated":true}]}}