{"id":5667431,"date":"2026-02-03T07:53:41","date_gmt":"2026-02-03T06:53:41","guid":{"rendered":"https:\/\/stoic-curie.212-227-153-4.plesk.page\/product\/compasso-plastimo-offshore-95-preto\/"},"modified":"2026-02-25T00:28:40","modified_gmt":"2026-02-25T00:28:40","slug":"compasso-plastimo-offshore-95-preto","status":"publish","type":"product","link":"https:\/\/stoic-curie.212-227-153-4.plesk.page\/pt\/product\/compasso-plastimo-offshore-95-preto\/","title":{"rendered":"Compasso Plastimo Offshore 95 &#8211; Preto"},"content":{"rendered":"<p>Compasso Plastimo Offshore 95 &#8211; Preto &#8211; <\/p>\n<p>O Compasso Plastimo Offshore 95 \u00e9 projetado para instala\u00e7\u00e3o embutida.<br \/>\u2022 Di\u00e2metro do cart\u00e3o: 81 mm<br \/>\u2022 Cart\u00e3o c\u00f4nico com gradua\u00e7\u00e3o de 5\u00b0 para leitura frontal<br \/>\u2022 Adequado para lanchas de motor de 6 a 10 metros<br \/>\u2022 Ilumina\u00e7\u00e3o LED padr\u00e3o de 12\/24 V (n\u00e3o corte os fios para evitar danos ao LED)<\/p>\n","protected":false},"excerpt":{"rendered":"<p>Compasso Plastimo Offshore 95 &#8211; Preto &#8211; O Compasso Plastimo Offshore 95 \u00e9 projetado para instala\u00e7\u00e3o embutida.\u2022 Di\u00e2metro do cart\u00e3o:<\/p>\n","protected":false},"featured_media":5665550,"comment_status":"open","ping_status":"closed","template":"","meta":[],"product_brand":[3207],"product_cat":[2067],"product_tag":[],"class_list":{"0":"post-5667431","1":"product","2":"type-product","3":"status-publish","4":"has-post-thumbnail","6":"product_brand-nova-argonautica-pt","7":"product_cat-bussola-de-navegacao","9":"first","10":"instock","11":"shipping-taxable","12":"purchasable","13":"product-type-simple"},"_links":{"self":[{"href":"https:\/\/stoic-curie.212-227-153-4.plesk.page\/pt\/wp-json\/wp\/v2\/product\/5667431","targetHints":{"allow":["GET"]}}],"collection":[{"href":"https:\/\/stoic-curie.212-227-153-4.plesk.page\/pt\/wp-json\/wp\/v2\/product"}],"about":[{"href":"https:\/\/stoic-curie.212-227-153-4.plesk.page\/pt\/wp-json\/wp\/v2\/types\/product"}],"replies":[{"embeddable":true,"href":"https:\/\/stoic-curie.212-227-153-4.plesk.page\/pt\/wp-json\/wp\/v2\/comments?post=5667431"}],"version-history":[{"count":0,"href":"https:\/\/stoic-curie.212-227-153-4.plesk.page\/pt\/wp-json\/wp\/v2\/product\/5667431\/revisions"}],"wp:featuredmedia":[{"embeddable":true,"href":"https:\/\/stoic-curie.212-227-153-4.plesk.page\/pt\/wp-json\/wp\/v2\/media\/5665550"}],"wp:attachment":[{"href":"https:\/\/stoic-curie.212-227-153-4.plesk.page\/pt\/wp-json\/wp\/v2\/media?parent=5667431"}],"wp:term":[{"taxonomy":"product_brand","embeddable":true,"href":"https:\/\/stoic-curie.212-227-153-4.plesk.page\/pt\/wp-json\/wp\/v2\/product_brand?post=5667431"},{"taxonomy":"product_cat","embeddable":true,"href":"https:\/\/stoic-curie.212-227-153-4.plesk.page\/pt\/wp-json\/wp\/v2\/product_cat?post=5667431"},{"taxonomy":"product_tag","embeddable":true,"href":"https:\/\/stoic-curie.212-227-153-4.plesk.page\/pt\/wp-json\/wp\/v2\/product_tag?post=5667431"}],"curies":[{"name":"wp","href":"https:\/\/api.w.org\/{rel}","templated":true}]}}