{"id":5667432,"date":"2026-02-03T07:53:42","date_gmt":"2026-02-03T06:53:42","guid":{"rendered":"https:\/\/stoic-curie.212-227-153-4.plesk.page\/product\/bussola-plastimo-offshore-95-branca\/"},"modified":"2026-02-25T00:28:40","modified_gmt":"2026-02-25T00:28:40","slug":"bussola-plastimo-offshore-95-branca","status":"publish","type":"product","link":"https:\/\/stoic-curie.212-227-153-4.plesk.page\/pt\/product\/bussola-plastimo-offshore-95-branca\/","title":{"rendered":"B\u00fassola Plastimo Offshore 95 &#8211; Branca"},"content":{"rendered":"<p>B\u00fassola Plastimo Offshore 95 &#8211; Branca &#8211; <\/p>\n<p>B\u00fassola Plastimo Offshore 95 para montagem embutida.<br \/>\u2022 Di\u00e2metro do card: 81 mm<br \/>\u2022 Cardano c\u00f4nico com gradua\u00e7\u00f5es de 5\u00b0, leitura frontal<br \/>\u2022 Adequada para barcos a motor entre 6 a 10 metros<br \/>\u2022 Ilumina\u00e7\u00e3o LED padr\u00e3o 12\/24 V (n\u00e3o corte os fios para evitar danos ao LED)<\/p>\n","protected":false},"excerpt":{"rendered":"<p>B\u00fassola Plastimo Offshore 95 &#8211; Branca &#8211; B\u00fassola Plastimo Offshore 95 para montagem embutida.\u2022 Di\u00e2metro do card: 81 mm\u2022 Cardano<\/p>\n","protected":false},"featured_media":5665550,"comment_status":"open","ping_status":"closed","template":"","meta":[],"product_brand":[3207],"product_cat":[2067],"product_tag":[],"class_list":{"0":"post-5667432","1":"product","2":"type-product","3":"status-publish","4":"has-post-thumbnail","6":"product_brand-nova-argonautica-pt","7":"product_cat-bussola-de-navegacao","9":"first","10":"instock","11":"shipping-taxable","12":"purchasable","13":"product-type-simple"},"_links":{"self":[{"href":"https:\/\/stoic-curie.212-227-153-4.plesk.page\/pt\/wp-json\/wp\/v2\/product\/5667432","targetHints":{"allow":["GET"]}}],"collection":[{"href":"https:\/\/stoic-curie.212-227-153-4.plesk.page\/pt\/wp-json\/wp\/v2\/product"}],"about":[{"href":"https:\/\/stoic-curie.212-227-153-4.plesk.page\/pt\/wp-json\/wp\/v2\/types\/product"}],"replies":[{"embeddable":true,"href":"https:\/\/stoic-curie.212-227-153-4.plesk.page\/pt\/wp-json\/wp\/v2\/comments?post=5667432"}],"version-history":[{"count":0,"href":"https:\/\/stoic-curie.212-227-153-4.plesk.page\/pt\/wp-json\/wp\/v2\/product\/5667432\/revisions"}],"wp:featuredmedia":[{"embeddable":true,"href":"https:\/\/stoic-curie.212-227-153-4.plesk.page\/pt\/wp-json\/wp\/v2\/media\/5665550"}],"wp:attachment":[{"href":"https:\/\/stoic-curie.212-227-153-4.plesk.page\/pt\/wp-json\/wp\/v2\/media?parent=5667432"}],"wp:term":[{"taxonomy":"product_brand","embeddable":true,"href":"https:\/\/stoic-curie.212-227-153-4.plesk.page\/pt\/wp-json\/wp\/v2\/product_brand?post=5667432"},{"taxonomy":"product_cat","embeddable":true,"href":"https:\/\/stoic-curie.212-227-153-4.plesk.page\/pt\/wp-json\/wp\/v2\/product_cat?post=5667432"},{"taxonomy":"product_tag","embeddable":true,"href":"https:\/\/stoic-curie.212-227-153-4.plesk.page\/pt\/wp-json\/wp\/v2\/product_tag?post=5667432"}],"curies":[{"name":"wp","href":"https:\/\/api.w.org\/{rel}","templated":true}]}}