{"id":5667434,"date":"2026-02-03T07:53:44","date_gmt":"2026-02-03T06:53:44","guid":{"rendered":"https:\/\/stoic-curie.212-227-153-4.plesk.page\/product\/jaqueta-softshell-musto-evo-crew-tamanho-s-azul-marinho\/"},"modified":"2026-02-25T00:28:59","modified_gmt":"2026-02-25T00:28:59","slug":"jaqueta-softshell-musto-evo-crew-tamanho-s-azul-marinho","status":"publish","type":"product","link":"https:\/\/stoic-curie.212-227-153-4.plesk.page\/pt\/product\/jaqueta-softshell-musto-evo-crew-tamanho-s-azul-marinho\/","title":{"rendered":"Jaqueta Softshell Musto Evo Crew Tamanho S &#8211; Azul Marinho"},"content":{"rendered":"<p>Jaqueta Softshell Musto Evo Crew Tamanho S &#8211; Azul Marinho &#8211; <\/p>\n<p>A Jaqueta Softshell Musto Evo Crew \u00e9 feita de um tecido softshell el\u00e1stico que \u00e9 respir\u00e1vel e \u00e0 prova de vento. Possui um tratamento DWR (Repel\u00eancia Dur\u00e1vel \u00e0 \u00c1gua) livre de PFC, dois bolsos laterais com fecho YKK\u00ae e bordas el\u00e1sticas na barra e nas mangas para um ajuste confort\u00e1vel. <br \/>Clique aqui para conferir o tamanho exato:<\/p>\n","protected":false},"excerpt":{"rendered":"<p>Jaqueta Softshell Musto Evo Crew Tamanho S &#8211; Azul Marinho &#8211; A Jaqueta Softshell Musto Evo Crew \u00e9 feita de<\/p>\n","protected":false},"featured_media":5665636,"comment_status":"open","ping_status":"closed","template":"","meta":[],"product_brand":[3157],"product_cat":[2141],"product_tag":[],"class_list":{"0":"post-5667434","1":"product","2":"type-product","3":"status-publish","4":"has-post-thumbnail","6":"product_brand-musto-pt","7":"product_cat-vestuario-de-vela-musto","9":"first","10":"instock","11":"shipping-taxable","12":"purchasable","13":"product-type-simple"},"_links":{"self":[{"href":"https:\/\/stoic-curie.212-227-153-4.plesk.page\/pt\/wp-json\/wp\/v2\/product\/5667434","targetHints":{"allow":["GET"]}}],"collection":[{"href":"https:\/\/stoic-curie.212-227-153-4.plesk.page\/pt\/wp-json\/wp\/v2\/product"}],"about":[{"href":"https:\/\/stoic-curie.212-227-153-4.plesk.page\/pt\/wp-json\/wp\/v2\/types\/product"}],"replies":[{"embeddable":true,"href":"https:\/\/stoic-curie.212-227-153-4.plesk.page\/pt\/wp-json\/wp\/v2\/comments?post=5667434"}],"version-history":[{"count":0,"href":"https:\/\/stoic-curie.212-227-153-4.plesk.page\/pt\/wp-json\/wp\/v2\/product\/5667434\/revisions"}],"wp:featuredmedia":[{"embeddable":true,"href":"https:\/\/stoic-curie.212-227-153-4.plesk.page\/pt\/wp-json\/wp\/v2\/media\/5665636"}],"wp:attachment":[{"href":"https:\/\/stoic-curie.212-227-153-4.plesk.page\/pt\/wp-json\/wp\/v2\/media?parent=5667434"}],"wp:term":[{"taxonomy":"product_brand","embeddable":true,"href":"https:\/\/stoic-curie.212-227-153-4.plesk.page\/pt\/wp-json\/wp\/v2\/product_brand?post=5667434"},{"taxonomy":"product_cat","embeddable":true,"href":"https:\/\/stoic-curie.212-227-153-4.plesk.page\/pt\/wp-json\/wp\/v2\/product_cat?post=5667434"},{"taxonomy":"product_tag","embeddable":true,"href":"https:\/\/stoic-curie.212-227-153-4.plesk.page\/pt\/wp-json\/wp\/v2\/product_tag?post=5667434"}],"curies":[{"name":"wp","href":"https:\/\/api.w.org\/{rel}","templated":true}]}}