{"id":5667473,"date":"2026-02-03T07:54:18","date_gmt":"2026-02-03T06:54:18","guid":{"rendered":"https:\/\/stoic-curie.212-227-153-4.plesk.page\/product\/hh-skagen-f-1-sapatos-offshore-tamanho-46-115-cinza\/"},"modified":"2026-02-25T00:28:59","modified_gmt":"2026-02-25T00:28:59","slug":"hh-skagen-f-1-sapatos-offshore-tamanho-46-115-cinza","status":"publish","type":"product","link":"https:\/\/stoic-curie.212-227-153-4.plesk.page\/pt\/product\/hh-skagen-f-1-sapatos-offshore-tamanho-46-115-cinza\/","title":{"rendered":"Hh Skagen F-1 Sapatos Offshore Tamanho 46 (11,5) &#8211; Cinza"},"content":{"rendered":"<p>Hh Skagen F-1 Sapatos Offshore Tamanho 46 (11,5) &#8211; Cinza &#8211; <\/p>\n<p>Experimente alta performance na \u00e1gua com os sapatos offshore Hh Skagen F-1 da Helly Hansen. Estes t\u00eanis de navega\u00e7\u00e3o t\u00eam uma constru\u00e7\u00e3o em malha hidrof\u00f3bica, respir\u00e1vel, flex\u00edvel e sem costura, que seca rapidamente. A sola \u00e9 projetada para proteger seus p\u00e9s do hardware do conv\u00e9s e das superf\u00edcies rochosas, enquanto a palmilha antibacteriana remov\u00edvel em EVA moldada e o suporte medial de segunda densidade oferecem conforto adicional. A sola flex\u00edvel incorpora um sistema de ader\u00eancia multidirecional, canais de drenagem e borracha n\u00e3o marcante para desempenho ideal. <a>Clique aqui para verificar o tamanho exato:<\/a><\/p>\n","protected":false},"excerpt":{"rendered":"<p>Hh Skagen F-1 Sapatos Offshore Tamanho 46 (11,5) &#8211; Cinza &#8211; Experimente alta performance na \u00e1gua com os sapatos offshore<\/p>\n","protected":false},"featured_media":5665805,"comment_status":"open","ping_status":"closed","template":"","meta":[],"product_brand":[3002],"product_cat":[2147],"product_tag":[],"class_list":{"0":"post-5667473","1":"product","2":"type-product","3":"status-publish","4":"has-post-thumbnail","6":"product_brand-helly-hansen-pt","7":"product_cat-sapatos-de-vela","9":"first","10":"instock","11":"shipping-taxable","12":"purchasable","13":"product-type-simple"},"_links":{"self":[{"href":"https:\/\/stoic-curie.212-227-153-4.plesk.page\/pt\/wp-json\/wp\/v2\/product\/5667473","targetHints":{"allow":["GET"]}}],"collection":[{"href":"https:\/\/stoic-curie.212-227-153-4.plesk.page\/pt\/wp-json\/wp\/v2\/product"}],"about":[{"href":"https:\/\/stoic-curie.212-227-153-4.plesk.page\/pt\/wp-json\/wp\/v2\/types\/product"}],"replies":[{"embeddable":true,"href":"https:\/\/stoic-curie.212-227-153-4.plesk.page\/pt\/wp-json\/wp\/v2\/comments?post=5667473"}],"version-history":[{"count":0,"href":"https:\/\/stoic-curie.212-227-153-4.plesk.page\/pt\/wp-json\/wp\/v2\/product\/5667473\/revisions"}],"wp:featuredmedia":[{"embeddable":true,"href":"https:\/\/stoic-curie.212-227-153-4.plesk.page\/pt\/wp-json\/wp\/v2\/media\/5665805"}],"wp:attachment":[{"href":"https:\/\/stoic-curie.212-227-153-4.plesk.page\/pt\/wp-json\/wp\/v2\/media?parent=5667473"}],"wp:term":[{"taxonomy":"product_brand","embeddable":true,"href":"https:\/\/stoic-curie.212-227-153-4.plesk.page\/pt\/wp-json\/wp\/v2\/product_brand?post=5667473"},{"taxonomy":"product_cat","embeddable":true,"href":"https:\/\/stoic-curie.212-227-153-4.plesk.page\/pt\/wp-json\/wp\/v2\/product_cat?post=5667473"},{"taxonomy":"product_tag","embeddable":true,"href":"https:\/\/stoic-curie.212-227-153-4.plesk.page\/pt\/wp-json\/wp\/v2\/product_tag?post=5667473"}],"curies":[{"name":"wp","href":"https:\/\/api.w.org\/{rel}","templated":true}]}}