{"id":5667475,"date":"2026-02-03T07:54:20","date_gmt":"2026-02-03T06:54:20","guid":{"rendered":"https:\/\/stoic-curie.212-227-153-4.plesk.page\/product\/hh-skagen-f-1-sapatos-offshore-para-mulheres-tamanho-375-65-cor-azul-marinho\/"},"modified":"2026-02-25T00:28:59","modified_gmt":"2026-02-25T00:28:59","slug":"hh-skagen-f-1-sapatos-offshore-para-mulheres-tamanho-375-65-cor-azul-marinho","status":"publish","type":"product","link":"https:\/\/stoic-curie.212-227-153-4.plesk.page\/pt\/product\/hh-skagen-f-1-sapatos-offshore-para-mulheres-tamanho-375-65-cor-azul-marinho\/","title":{"rendered":"Hh Skagen F-1 Sapatos Offshore para Mulheres &#8211; Tamanho 37,5 (6,5) &#8211; Cor: Azul Marinho"},"content":{"rendered":"<p>Hh Skagen F-1 Sapatos Offshore para Mulheres &#8211; Tamanho 37,5 (6,5) &#8211; Cor: Azul Marinho &#8211; <\/p>\n<p>Experimente o desempenho de navega\u00e7\u00e3o de ponta com os t\u00eanis de alta performance da Helly Hansen. Esses sapatos possuem uma constru\u00e7\u00e3o em malha hidrof\u00f3bica, respir\u00e1vel, flex\u00edvel e sem costura, projetada para secagem r\u00e1pida. A sola \u00e9 projetada para proteger seus p\u00e9s de ferragens de deck e superf\u00edcies rochosas, complementada por uma palmilha remov\u00edvel de EVA antibacteriana e um suporte medial de 2\u00aa densidade para conforto ideal. A sola flex\u00edvel inclui um sistema de ader\u00eancia multidirecional, canais de drenagem e borracha que n\u00e3o deixa marcas para excelente tra\u00e7\u00e3o. <br \/> Clique aqui para verificar o tamanho exato:<\/p>\n","protected":false},"excerpt":{"rendered":"<p>Hh Skagen F-1 Sapatos Offshore para Mulheres &#8211; Tamanho 37,5 (6,5) &#8211; Cor: Azul Marinho &#8211; Experimente o desempenho de<\/p>\n","protected":false},"featured_media":5665967,"comment_status":"open","ping_status":"closed","template":"","meta":[],"product_brand":[3002],"product_cat":[2147],"product_tag":[],"class_list":{"0":"post-5667475","1":"product","2":"type-product","3":"status-publish","4":"has-post-thumbnail","6":"product_brand-helly-hansen-pt","7":"product_cat-sapatos-de-vela","9":"first","10":"instock","11":"shipping-taxable","12":"purchasable","13":"product-type-simple"},"_links":{"self":[{"href":"https:\/\/stoic-curie.212-227-153-4.plesk.page\/pt\/wp-json\/wp\/v2\/product\/5667475","targetHints":{"allow":["GET"]}}],"collection":[{"href":"https:\/\/stoic-curie.212-227-153-4.plesk.page\/pt\/wp-json\/wp\/v2\/product"}],"about":[{"href":"https:\/\/stoic-curie.212-227-153-4.plesk.page\/pt\/wp-json\/wp\/v2\/types\/product"}],"replies":[{"embeddable":true,"href":"https:\/\/stoic-curie.212-227-153-4.plesk.page\/pt\/wp-json\/wp\/v2\/comments?post=5667475"}],"version-history":[{"count":0,"href":"https:\/\/stoic-curie.212-227-153-4.plesk.page\/pt\/wp-json\/wp\/v2\/product\/5667475\/revisions"}],"wp:featuredmedia":[{"embeddable":true,"href":"https:\/\/stoic-curie.212-227-153-4.plesk.page\/pt\/wp-json\/wp\/v2\/media\/5665967"}],"wp:attachment":[{"href":"https:\/\/stoic-curie.212-227-153-4.plesk.page\/pt\/wp-json\/wp\/v2\/media?parent=5667475"}],"wp:term":[{"taxonomy":"product_brand","embeddable":true,"href":"https:\/\/stoic-curie.212-227-153-4.plesk.page\/pt\/wp-json\/wp\/v2\/product_brand?post=5667475"},{"taxonomy":"product_cat","embeddable":true,"href":"https:\/\/stoic-curie.212-227-153-4.plesk.page\/pt\/wp-json\/wp\/v2\/product_cat?post=5667475"},{"taxonomy":"product_tag","embeddable":true,"href":"https:\/\/stoic-curie.212-227-153-4.plesk.page\/pt\/wp-json\/wp\/v2\/product_tag?post=5667475"}],"curies":[{"name":"wp","href":"https:\/\/api.w.org\/{rel}","templated":true}]}}