{"id":5667479,"date":"2026-02-03T07:54:23","date_gmt":"2026-02-03T06:54:23","guid":{"rendered":"https:\/\/stoic-curie.212-227-153-4.plesk.page\/product\/hh-skagen-f-1-sapatos-offshore-femininos-tamanho-40-85-azul-marinho\/"},"modified":"2026-02-25T00:28:59","modified_gmt":"2026-02-25T00:28:59","slug":"hh-skagen-f-1-sapatos-offshore-femininos-tamanho-40-85-azul-marinho","status":"publish","type":"product","link":"https:\/\/stoic-curie.212-227-153-4.plesk.page\/pt\/product\/hh-skagen-f-1-sapatos-offshore-femininos-tamanho-40-85-azul-marinho\/","title":{"rendered":"Hh Skagen F-1 Sapatos Offshore Femininos &#8211; Tamanho 40 (8,5) &#8211; Azul Marinho"},"content":{"rendered":"<p>Hh Skagen F-1 Sapatos Offshore Femininos &#8211; Tamanho 40 (8,5) &#8211; Azul Marinho &#8211; <\/p>\n<p>Tenis de navega\u00e7\u00e3o de alto desempenho da Helly Hansen com constru\u00e7\u00e3o em malha respir\u00e1vel, flex\u00edvel, sem emendas, hidrof\u00f3bica e de secagem r\u00e1pida. A sola \u00e9 projetada para proteger os p\u00e9s do hardware do conv\u00e9s e das pedras, com palmilha remov\u00edvel de EVA antibacteriana moldada e refor\u00e7o medial de segunda densidade. A sola externa flex\u00edvel possui um sistema de ader\u00eancia multidirecional, canais de drenagem e borracha que n\u00e3o marca.<\/p>\n<p> Clique aqui para verificar o tamanho exato:<\/p>\n","protected":false},"excerpt":{"rendered":"<p>Hh Skagen F-1 Sapatos Offshore Femininos &#8211; Tamanho 40 (8,5) &#8211; Azul Marinho &#8211; Tenis de navega\u00e7\u00e3o de alto desempenho<\/p>\n","protected":false},"featured_media":5665967,"comment_status":"open","ping_status":"closed","template":"","meta":[],"product_brand":[3002],"product_cat":[2147],"product_tag":[],"class_list":{"0":"post-5667479","1":"product","2":"type-product","3":"status-publish","4":"has-post-thumbnail","6":"product_brand-helly-hansen-pt","7":"product_cat-sapatos-de-vela","9":"first","10":"instock","11":"shipping-taxable","12":"purchasable","13":"product-type-simple"},"_links":{"self":[{"href":"https:\/\/stoic-curie.212-227-153-4.plesk.page\/pt\/wp-json\/wp\/v2\/product\/5667479","targetHints":{"allow":["GET"]}}],"collection":[{"href":"https:\/\/stoic-curie.212-227-153-4.plesk.page\/pt\/wp-json\/wp\/v2\/product"}],"about":[{"href":"https:\/\/stoic-curie.212-227-153-4.plesk.page\/pt\/wp-json\/wp\/v2\/types\/product"}],"replies":[{"embeddable":true,"href":"https:\/\/stoic-curie.212-227-153-4.plesk.page\/pt\/wp-json\/wp\/v2\/comments?post=5667479"}],"version-history":[{"count":0,"href":"https:\/\/stoic-curie.212-227-153-4.plesk.page\/pt\/wp-json\/wp\/v2\/product\/5667479\/revisions"}],"wp:featuredmedia":[{"embeddable":true,"href":"https:\/\/stoic-curie.212-227-153-4.plesk.page\/pt\/wp-json\/wp\/v2\/media\/5665967"}],"wp:attachment":[{"href":"https:\/\/stoic-curie.212-227-153-4.plesk.page\/pt\/wp-json\/wp\/v2\/media?parent=5667479"}],"wp:term":[{"taxonomy":"product_brand","embeddable":true,"href":"https:\/\/stoic-curie.212-227-153-4.plesk.page\/pt\/wp-json\/wp\/v2\/product_brand?post=5667479"},{"taxonomy":"product_cat","embeddable":true,"href":"https:\/\/stoic-curie.212-227-153-4.plesk.page\/pt\/wp-json\/wp\/v2\/product_cat?post=5667479"},{"taxonomy":"product_tag","embeddable":true,"href":"https:\/\/stoic-curie.212-227-153-4.plesk.page\/pt\/wp-json\/wp\/v2\/product_tag?post=5667479"}],"curies":[{"name":"wp","href":"https:\/\/api.w.org\/{rel}","templated":true}]}}