{"id":5667483,"date":"2026-02-03T07:54:27","date_gmt":"2026-02-03T06:54:27","guid":{"rendered":"https:\/\/stoic-curie.212-227-153-4.plesk.page\/product\/kit-de-reparo-da-bomba-de-agua-e-unidade-de-transmissao-para-motores-mercury-mercruiser-genuino-817275q05-codigo-do-motor-alpha-one-gen-ii-40-250\/"},"modified":"2026-02-25T00:29:03","modified_gmt":"2026-02-25T00:29:03","slug":"kit-de-reparo-da-bomba-de-agua-e-unidade-de-transmissao-para-motores-mercury-mercruiser-genuino-817275q05-codigo-do-motor-alpha-one-gen-ii-40-250","status":"publish","type":"product","link":"https:\/\/stoic-curie.212-227-153-4.plesk.page\/pt\/product\/kit-de-reparo-da-bomba-de-agua-e-unidade-de-transmissao-para-motores-mercury-mercruiser-genuino-817275q05-codigo-do-motor-alpha-one-gen-ii-40-250\/","title":{"rendered":"Kit de reparo da bomba de \u00e1gua e unidade de transmiss\u00e3o para motores Mercury\/MerCruiser genu\u00edno 817275Q05 c\u00f3digo do motor Alpha One Gen II\/40\/250"},"content":{"rendered":"<p>Kit de reparo da bomba de \u00e1gua e unidade de transmiss\u00e3o para motores Mercury\/MerCruiser genu\u00edno 817275Q05 c\u00f3digo do motor Alpha One Gen II\/40\/250 &#8211; <\/p>\n<p>Este kit de reparo da bomba de \u00e1gua e unidade de transmiss\u00e3o \u00e9 especificamente projetado para motores Mercury\/MerCruiser. Serve como um substituto direto para a pe\u00e7a OEM.<\/p>\n","protected":false},"excerpt":{"rendered":"<p>Kit de reparo da bomba de \u00e1gua e unidade de transmiss\u00e3o para motores Mercury\/MerCruiser genu\u00edno 817275Q05 c\u00f3digo do motor Alpha<\/p>\n","protected":false},"featured_media":5666005,"comment_status":"open","ping_status":"closed","template":"","meta":[],"product_brand":[3287],"product_cat":[2117],"product_tag":[],"class_list":{"0":"post-5667483","1":"product","2":"type-product","3":"status-publish","4":"has-post-thumbnail","6":"product_brand-quicksilver-pt","7":"product_cat-pecas-para-motores-mercruiser","9":"first","10":"instock","11":"shipping-taxable","12":"purchasable","13":"product-type-simple"},"_links":{"self":[{"href":"https:\/\/stoic-curie.212-227-153-4.plesk.page\/pt\/wp-json\/wp\/v2\/product\/5667483","targetHints":{"allow":["GET"]}}],"collection":[{"href":"https:\/\/stoic-curie.212-227-153-4.plesk.page\/pt\/wp-json\/wp\/v2\/product"}],"about":[{"href":"https:\/\/stoic-curie.212-227-153-4.plesk.page\/pt\/wp-json\/wp\/v2\/types\/product"}],"replies":[{"embeddable":true,"href":"https:\/\/stoic-curie.212-227-153-4.plesk.page\/pt\/wp-json\/wp\/v2\/comments?post=5667483"}],"version-history":[{"count":0,"href":"https:\/\/stoic-curie.212-227-153-4.plesk.page\/pt\/wp-json\/wp\/v2\/product\/5667483\/revisions"}],"wp:featuredmedia":[{"embeddable":true,"href":"https:\/\/stoic-curie.212-227-153-4.plesk.page\/pt\/wp-json\/wp\/v2\/media\/5666005"}],"wp:attachment":[{"href":"https:\/\/stoic-curie.212-227-153-4.plesk.page\/pt\/wp-json\/wp\/v2\/media?parent=5667483"}],"wp:term":[{"taxonomy":"product_brand","embeddable":true,"href":"https:\/\/stoic-curie.212-227-153-4.plesk.page\/pt\/wp-json\/wp\/v2\/product_brand?post=5667483"},{"taxonomy":"product_cat","embeddable":true,"href":"https:\/\/stoic-curie.212-227-153-4.plesk.page\/pt\/wp-json\/wp\/v2\/product_cat?post=5667483"},{"taxonomy":"product_tag","embeddable":true,"href":"https:\/\/stoic-curie.212-227-153-4.plesk.page\/pt\/wp-json\/wp\/v2\/product_tag?post=5667483"}],"curies":[{"name":"wp","href":"https:\/\/api.w.org\/{rel}","templated":true}]}}