{"id":5667485,"date":"2026-02-03T07:54:29","date_gmt":"2026-02-03T06:54:29","guid":{"rendered":"https:\/\/stoic-curie.212-227-153-4.plesk.page\/product\/rolo-absorvente-de-hidrocarbonetos\/"},"modified":"2026-02-25T00:29:20","modified_gmt":"2026-02-25T00:29:20","slug":"rolo-absorvente-de-hidrocarbonetos","status":"publish","type":"product","link":"https:\/\/stoic-curie.212-227-153-4.plesk.page\/pt\/product\/rolo-absorvente-de-hidrocarbonetos\/","title":{"rendered":"Rolo Absorvente de Hidrocarbonetos"},"content":{"rendered":"<p>Rolo Absorvente de Hidrocarbonetos &#8211; <\/p>\n<p>Discos absorventes descart\u00e1veis feitos de um material especial que absorve eficazmente \u00f3leo e hidrocarbonetos, mas n\u00e3o absorve \u00e1gua. Cada rolo cont\u00e9m 120 folhas destac\u00e1veis, cada uma medindo 40&#215;50 cm e 3 mm de espessura. Perfeito para uso em por\u00f5es, compartimentos de motores e qualquer tipo de derrame de combust\u00edvel ou \u00f3leo.<\/p>\n","protected":false},"excerpt":{"rendered":"<p>Rolo Absorvente de Hidrocarbonetos &#8211; Discos absorventes descart\u00e1veis feitos de um material especial que absorve eficazmente \u00f3leo e hidrocarbonetos, mas<\/p>\n","protected":false},"featured_media":5666034,"comment_status":"open","ping_status":"closed","template":"","meta":[],"product_brand":[3207],"product_cat":[1917],"product_tag":[],"class_list":{"0":"post-5667485","1":"product","2":"type-product","3":"status-publish","4":"has-post-thumbnail","6":"product_brand-nova-argonautica-pt","7":"product_cat-absorventes-para-oleo-e-combustivel","9":"first","10":"instock","11":"shipping-taxable","12":"purchasable","13":"product-type-simple"},"_links":{"self":[{"href":"https:\/\/stoic-curie.212-227-153-4.plesk.page\/pt\/wp-json\/wp\/v2\/product\/5667485","targetHints":{"allow":["GET"]}}],"collection":[{"href":"https:\/\/stoic-curie.212-227-153-4.plesk.page\/pt\/wp-json\/wp\/v2\/product"}],"about":[{"href":"https:\/\/stoic-curie.212-227-153-4.plesk.page\/pt\/wp-json\/wp\/v2\/types\/product"}],"replies":[{"embeddable":true,"href":"https:\/\/stoic-curie.212-227-153-4.plesk.page\/pt\/wp-json\/wp\/v2\/comments?post=5667485"}],"version-history":[{"count":0,"href":"https:\/\/stoic-curie.212-227-153-4.plesk.page\/pt\/wp-json\/wp\/v2\/product\/5667485\/revisions"}],"wp:featuredmedia":[{"embeddable":true,"href":"https:\/\/stoic-curie.212-227-153-4.plesk.page\/pt\/wp-json\/wp\/v2\/media\/5666034"}],"wp:attachment":[{"href":"https:\/\/stoic-curie.212-227-153-4.plesk.page\/pt\/wp-json\/wp\/v2\/media?parent=5667485"}],"wp:term":[{"taxonomy":"product_brand","embeddable":true,"href":"https:\/\/stoic-curie.212-227-153-4.plesk.page\/pt\/wp-json\/wp\/v2\/product_brand?post=5667485"},{"taxonomy":"product_cat","embeddable":true,"href":"https:\/\/stoic-curie.212-227-153-4.plesk.page\/pt\/wp-json\/wp\/v2\/product_cat?post=5667485"},{"taxonomy":"product_tag","embeddable":true,"href":"https:\/\/stoic-curie.212-227-153-4.plesk.page\/pt\/wp-json\/wp\/v2\/product_tag?post=5667485"}],"curies":[{"name":"wp","href":"https:\/\/api.w.org\/{rel}","templated":true}]}}