{"id":5667486,"date":"2026-02-03T07:54:29","date_gmt":"2026-02-03T06:54:29","guid":{"rendered":"https:\/\/stoic-curie.212-227-153-4.plesk.page\/product\/bilge-alert-alarme-de-nivel-de-agua-alto-com-sensor-spx-34-72303\/"},"modified":"2026-02-25T00:29:28","modified_gmt":"2026-02-25T00:29:28","slug":"bilge-alert-alarme-de-nivel-de-agua-alto-com-sensor-spx-34-72303","status":"publish","type":"product","link":"https:\/\/stoic-curie.212-227-153-4.plesk.page\/pt\/product\/bilge-alert-alarme-de-nivel-de-agua-alto-com-sensor-spx-34-72303\/","title":{"rendered":"Bilge Alert &#8211; Alarme de N\u00edvel de \u00c1gua Alto com Sensor SPX 34-72303"},"content":{"rendered":"<p>Bilge Alert &#8211; Alarme de N\u00edvel de \u00c1gua Alto com Sensor SPX 34-72303 &#8211; <\/p>\n<p>O alarme de detec\u00e7\u00e3o de n\u00edvel alto de \u00e1gua Bilge Alert utiliza tecnologia de efeito de campo para detectar a presen\u00e7a de l\u00edquido. Este detector \u00e9 notavelmente confi\u00e1vel e dur\u00e1vel, aproveitando a tecnologia avan\u00e7ada de sensores. Um alarme de 100 dB \u00e9 ativado ap\u00f3s um atraso de 8 segundos ao entrar em contato com a \u00e1gua.<\/p>\n","protected":false},"excerpt":{"rendered":"<p>Bilge Alert &#8211; Alarme de N\u00edvel de \u00c1gua Alto com Sensor SPX 34-72303 &#8211; O alarme de detec\u00e7\u00e3o de n\u00edvel<\/p>\n","protected":false},"featured_media":5666039,"comment_status":"open","ping_status":"closed","template":"","meta":[],"product_brand":[3047],"product_cat":[1946],"product_tag":[],"class_list":{"0":"post-5667486","1":"product","2":"type-product","3":"status-publish","4":"has-post-thumbnail","6":"product_brand-johnson-marine-pt","7":"product_cat-bombas-eletricas-de-fundo","9":"first","10":"instock","11":"shipping-taxable","12":"purchasable","13":"product-type-simple"},"_links":{"self":[{"href":"https:\/\/stoic-curie.212-227-153-4.plesk.page\/pt\/wp-json\/wp\/v2\/product\/5667486","targetHints":{"allow":["GET"]}}],"collection":[{"href":"https:\/\/stoic-curie.212-227-153-4.plesk.page\/pt\/wp-json\/wp\/v2\/product"}],"about":[{"href":"https:\/\/stoic-curie.212-227-153-4.plesk.page\/pt\/wp-json\/wp\/v2\/types\/product"}],"replies":[{"embeddable":true,"href":"https:\/\/stoic-curie.212-227-153-4.plesk.page\/pt\/wp-json\/wp\/v2\/comments?post=5667486"}],"version-history":[{"count":0,"href":"https:\/\/stoic-curie.212-227-153-4.plesk.page\/pt\/wp-json\/wp\/v2\/product\/5667486\/revisions"}],"wp:featuredmedia":[{"embeddable":true,"href":"https:\/\/stoic-curie.212-227-153-4.plesk.page\/pt\/wp-json\/wp\/v2\/media\/5666039"}],"wp:attachment":[{"href":"https:\/\/stoic-curie.212-227-153-4.plesk.page\/pt\/wp-json\/wp\/v2\/media?parent=5667486"}],"wp:term":[{"taxonomy":"product_brand","embeddable":true,"href":"https:\/\/stoic-curie.212-227-153-4.plesk.page\/pt\/wp-json\/wp\/v2\/product_brand?post=5667486"},{"taxonomy":"product_cat","embeddable":true,"href":"https:\/\/stoic-curie.212-227-153-4.plesk.page\/pt\/wp-json\/wp\/v2\/product_cat?post=5667486"},{"taxonomy":"product_tag","embeddable":true,"href":"https:\/\/stoic-curie.212-227-153-4.plesk.page\/pt\/wp-json\/wp\/v2\/product_tag?post=5667486"}],"curies":[{"name":"wp","href":"https:\/\/api.w.org\/{rel}","templated":true}]}}