{"id":5720788,"date":"2026-02-04T10:15:08","date_gmt":"2026-02-04T09:15:08","guid":{"rendered":"https:\/\/stoic-curie.212-227-153-4.plesk.page\/product\/bomba-maceradora-ocean-v12\/"},"modified":"2026-02-25T00:28:32","modified_gmt":"2026-02-25T00:28:32","slug":"bomba-maceradora-ocean-v12","status":"publish","type":"product","link":"https:\/\/stoic-curie.212-227-153-4.plesk.page\/pt\/product\/bomba-maceradora-ocean-v12\/","title":{"rendered":"Bomba Maceradora Ocean V12"},"content":{"rendered":"<p>Bomba Maceradora Ocean V12 &#8211; <\/p>\n<div>\n<div><font><span>A Bomba Maceradora Ocean com cabe\u00e7a de pol\u00edmero termoendurecido \u00e9 ideal para tanques e descarga de toaletes.<\/span><\/font><span>\u00a0Esta bomba se auto-prime at\u00e9 2 m, permitindo uma eleva\u00e7\u00e3o vertical de at\u00e9 5 m.<\/span><\/div>\n<p><font><span>Um cortador rotativo desfaz os res\u00edduos antes de serem bombeados para dentro ou fora do tanque de reten\u00e7\u00e3o.<\/span><\/font><br \/><font><span>Nota: A bomba deve ser conectada o mais perto poss\u00edvel da sa\u00edda de descarga do tanque de reten\u00e7\u00e3o.<\/span><\/font><br \/><font><span>Entrada \u00d8 38 mm \/ Sa\u00edda \u00d8 25 mm.<\/span><\/font><\/div>\n","protected":false},"excerpt":{"rendered":"<p>Bomba Maceradora Ocean V12 &#8211; A Bomba Maceradora Ocean com cabe\u00e7a de pol\u00edmero termoendurecido \u00e9 ideal para tanques e descarga<\/p>\n","protected":false},"featured_media":5718803,"comment_status":"open","ping_status":"closed","template":"","meta":[],"product_brand":[3142],"product_cat":[1959,1962],"product_tag":[],"class_list":{"0":"post-5720788","1":"product","2":"type-product","3":"status-publish","4":"has-post-thumbnail","6":"product_brand-matromarine-pt","7":"product_cat-bombas-de-aguas-residuais","8":"product_cat-sanitarios-e-casas-de-banho","10":"first","11":"instock","12":"shipping-taxable","13":"purchasable","14":"product-type-simple"},"_links":{"self":[{"href":"https:\/\/stoic-curie.212-227-153-4.plesk.page\/pt\/wp-json\/wp\/v2\/product\/5720788","targetHints":{"allow":["GET"]}}],"collection":[{"href":"https:\/\/stoic-curie.212-227-153-4.plesk.page\/pt\/wp-json\/wp\/v2\/product"}],"about":[{"href":"https:\/\/stoic-curie.212-227-153-4.plesk.page\/pt\/wp-json\/wp\/v2\/types\/product"}],"replies":[{"embeddable":true,"href":"https:\/\/stoic-curie.212-227-153-4.plesk.page\/pt\/wp-json\/wp\/v2\/comments?post=5720788"}],"version-history":[{"count":0,"href":"https:\/\/stoic-curie.212-227-153-4.plesk.page\/pt\/wp-json\/wp\/v2\/product\/5720788\/revisions"}],"wp:featuredmedia":[{"embeddable":true,"href":"https:\/\/stoic-curie.212-227-153-4.plesk.page\/pt\/wp-json\/wp\/v2\/media\/5718803"}],"wp:attachment":[{"href":"https:\/\/stoic-curie.212-227-153-4.plesk.page\/pt\/wp-json\/wp\/v2\/media?parent=5720788"}],"wp:term":[{"taxonomy":"product_brand","embeddable":true,"href":"https:\/\/stoic-curie.212-227-153-4.plesk.page\/pt\/wp-json\/wp\/v2\/product_brand?post=5720788"},{"taxonomy":"product_cat","embeddable":true,"href":"https:\/\/stoic-curie.212-227-153-4.plesk.page\/pt\/wp-json\/wp\/v2\/product_cat?post=5720788"},{"taxonomy":"product_tag","embeddable":true,"href":"https:\/\/stoic-curie.212-227-153-4.plesk.page\/pt\/wp-json\/wp\/v2\/product_tag?post=5720788"}],"curies":[{"name":"wp","href":"https:\/\/api.w.org\/{rel}","templated":true}]}}