{"id":5720792,"date":"2026-02-04T10:15:12","date_gmt":"2026-02-04T09:15:12","guid":{"rendered":"https:\/\/stoic-curie.212-227-153-4.plesk.page\/product\/valvula-de-bola-trudesign-g-1-1-2-rosca\/"},"modified":"2026-02-25T00:28:32","modified_gmt":"2026-02-25T00:28:32","slug":"valvula-de-bola-trudesign-g-1-1-2-rosca","status":"publish","type":"product","link":"https:\/\/stoic-curie.212-227-153-4.plesk.page\/pt\/product\/valvula-de-bola-trudesign-g-1-1-2-rosca\/","title":{"rendered":"V\u00e1lvula de bola Trudesign g 1 1\/2 rosca (&#8221; )"},"content":{"rendered":"<p>V\u00e1lvula de bola Trudesign g 1 1\/2 rosca (&#8221; ) &#8211; <\/p>\n<p>A v\u00e1lvula de bola Trudesign \u00e9 moldada em comp\u00f3sito refor\u00e7ado com vidro. \u00c9 resistente \u00e0 corros\u00e3o qu\u00edmica e galv\u00e2nica, desgaste e press\u00e3o. Fabricada em material n\u00e3o t\u00f3xico, funciona efetivamente em um intervalo de temperatura de -40 \u00b0C a +110 \u00b0C, tornando-a adequada para aplica\u00e7\u00f5es acima e abaixo da linha d&#8217;\u00e1gua.<\/p>\n","protected":false},"excerpt":{"rendered":"<p>V\u00e1lvula de bola Trudesign g 1 1\/2 rosca (&#8221; ) &#8211; A v\u00e1lvula de bola Trudesign \u00e9 moldada em comp\u00f3sito<\/p>\n","protected":false},"featured_media":5665541,"comment_status":"open","ping_status":"closed","template":"","meta":[],"product_brand":[3207],"product_cat":[1948,1957],"product_tag":[],"class_list":{"0":"post-5720792","1":"product","2":"type-product","3":"status-publish","4":"has-post-thumbnail","6":"product_brand-nova-argonautica-pt","7":"product_cat-acessorios-para-canalizacao-de-plastico","8":"product_cat-valvulas-maritimas","10":"first","11":"instock","12":"shipping-taxable","13":"purchasable","14":"product-type-simple"},"_links":{"self":[{"href":"https:\/\/stoic-curie.212-227-153-4.plesk.page\/pt\/wp-json\/wp\/v2\/product\/5720792","targetHints":{"allow":["GET"]}}],"collection":[{"href":"https:\/\/stoic-curie.212-227-153-4.plesk.page\/pt\/wp-json\/wp\/v2\/product"}],"about":[{"href":"https:\/\/stoic-curie.212-227-153-4.plesk.page\/pt\/wp-json\/wp\/v2\/types\/product"}],"replies":[{"embeddable":true,"href":"https:\/\/stoic-curie.212-227-153-4.plesk.page\/pt\/wp-json\/wp\/v2\/comments?post=5720792"}],"version-history":[{"count":0,"href":"https:\/\/stoic-curie.212-227-153-4.plesk.page\/pt\/wp-json\/wp\/v2\/product\/5720792\/revisions"}],"wp:featuredmedia":[{"embeddable":true,"href":"https:\/\/stoic-curie.212-227-153-4.plesk.page\/pt\/wp-json\/wp\/v2\/media\/5665541"}],"wp:attachment":[{"href":"https:\/\/stoic-curie.212-227-153-4.plesk.page\/pt\/wp-json\/wp\/v2\/media?parent=5720792"}],"wp:term":[{"taxonomy":"product_brand","embeddable":true,"href":"https:\/\/stoic-curie.212-227-153-4.plesk.page\/pt\/wp-json\/wp\/v2\/product_brand?post=5720792"},{"taxonomy":"product_cat","embeddable":true,"href":"https:\/\/stoic-curie.212-227-153-4.plesk.page\/pt\/wp-json\/wp\/v2\/product_cat?post=5720792"},{"taxonomy":"product_tag","embeddable":true,"href":"https:\/\/stoic-curie.212-227-153-4.plesk.page\/pt\/wp-json\/wp\/v2\/product_tag?post=5720792"}],"curies":[{"name":"wp","href":"https:\/\/api.w.org\/{rel}","templated":true}]}}