{"id":5720802,"date":"2026-02-04T10:15:21","date_gmt":"2026-02-04T09:15:21","guid":{"rendered":"https:\/\/stoic-curie.212-227-153-4.plesk.page\/product\/niple-redutor-duplo-em-bronze-g-3-x-21-2-rosca\/"},"modified":"2026-02-25T00:28:32","modified_gmt":"2026-02-25T00:28:32","slug":"niple-redutor-duplo-em-bronze-g-3-x-21-2-rosca","status":"publish","type":"product","link":"https:\/\/stoic-curie.212-227-153-4.plesk.page\/pt\/product\/niple-redutor-duplo-em-bronze-g-3-x-21-2-rosca\/","title":{"rendered":"Niple Redutor Duplo em Bronze G 3&#8243; x 2&#8243;1\/2 Rosca"},"content":{"rendered":"<p>Niple Redutor Duplo em Bronze G 3&#8243; x 2&#8243;1\/2 Rosca &#8211; <\/p>\n<p>Este niple redutor duplo em bronze \u00e9 projetado para alta durabilidade e versatilidade em aplica\u00e7\u00f5es de encanamento.<\/p>\n","protected":false},"excerpt":{"rendered":"<p>Niple Redutor Duplo em Bronze G 3&#8243; x 2&#8243;1\/2 Rosca &#8211; Este niple redutor duplo em bronze \u00e9 projetado para<\/p>\n","protected":false},"featured_media":5941475,"comment_status":"open","ping_status":"closed","template":"","meta":[],"product_brand":[2997],"product_cat":[1956],"product_tag":[],"class_list":{"0":"post-5720802","1":"product","2":"type-product","3":"status-publish","4":"has-post-thumbnail","6":"product_brand-guidi-marine-pt","7":"product_cat-acessorios-de-canalizacao-em-bronze","9":"first","10":"instock","11":"shipping-taxable","12":"purchasable","13":"product-type-simple"},"_links":{"self":[{"href":"https:\/\/stoic-curie.212-227-153-4.plesk.page\/pt\/wp-json\/wp\/v2\/product\/5720802","targetHints":{"allow":["GET"]}}],"collection":[{"href":"https:\/\/stoic-curie.212-227-153-4.plesk.page\/pt\/wp-json\/wp\/v2\/product"}],"about":[{"href":"https:\/\/stoic-curie.212-227-153-4.plesk.page\/pt\/wp-json\/wp\/v2\/types\/product"}],"replies":[{"embeddable":true,"href":"https:\/\/stoic-curie.212-227-153-4.plesk.page\/pt\/wp-json\/wp\/v2\/comments?post=5720802"}],"version-history":[{"count":0,"href":"https:\/\/stoic-curie.212-227-153-4.plesk.page\/pt\/wp-json\/wp\/v2\/product\/5720802\/revisions"}],"wp:featuredmedia":[{"embeddable":true,"href":"https:\/\/stoic-curie.212-227-153-4.plesk.page\/pt\/wp-json\/wp\/v2\/media\/5941475"}],"wp:attachment":[{"href":"https:\/\/stoic-curie.212-227-153-4.plesk.page\/pt\/wp-json\/wp\/v2\/media?parent=5720802"}],"wp:term":[{"taxonomy":"product_brand","embeddable":true,"href":"https:\/\/stoic-curie.212-227-153-4.plesk.page\/pt\/wp-json\/wp\/v2\/product_brand?post=5720802"},{"taxonomy":"product_cat","embeddable":true,"href":"https:\/\/stoic-curie.212-227-153-4.plesk.page\/pt\/wp-json\/wp\/v2\/product_cat?post=5720802"},{"taxonomy":"product_tag","embeddable":true,"href":"https:\/\/stoic-curie.212-227-153-4.plesk.page\/pt\/wp-json\/wp\/v2\/product_tag?post=5720802"}],"curies":[{"name":"wp","href":"https:\/\/api.w.org\/{rel}","templated":true}]}}