{"id":5720803,"date":"2026-02-04T10:15:22","date_gmt":"2026-02-04T09:15:22","guid":{"rendered":"https:\/\/stoic-curie.212-227-153-4.plesk.page\/product\/te-de-bronze-2-1-2-rosca\/"},"modified":"2026-02-25T00:28:32","modified_gmt":"2026-02-25T00:28:32","slug":"te-de-bronze-2-1-2-rosca","status":"publish","type":"product","link":"https:\/\/stoic-curie.212-227-153-4.plesk.page\/pt\/product\/te-de-bronze-2-1-2-rosca\/","title":{"rendered":"T\u00ea de Bronze 2&#8243; 1\/2 Rosca"},"content":{"rendered":"<p>T\u00ea de Bronze 2&#8243; 1\/2 Rosca &#8211; <\/p>\n<p>Conector em T de bronze para aplica\u00e7\u00f5es de encanamento confi\u00e1veis.<\/p>\n","protected":false},"excerpt":{"rendered":"<p>T\u00ea de Bronze 2&#8243; 1\/2 Rosca &#8211; Conector em T de bronze para aplica\u00e7\u00f5es de encanamento confi\u00e1veis.<\/p>\n","protected":false},"featured_media":5941473,"comment_status":"open","ping_status":"closed","template":"","meta":[],"product_brand":[2997],"product_cat":[1956],"product_tag":[],"class_list":{"0":"post-5720803","1":"product","2":"type-product","3":"status-publish","4":"has-post-thumbnail","6":"product_brand-guidi-marine-pt","7":"product_cat-acessorios-de-canalizacao-em-bronze","9":"first","10":"instock","11":"shipping-taxable","12":"purchasable","13":"product-type-simple"},"_links":{"self":[{"href":"https:\/\/stoic-curie.212-227-153-4.plesk.page\/pt\/wp-json\/wp\/v2\/product\/5720803","targetHints":{"allow":["GET"]}}],"collection":[{"href":"https:\/\/stoic-curie.212-227-153-4.plesk.page\/pt\/wp-json\/wp\/v2\/product"}],"about":[{"href":"https:\/\/stoic-curie.212-227-153-4.plesk.page\/pt\/wp-json\/wp\/v2\/types\/product"}],"replies":[{"embeddable":true,"href":"https:\/\/stoic-curie.212-227-153-4.plesk.page\/pt\/wp-json\/wp\/v2\/comments?post=5720803"}],"version-history":[{"count":0,"href":"https:\/\/stoic-curie.212-227-153-4.plesk.page\/pt\/wp-json\/wp\/v2\/product\/5720803\/revisions"}],"wp:featuredmedia":[{"embeddable":true,"href":"https:\/\/stoic-curie.212-227-153-4.plesk.page\/pt\/wp-json\/wp\/v2\/media\/5941473"}],"wp:attachment":[{"href":"https:\/\/stoic-curie.212-227-153-4.plesk.page\/pt\/wp-json\/wp\/v2\/media?parent=5720803"}],"wp:term":[{"taxonomy":"product_brand","embeddable":true,"href":"https:\/\/stoic-curie.212-227-153-4.plesk.page\/pt\/wp-json\/wp\/v2\/product_brand?post=5720803"},{"taxonomy":"product_cat","embeddable":true,"href":"https:\/\/stoic-curie.212-227-153-4.plesk.page\/pt\/wp-json\/wp\/v2\/product_cat?post=5720803"},{"taxonomy":"product_tag","embeddable":true,"href":"https:\/\/stoic-curie.212-227-153-4.plesk.page\/pt\/wp-json\/wp\/v2\/product_tag?post=5720803"}],"curies":[{"name":"wp","href":"https:\/\/api.w.org\/{rel}","templated":true}]}}