{"id":5720808,"date":"2026-02-04T10:15:27","date_gmt":"2026-02-04T09:15:27","guid":{"rendered":"https:\/\/stoic-curie.212-227-153-4.plesk.page\/product\/bomba-de-oxigenacao-aqua-spx-johnson-modelo-500-aqua-flex\/"},"modified":"2026-02-25T00:28:40","modified_gmt":"2026-02-25T00:28:40","slug":"bomba-de-oxigenacao-aqua-spx-johnson-modelo-500-aqua-flex","status":"publish","type":"product","link":"https:\/\/stoic-curie.212-227-153-4.plesk.page\/pt\/product\/bomba-de-oxigenacao-aqua-spx-johnson-modelo-500-aqua-flex\/","title":{"rendered":"Bomba de Oxigena\u00e7\u00e3o Aqua SPX Johnson Modelo 500 Aqua Flex"},"content":{"rendered":"<p>Bomba de Oxigena\u00e7\u00e3o Aqua SPX Johnson Modelo 500 Aqua Flex &#8211; <\/p>\n<p>Bomba de oxigena\u00e7\u00e3o Aqua SPX Johnson para viveiros, projetada para qualidade e durabilidade excepcionais. A bomba possui uma base e uma cabe\u00e7a remov\u00edveis para f\u00e1cil limpeza. Est\u00e1 equipada com um prensa-cabo estanque e um conector Deutsch para desconex\u00e3o r\u00e1pida do sistema durante a manuten\u00e7\u00e3o. O inv\u00f3lucro em termofixo abriga um motor selado resfriado a \u00e1gua e um eixo de a\u00e7o inoxid\u00e1vel. Inclui portas roscadas de 3\/4&#8243; com acess\u00f3rios. Dimens\u00f5es da bomba: \u00d880 x H170 mm. Aqua Flex inclui um conector de casca de 140 mm, com \u00e2ngulo de instala\u00e7\u00e3o ajust\u00e1vel em qualquer posi\u00e7\u00e3o. Aqua Twinport permite o uso da mesma entrada para uma bomba adicional (por exemplo, lavagem do conv\u00e9s).<\/p>\n","protected":false},"excerpt":{"rendered":"<p>Bomba de Oxigena\u00e7\u00e3o Aqua SPX Johnson Modelo 500 Aqua Flex &#8211; Bomba de oxigena\u00e7\u00e3o Aqua SPX Johnson para viveiros, projetada<\/p>\n","protected":false},"featured_media":5718843,"comment_status":"open","ping_status":"closed","template":"","meta":[],"product_brand":[3047],"product_cat":[2130],"product_tag":[],"class_list":{"0":"post-5720808","1":"product","2":"type-product","3":"status-publish","4":"has-post-thumbnail","6":"product_brand-johnson-marine-pt","7":"product_cat-acessorios-para-pesca","9":"first","10":"instock","11":"shipping-taxable","12":"purchasable","13":"product-type-simple"},"_links":{"self":[{"href":"https:\/\/stoic-curie.212-227-153-4.plesk.page\/pt\/wp-json\/wp\/v2\/product\/5720808","targetHints":{"allow":["GET"]}}],"collection":[{"href":"https:\/\/stoic-curie.212-227-153-4.plesk.page\/pt\/wp-json\/wp\/v2\/product"}],"about":[{"href":"https:\/\/stoic-curie.212-227-153-4.plesk.page\/pt\/wp-json\/wp\/v2\/types\/product"}],"replies":[{"embeddable":true,"href":"https:\/\/stoic-curie.212-227-153-4.plesk.page\/pt\/wp-json\/wp\/v2\/comments?post=5720808"}],"version-history":[{"count":0,"href":"https:\/\/stoic-curie.212-227-153-4.plesk.page\/pt\/wp-json\/wp\/v2\/product\/5720808\/revisions"}],"wp:featuredmedia":[{"embeddable":true,"href":"https:\/\/stoic-curie.212-227-153-4.plesk.page\/pt\/wp-json\/wp\/v2\/media\/5718843"}],"wp:attachment":[{"href":"https:\/\/stoic-curie.212-227-153-4.plesk.page\/pt\/wp-json\/wp\/v2\/media?parent=5720808"}],"wp:term":[{"taxonomy":"product_brand","embeddable":true,"href":"https:\/\/stoic-curie.212-227-153-4.plesk.page\/pt\/wp-json\/wp\/v2\/product_brand?post=5720808"},{"taxonomy":"product_cat","embeddable":true,"href":"https:\/\/stoic-curie.212-227-153-4.plesk.page\/pt\/wp-json\/wp\/v2\/product_cat?post=5720808"},{"taxonomy":"product_tag","embeddable":true,"href":"https:\/\/stoic-curie.212-227-153-4.plesk.page\/pt\/wp-json\/wp\/v2\/product_tag?post=5720808"}],"curies":[{"name":"wp","href":"https:\/\/api.w.org\/{rel}","templated":true}]}}