{"id":5720809,"date":"2026-02-04T10:15:28","date_gmt":"2026-02-04T09:15:28","guid":{"rendered":"https:\/\/stoic-curie.212-227-153-4.plesk.page\/product\/bomba-de-oxigenacao-spx-johnson-aqua-modelo-800-aqua-flex\/"},"modified":"2026-02-25T00:28:40","modified_gmt":"2026-02-25T00:28:40","slug":"bomba-de-oxigenacao-spx-johnson-aqua-modelo-800-aqua-flex","status":"publish","type":"product","link":"https:\/\/stoic-curie.212-227-153-4.plesk.page\/pt\/product\/bomba-de-oxigenacao-spx-johnson-aqua-modelo-800-aqua-flex\/","title":{"rendered":"Bomba de Oxigena\u00e7\u00e3o SPX Johnson Aqua Modelo 800 Aqua Flex"},"content":{"rendered":"<p>Bomba de Oxigena\u00e7\u00e3o SPX Johnson Aqua Modelo 800 Aqua Flex &#8211; <\/p>\n<p>A bomba de oxigena\u00e7\u00e3o SPX Johnson Aqua \u00e9 projetada para viveiros, oferecendo qualidade e durabilidade superiores. Possui uma base e cabe\u00e7a remov\u00edveis para f\u00e1cil limpeza e est\u00e1 equipada com um canal de cabo \u00e0 prova d&#8217;\u00e1gua e conector Deutsch, permitindo a desconex\u00e3o r\u00e1pida do sistema durante a manuten\u00e7\u00e3o. O inv\u00f3lucro em termopl\u00e1stico cont\u00e9m um motor selado refrigerado a \u00e1gua e um eixo em a\u00e7o inoxid\u00e1vel. A bomba inclui portas rosqueadas de 3\/4&#8243; com acess\u00f3rios inclu\u00eddos. Dimens\u00f5es: \u00d880 x H170 mm. O modelo Aqua Flex inclui um conector de casco de 140 mm, permitindo uma instala\u00e7\u00e3o de \u00e2ngulo ajust\u00e1vel em qualquer posi\u00e7\u00e3o. O recurso Aqua Twinport permite o uso da mesma entrada para uma bomba adicional, como por exemplo para lavagem de conv\u00e9s.<\/p>\n","protected":false},"excerpt":{"rendered":"<p>Bomba de Oxigena\u00e7\u00e3o SPX Johnson Aqua Modelo 800 Aqua Flex &#8211; A bomba de oxigena\u00e7\u00e3o SPX Johnson Aqua \u00e9 projetada<\/p>\n","protected":false},"featured_media":5718843,"comment_status":"open","ping_status":"closed","template":"","meta":[],"product_brand":[3047],"product_cat":[2130],"product_tag":[],"class_list":{"0":"post-5720809","1":"product","2":"type-product","3":"status-publish","4":"has-post-thumbnail","6":"product_brand-johnson-marine-pt","7":"product_cat-acessorios-para-pesca","9":"first","10":"instock","11":"shipping-taxable","12":"purchasable","13":"product-type-simple"},"_links":{"self":[{"href":"https:\/\/stoic-curie.212-227-153-4.plesk.page\/pt\/wp-json\/wp\/v2\/product\/5720809","targetHints":{"allow":["GET"]}}],"collection":[{"href":"https:\/\/stoic-curie.212-227-153-4.plesk.page\/pt\/wp-json\/wp\/v2\/product"}],"about":[{"href":"https:\/\/stoic-curie.212-227-153-4.plesk.page\/pt\/wp-json\/wp\/v2\/types\/product"}],"replies":[{"embeddable":true,"href":"https:\/\/stoic-curie.212-227-153-4.plesk.page\/pt\/wp-json\/wp\/v2\/comments?post=5720809"}],"version-history":[{"count":0,"href":"https:\/\/stoic-curie.212-227-153-4.plesk.page\/pt\/wp-json\/wp\/v2\/product\/5720809\/revisions"}],"wp:featuredmedia":[{"embeddable":true,"href":"https:\/\/stoic-curie.212-227-153-4.plesk.page\/pt\/wp-json\/wp\/v2\/media\/5718843"}],"wp:attachment":[{"href":"https:\/\/stoic-curie.212-227-153-4.plesk.page\/pt\/wp-json\/wp\/v2\/media?parent=5720809"}],"wp:term":[{"taxonomy":"product_brand","embeddable":true,"href":"https:\/\/stoic-curie.212-227-153-4.plesk.page\/pt\/wp-json\/wp\/v2\/product_brand?post=5720809"},{"taxonomy":"product_cat","embeddable":true,"href":"https:\/\/stoic-curie.212-227-153-4.plesk.page\/pt\/wp-json\/wp\/v2\/product_cat?post=5720809"},{"taxonomy":"product_tag","embeddable":true,"href":"https:\/\/stoic-curie.212-227-153-4.plesk.page\/pt\/wp-json\/wp\/v2\/product_tag?post=5720809"}],"curies":[{"name":"wp","href":"https:\/\/api.w.org\/{rel}","templated":true}]}}