{"id":5720815,"date":"2026-02-04T10:15:33","date_gmt":"2026-02-04T09:15:33","guid":{"rendered":"https:\/\/stoic-curie.212-227-153-4.plesk.page\/product\/carregador-de-bateria-k-tool-v12\/"},"modified":"2026-02-25T00:28:40","modified_gmt":"2026-02-25T00:28:40","slug":"carregador-de-bateria-k-tool-v12","status":"publish","type":"product","link":"https:\/\/stoic-curie.212-227-153-4.plesk.page\/pt\/product\/carregador-de-bateria-k-tool-v12\/","title":{"rendered":"Carregador de Bateria K-tool V12"},"content":{"rendered":"<p>Carregador de Bateria K-tool V12 &#8211; Este carregador de bateria de alto desempenho tem uma sa\u00edda m\u00e1xima de 3,6A. Com dimens\u00f5es compactas de 160 x 80 x 41 mm e um peso leve de apenas 40 g, \u00e9 a solu\u00e7\u00e3o perfeita para carregar de forma eficiente.<\/p>\n","protected":false},"excerpt":{"rendered":"<p>Carregador de Bateria K-tool V12 &#8211; Este carregador de bateria de alto desempenho tem uma sa\u00edda m\u00e1xima de 3,6A. Com<\/p>\n","protected":false},"featured_media":5718876,"comment_status":"open","ping_status":"closed","template":"","meta":[],"product_brand":[2832],"product_cat":[2024],"product_tag":[],"class_list":{"0":"post-5720815","1":"product","2":"type-product","3":"status-publish","4":"has-post-thumbnail","6":"product_brand-blue-sea-systems-pt","7":"product_cat-carregadores-de-bateria","9":"first","10":"instock","11":"shipping-taxable","12":"purchasable","13":"product-type-simple"},"_links":{"self":[{"href":"https:\/\/stoic-curie.212-227-153-4.plesk.page\/pt\/wp-json\/wp\/v2\/product\/5720815","targetHints":{"allow":["GET"]}}],"collection":[{"href":"https:\/\/stoic-curie.212-227-153-4.plesk.page\/pt\/wp-json\/wp\/v2\/product"}],"about":[{"href":"https:\/\/stoic-curie.212-227-153-4.plesk.page\/pt\/wp-json\/wp\/v2\/types\/product"}],"replies":[{"embeddable":true,"href":"https:\/\/stoic-curie.212-227-153-4.plesk.page\/pt\/wp-json\/wp\/v2\/comments?post=5720815"}],"version-history":[{"count":0,"href":"https:\/\/stoic-curie.212-227-153-4.plesk.page\/pt\/wp-json\/wp\/v2\/product\/5720815\/revisions"}],"wp:featuredmedia":[{"embeddable":true,"href":"https:\/\/stoic-curie.212-227-153-4.plesk.page\/pt\/wp-json\/wp\/v2\/media\/5718876"}],"wp:attachment":[{"href":"https:\/\/stoic-curie.212-227-153-4.plesk.page\/pt\/wp-json\/wp\/v2\/media?parent=5720815"}],"wp:term":[{"taxonomy":"product_brand","embeddable":true,"href":"https:\/\/stoic-curie.212-227-153-4.plesk.page\/pt\/wp-json\/wp\/v2\/product_brand?post=5720815"},{"taxonomy":"product_cat","embeddable":true,"href":"https:\/\/stoic-curie.212-227-153-4.plesk.page\/pt\/wp-json\/wp\/v2\/product_cat?post=5720815"},{"taxonomy":"product_tag","embeddable":true,"href":"https:\/\/stoic-curie.212-227-153-4.plesk.page\/pt\/wp-json\/wp\/v2\/product_tag?post=5720815"}],"curies":[{"name":"wp","href":"https:\/\/api.w.org\/{rel}","templated":true}]}}