{"id":5720816,"date":"2026-02-04T10:15:34","date_gmt":"2026-02-04T09:15:34","guid":{"rendered":"https:\/\/stoic-curie.212-227-153-4.plesk.page\/product\/caixa-de-bateria-eletronica-100ah\/"},"modified":"2026-02-25T00:28:40","modified_gmt":"2026-02-25T00:28:40","slug":"caixa-de-bateria-eletronica-100ah","status":"publish","type":"product","link":"https:\/\/stoic-curie.212-227-153-4.plesk.page\/pt\/product\/caixa-de-bateria-eletronica-100ah\/","title":{"rendered":"Caixa de Bateria Eletr\u00f3nica 100Ah"},"content":{"rendered":"<p>Caixa de Bateria Eletr\u00f3nica 100Ah &#8211; <\/p>\n<p>A Caixa de Bateria Eletr\u00f3nica \u00e9 projetada para baterias de 12V com capacidade de at\u00e9 100Ah. Possui um display de volt\u00edmetro, interruptor de bateria, conectores Anderson, duas entradas USB, um disjuntor autom\u00e1tico reset\u00e1vel de 10A, um soquete de 12V e uma correia de seguran\u00e7a.<\/p>\n","protected":false},"excerpt":{"rendered":"<p>Caixa de Bateria Eletr\u00f3nica 100Ah &#8211; A Caixa de Bateria Eletr\u00f3nica \u00e9 projetada para baterias de 12V com capacidade de<\/p>\n","protected":false},"featured_media":5718878,"comment_status":"open","ping_status":"closed","template":"","meta":[],"product_brand":[3207],"product_cat":[2016],"product_tag":[],"class_list":{"0":"post-5720816","1":"product","2":"type-product","3":"status-publish","4":"has-post-thumbnail","6":"product_brand-nova-argonautica-pt","7":"product_cat-baterias-equipamento-eletrico","9":"first","10":"instock","11":"shipping-taxable","12":"purchasable","13":"product-type-simple"},"_links":{"self":[{"href":"https:\/\/stoic-curie.212-227-153-4.plesk.page\/pt\/wp-json\/wp\/v2\/product\/5720816","targetHints":{"allow":["GET"]}}],"collection":[{"href":"https:\/\/stoic-curie.212-227-153-4.plesk.page\/pt\/wp-json\/wp\/v2\/product"}],"about":[{"href":"https:\/\/stoic-curie.212-227-153-4.plesk.page\/pt\/wp-json\/wp\/v2\/types\/product"}],"replies":[{"embeddable":true,"href":"https:\/\/stoic-curie.212-227-153-4.plesk.page\/pt\/wp-json\/wp\/v2\/comments?post=5720816"}],"version-history":[{"count":0,"href":"https:\/\/stoic-curie.212-227-153-4.plesk.page\/pt\/wp-json\/wp\/v2\/product\/5720816\/revisions"}],"wp:featuredmedia":[{"embeddable":true,"href":"https:\/\/stoic-curie.212-227-153-4.plesk.page\/pt\/wp-json\/wp\/v2\/media\/5718878"}],"wp:attachment":[{"href":"https:\/\/stoic-curie.212-227-153-4.plesk.page\/pt\/wp-json\/wp\/v2\/media?parent=5720816"}],"wp:term":[{"taxonomy":"product_brand","embeddable":true,"href":"https:\/\/stoic-curie.212-227-153-4.plesk.page\/pt\/wp-json\/wp\/v2\/product_brand?post=5720816"},{"taxonomy":"product_cat","embeddable":true,"href":"https:\/\/stoic-curie.212-227-153-4.plesk.page\/pt\/wp-json\/wp\/v2\/product_cat?post=5720816"},{"taxonomy":"product_tag","embeddable":true,"href":"https:\/\/stoic-curie.212-227-153-4.plesk.page\/pt\/wp-json\/wp\/v2\/product_tag?post=5720816"}],"curies":[{"name":"wp","href":"https:\/\/api.w.org\/{rel}","templated":true}]}}