{"id":5720817,"date":"2026-02-04T10:15:35","date_gmt":"2026-02-04T09:15:35","guid":{"rendered":"https:\/\/stoic-curie.212-227-153-4.plesk.page\/product\/painel-de-aluminio-com-botoes-em-aco-inoxidavel-e-disjuntores-95-x-178-mm\/"},"modified":"2026-02-25T00:28:40","modified_gmt":"2026-02-25T00:28:40","slug":"painel-de-aluminio-com-botoes-em-aco-inoxidavel-e-disjuntores-95-x-178-mm","status":"publish","type":"product","link":"https:\/\/stoic-curie.212-227-153-4.plesk.page\/pt\/product\/painel-de-aluminio-com-botoes-em-aco-inoxidavel-e-disjuntores-95-x-178-mm\/","title":{"rendered":"Painel de Alum\u00ednio com Bot\u00f5es em A\u00e7o Inoxid\u00e1vel e Disjuntores &#8211; 95 x 178 mm"},"content":{"rendered":"<p>Painel de Alum\u00ednio com Bot\u00f5es em A\u00e7o Inoxid\u00e1vel e Disjuntores &#8211; 95 x 178 mm &#8211; <\/p>\n<p>Painel de alum\u00ednio \u00e0 prova d&#8217;\u00e1gua IP65 com bot\u00f5es em a\u00e7o inoxid\u00e1vel de 12\/24V-15A de D19 mm, luz LED azul e disjuntores autom\u00e1ticos reinser\u00edveis. Completo com parafusos de montagem e um conjunto de etiquetas.<\/p>\n","protected":false},"excerpt":{"rendered":"<p>Painel de Alum\u00ednio com Bot\u00f5es em A\u00e7o Inoxid\u00e1vel e Disjuntores &#8211; 95 x 178 mm &#8211; Painel de alum\u00ednio \u00e0<\/p>\n","protected":false},"featured_media":5718882,"comment_status":"open","ping_status":"closed","template":"","meta":[],"product_brand":[2832],"product_cat":[2033],"product_tag":[],"class_list":{"0":"post-5720817","1":"product","2":"type-product","3":"status-publish","4":"has-post-thumbnail","6":"product_brand-blue-sea-systems-pt","7":"product_cat-quadros-eletricos","9":"first","10":"instock","11":"shipping-taxable","12":"purchasable","13":"product-type-simple"},"_links":{"self":[{"href":"https:\/\/stoic-curie.212-227-153-4.plesk.page\/pt\/wp-json\/wp\/v2\/product\/5720817","targetHints":{"allow":["GET"]}}],"collection":[{"href":"https:\/\/stoic-curie.212-227-153-4.plesk.page\/pt\/wp-json\/wp\/v2\/product"}],"about":[{"href":"https:\/\/stoic-curie.212-227-153-4.plesk.page\/pt\/wp-json\/wp\/v2\/types\/product"}],"replies":[{"embeddable":true,"href":"https:\/\/stoic-curie.212-227-153-4.plesk.page\/pt\/wp-json\/wp\/v2\/comments?post=5720817"}],"version-history":[{"count":0,"href":"https:\/\/stoic-curie.212-227-153-4.plesk.page\/pt\/wp-json\/wp\/v2\/product\/5720817\/revisions"}],"wp:featuredmedia":[{"embeddable":true,"href":"https:\/\/stoic-curie.212-227-153-4.plesk.page\/pt\/wp-json\/wp\/v2\/media\/5718882"}],"wp:attachment":[{"href":"https:\/\/stoic-curie.212-227-153-4.plesk.page\/pt\/wp-json\/wp\/v2\/media?parent=5720817"}],"wp:term":[{"taxonomy":"product_brand","embeddable":true,"href":"https:\/\/stoic-curie.212-227-153-4.plesk.page\/pt\/wp-json\/wp\/v2\/product_brand?post=5720817"},{"taxonomy":"product_cat","embeddable":true,"href":"https:\/\/stoic-curie.212-227-153-4.plesk.page\/pt\/wp-json\/wp\/v2\/product_cat?post=5720817"},{"taxonomy":"product_tag","embeddable":true,"href":"https:\/\/stoic-curie.212-227-153-4.plesk.page\/pt\/wp-json\/wp\/v2\/product_tag?post=5720817"}],"curies":[{"name":"wp","href":"https:\/\/api.w.org\/{rel}","templated":true}]}}