{"id":5720819,"date":"2026-02-04T10:15:36","date_gmt":"2026-02-04T09:15:36","guid":{"rendered":"https:\/\/stoic-curie.212-227-153-4.plesk.page\/product\/painel-de-carbono-de-aluminio-com-botoes-de-aco-inoxidavel-e-botoes-de-interruptores-8-dimensoes-95-x-231-mm\/"},"modified":"2026-02-25T00:28:40","modified_gmt":"2026-02-25T00:28:40","slug":"painel-de-carbono-de-aluminio-com-botoes-de-aco-inoxidavel-e-botoes-de-interruptores-8-dimensoes-95-x-231-mm","status":"publish","type":"product","link":"https:\/\/stoic-curie.212-227-153-4.plesk.page\/pt\/product\/painel-de-carbono-de-aluminio-com-botoes-de-aco-inoxidavel-e-botoes-de-interruptores-8-dimensoes-95-x-231-mm\/","title":{"rendered":"Painel de Carbono de Alum\u00ednio com Bot\u00f5es de A\u00e7o Inoxid\u00e1vel e Bot\u00f5es de Interruptores 8, Dimens\u00f5es 95 x 231 mm"},"content":{"rendered":"<p>Painel de Carbono de Alum\u00ednio com Bot\u00f5es de A\u00e7o Inoxid\u00e1vel e Bot\u00f5es de Interruptores 8, Dimens\u00f5es 95 x 231 mm &#8211; <\/p>\n<p>Painel de Alum\u00ednio \u00e0 Prova d&#8217;\u00c1gua IP65 com bot\u00f5es de A\u00e7o Inoxid\u00e1vel D19 mm 12\/24V-15A, luz LED azul e disjuntores autom\u00e1ticos reinici\u00e1veis. Completo com parafusos de montagem e um conjunto de etiquetas.<\/p>\n","protected":false},"excerpt":{"rendered":"<p>Painel de Carbono de Alum\u00ednio com Bot\u00f5es de A\u00e7o Inoxid\u00e1vel e Bot\u00f5es de Interruptores 8, Dimens\u00f5es 95 x 231 mm<\/p>\n","protected":false},"featured_media":5718883,"comment_status":"open","ping_status":"closed","template":"","meta":[],"product_brand":[2832],"product_cat":[2033],"product_tag":[],"class_list":{"0":"post-5720819","1":"product","2":"type-product","3":"status-publish","4":"has-post-thumbnail","6":"product_brand-blue-sea-systems-pt","7":"product_cat-quadros-eletricos","9":"first","10":"instock","11":"shipping-taxable","12":"purchasable","13":"product-type-simple"},"_links":{"self":[{"href":"https:\/\/stoic-curie.212-227-153-4.plesk.page\/pt\/wp-json\/wp\/v2\/product\/5720819","targetHints":{"allow":["GET"]}}],"collection":[{"href":"https:\/\/stoic-curie.212-227-153-4.plesk.page\/pt\/wp-json\/wp\/v2\/product"}],"about":[{"href":"https:\/\/stoic-curie.212-227-153-4.plesk.page\/pt\/wp-json\/wp\/v2\/types\/product"}],"replies":[{"embeddable":true,"href":"https:\/\/stoic-curie.212-227-153-4.plesk.page\/pt\/wp-json\/wp\/v2\/comments?post=5720819"}],"version-history":[{"count":0,"href":"https:\/\/stoic-curie.212-227-153-4.plesk.page\/pt\/wp-json\/wp\/v2\/product\/5720819\/revisions"}],"wp:featuredmedia":[{"embeddable":true,"href":"https:\/\/stoic-curie.212-227-153-4.plesk.page\/pt\/wp-json\/wp\/v2\/media\/5718883"}],"wp:attachment":[{"href":"https:\/\/stoic-curie.212-227-153-4.plesk.page\/pt\/wp-json\/wp\/v2\/media?parent=5720819"}],"wp:term":[{"taxonomy":"product_brand","embeddable":true,"href":"https:\/\/stoic-curie.212-227-153-4.plesk.page\/pt\/wp-json\/wp\/v2\/product_brand?post=5720819"},{"taxonomy":"product_cat","embeddable":true,"href":"https:\/\/stoic-curie.212-227-153-4.plesk.page\/pt\/wp-json\/wp\/v2\/product_cat?post=5720819"},{"taxonomy":"product_tag","embeddable":true,"href":"https:\/\/stoic-curie.212-227-153-4.plesk.page\/pt\/wp-json\/wp\/v2\/product_tag?post=5720819"}],"curies":[{"name":"wp","href":"https:\/\/api.w.org\/{rel}","templated":true}]}}