{"id":5720831,"date":"2026-02-04T10:15:47","date_gmt":"2026-02-04T09:15:47","guid":{"rendered":"https:\/\/stoic-curie.212-227-153-4.plesk.page\/product\/plastimo-iris-50-amarelo\/"},"modified":"2026-02-25T00:28:40","modified_gmt":"2026-02-25T00:28:40","slug":"plastimo-iris-50-amarelo","status":"publish","type":"product","link":"https:\/\/stoic-curie.212-227-153-4.plesk.page\/pt\/product\/plastimo-iris-50-amarelo\/","title":{"rendered":"Plastimo Iris 50 Amarelo"},"content":{"rendered":"<p>Plastimo Iris 50 Amarelo &#8211; <\/p>\n<p>A b\u00fassola de rumo e orienta\u00e7\u00e3o Plastimo Iris 50 \u00e9 resistente a choques, tem um toque agrad\u00e1vel e n\u00e3o escorrega mesmo com as m\u00e3os molhadas. <br \/>\u2022 Carta est\u00e1vel e f\u00e1cil de ler, com gradua\u00e7\u00e3o de 1\u00b0 <br \/>\u2022 Leitura superior do rumo para controle imediato da dire\u00e7\u00e3o <br \/>\u2022 Campo de vis\u00e3o de 20\u00b0 <br \/>\u2022 Oscila\u00e7\u00e3o de 12\u00b0 <br \/>\u2022 Ilumina\u00e7\u00e3o fotoluminescente<\/p>\n","protected":false},"excerpt":{"rendered":"<p>Plastimo Iris 50 Amarelo &#8211; A b\u00fassola de rumo e orienta\u00e7\u00e3o Plastimo Iris 50 \u00e9 resistente a choques, tem um<\/p>\n","protected":false},"featured_media":5719026,"comment_status":"open","ping_status":"closed","template":"","meta":[],"product_brand":[3207],"product_cat":[2067,2062],"product_tag":[],"class_list":{"0":"post-5720831","1":"product","2":"type-product","3":"status-publish","4":"has-post-thumbnail","6":"product_brand-nova-argonautica-pt","7":"product_cat-bussola-de-navegacao","8":"product_cat-bussolas-maritimas-portateis","10":"first","11":"instock","12":"shipping-taxable","13":"purchasable","14":"product-type-simple"},"_links":{"self":[{"href":"https:\/\/stoic-curie.212-227-153-4.plesk.page\/pt\/wp-json\/wp\/v2\/product\/5720831","targetHints":{"allow":["GET"]}}],"collection":[{"href":"https:\/\/stoic-curie.212-227-153-4.plesk.page\/pt\/wp-json\/wp\/v2\/product"}],"about":[{"href":"https:\/\/stoic-curie.212-227-153-4.plesk.page\/pt\/wp-json\/wp\/v2\/types\/product"}],"replies":[{"embeddable":true,"href":"https:\/\/stoic-curie.212-227-153-4.plesk.page\/pt\/wp-json\/wp\/v2\/comments?post=5720831"}],"version-history":[{"count":0,"href":"https:\/\/stoic-curie.212-227-153-4.plesk.page\/pt\/wp-json\/wp\/v2\/product\/5720831\/revisions"}],"wp:featuredmedia":[{"embeddable":true,"href":"https:\/\/stoic-curie.212-227-153-4.plesk.page\/pt\/wp-json\/wp\/v2\/media\/5719026"}],"wp:attachment":[{"href":"https:\/\/stoic-curie.212-227-153-4.plesk.page\/pt\/wp-json\/wp\/v2\/media?parent=5720831"}],"wp:term":[{"taxonomy":"product_brand","embeddable":true,"href":"https:\/\/stoic-curie.212-227-153-4.plesk.page\/pt\/wp-json\/wp\/v2\/product_brand?post=5720831"},{"taxonomy":"product_cat","embeddable":true,"href":"https:\/\/stoic-curie.212-227-153-4.plesk.page\/pt\/wp-json\/wp\/v2\/product_cat?post=5720831"},{"taxonomy":"product_tag","embeddable":true,"href":"https:\/\/stoic-curie.212-227-153-4.plesk.page\/pt\/wp-json\/wp\/v2\/product_tag?post=5720831"}],"curies":[{"name":"wp","href":"https:\/\/api.w.org\/{rel}","templated":true}]}}