{"id":5720833,"date":"2026-02-04T10:15:49","date_gmt":"2026-02-04T09:15:49","guid":{"rendered":"https:\/\/stoic-curie.212-227-153-4.plesk.page\/product\/bussola-plastimo-offshore-75-preta\/"},"modified":"2026-02-25T00:28:40","modified_gmt":"2026-02-25T00:28:40","slug":"bussola-plastimo-offshore-75-preta","status":"publish","type":"product","link":"https:\/\/stoic-curie.212-227-153-4.plesk.page\/pt\/product\/bussola-plastimo-offshore-75-preta\/","title":{"rendered":"B\u00fassola Plastimo Offshore 75 &#8211; Preta"},"content":{"rendered":"<p>B\u00fassola Plastimo Offshore 75 &#8211; Preta &#8211; <\/p>\n<p>A B\u00fassola Plastimo Offshore 75 \u00e9 projetada para ser montada embutida em superf\u00edcies horizontais. <br \/>\u2022 Di\u00e2metro do cart\u00e3o: 70 mm <br \/>\u2022 Cart\u00e3o c\u00f4nico com gradua\u00e7\u00f5es de 5\u00b0 para leitura frontal <br \/>\u2022 Adequada para instala\u00e7\u00e3o embutida horizontal ou ligeiramente inclinada <br \/>\u2022 Equipado com ilumina\u00e7\u00e3o LED (12\/24 V) \u2013 por favor, n\u00e3o corte os fios para evitar danos aos LEDs.<\/p>\n","protected":false},"excerpt":{"rendered":"<p>B\u00fassola Plastimo Offshore 75 &#8211; Preta &#8211; A B\u00fassola Plastimo Offshore 75 \u00e9 projetada para ser montada embutida em superf\u00edcies<\/p>\n","protected":false},"featured_media":5719037,"comment_status":"open","ping_status":"closed","template":"","meta":[],"product_brand":[3207],"product_cat":[2067],"product_tag":[],"class_list":{"0":"post-5720833","1":"product","2":"type-product","3":"status-publish","4":"has-post-thumbnail","6":"product_brand-nova-argonautica-pt","7":"product_cat-bussola-de-navegacao","9":"first","10":"instock","11":"shipping-taxable","12":"purchasable","13":"product-type-simple"},"_links":{"self":[{"href":"https:\/\/stoic-curie.212-227-153-4.plesk.page\/pt\/wp-json\/wp\/v2\/product\/5720833","targetHints":{"allow":["GET"]}}],"collection":[{"href":"https:\/\/stoic-curie.212-227-153-4.plesk.page\/pt\/wp-json\/wp\/v2\/product"}],"about":[{"href":"https:\/\/stoic-curie.212-227-153-4.plesk.page\/pt\/wp-json\/wp\/v2\/types\/product"}],"replies":[{"embeddable":true,"href":"https:\/\/stoic-curie.212-227-153-4.plesk.page\/pt\/wp-json\/wp\/v2\/comments?post=5720833"}],"version-history":[{"count":0,"href":"https:\/\/stoic-curie.212-227-153-4.plesk.page\/pt\/wp-json\/wp\/v2\/product\/5720833\/revisions"}],"wp:featuredmedia":[{"embeddable":true,"href":"https:\/\/stoic-curie.212-227-153-4.plesk.page\/pt\/wp-json\/wp\/v2\/media\/5719037"}],"wp:attachment":[{"href":"https:\/\/stoic-curie.212-227-153-4.plesk.page\/pt\/wp-json\/wp\/v2\/media?parent=5720833"}],"wp:term":[{"taxonomy":"product_brand","embeddable":true,"href":"https:\/\/stoic-curie.212-227-153-4.plesk.page\/pt\/wp-json\/wp\/v2\/product_brand?post=5720833"},{"taxonomy":"product_cat","embeddable":true,"href":"https:\/\/stoic-curie.212-227-153-4.plesk.page\/pt\/wp-json\/wp\/v2\/product_cat?post=5720833"},{"taxonomy":"product_tag","embeddable":true,"href":"https:\/\/stoic-curie.212-227-153-4.plesk.page\/pt\/wp-json\/wp\/v2\/product_tag?post=5720833"}],"curies":[{"name":"wp","href":"https:\/\/api.w.org\/{rel}","templated":true}]}}