{"id":5720836,"date":"2026-02-04T10:15:52","date_gmt":"2026-02-04T09:15:52","guid":{"rendered":"https:\/\/stoic-curie.212-227-153-4.plesk.page\/product\/altifalantes-desportivos-clarion-cms-651-o-175-mm\/"},"modified":"2026-02-25T00:28:46","modified_gmt":"2026-02-25T00:28:46","slug":"altifalantes-desportivos-clarion-cms-651-o-175-mm","status":"publish","type":"product","link":"https:\/\/stoic-curie.212-227-153-4.plesk.page\/pt\/product\/altifalantes-desportivos-clarion-cms-651-o-175-mm\/","title":{"rendered":"Altifalantes Desportivos Clarion CMS-651 \u00d8 175 mm"},"content":{"rendered":"<p>Altifalantes Desportivos Clarion CMS-651 \u00d8 175 mm &#8211; <\/p>\n<p>Par de altifalantes de duas vias Clarion CMS-651 fabricados com componentes de grau marinho, apresentando tweeters em c\u00fapula e cones de woofer em pol\u00edmero com filtro passa-alto. Inclui duas grades brancas intercambi\u00e1veis e duas pretas.<\/p>\n","protected":false},"excerpt":{"rendered":"<p>Altifalantes Desportivos Clarion CMS-651 \u00d8 175 mm &#8211; Par de altifalantes de duas vias Clarion CMS-651 fabricados com componentes de<\/p>\n","protected":false},"featured_media":5719085,"comment_status":"open","ping_status":"closed","template":"","meta":[],"product_brand":[3207],"product_cat":[2020],"product_tag":[],"class_list":{"0":"post-5720836","1":"product","2":"type-product","3":"status-publish","4":"has-post-thumbnail","6":"product_brand-nova-argonautica-pt","7":"product_cat-equipamento-de-som-e-colunas","9":"first","10":"instock","11":"shipping-taxable","12":"purchasable","13":"product-type-simple"},"_links":{"self":[{"href":"https:\/\/stoic-curie.212-227-153-4.plesk.page\/pt\/wp-json\/wp\/v2\/product\/5720836","targetHints":{"allow":["GET"]}}],"collection":[{"href":"https:\/\/stoic-curie.212-227-153-4.plesk.page\/pt\/wp-json\/wp\/v2\/product"}],"about":[{"href":"https:\/\/stoic-curie.212-227-153-4.plesk.page\/pt\/wp-json\/wp\/v2\/types\/product"}],"replies":[{"embeddable":true,"href":"https:\/\/stoic-curie.212-227-153-4.plesk.page\/pt\/wp-json\/wp\/v2\/comments?post=5720836"}],"version-history":[{"count":0,"href":"https:\/\/stoic-curie.212-227-153-4.plesk.page\/pt\/wp-json\/wp\/v2\/product\/5720836\/revisions"}],"wp:featuredmedia":[{"embeddable":true,"href":"https:\/\/stoic-curie.212-227-153-4.plesk.page\/pt\/wp-json\/wp\/v2\/media\/5719085"}],"wp:attachment":[{"href":"https:\/\/stoic-curie.212-227-153-4.plesk.page\/pt\/wp-json\/wp\/v2\/media?parent=5720836"}],"wp:term":[{"taxonomy":"product_brand","embeddable":true,"href":"https:\/\/stoic-curie.212-227-153-4.plesk.page\/pt\/wp-json\/wp\/v2\/product_brand?post=5720836"},{"taxonomy":"product_cat","embeddable":true,"href":"https:\/\/stoic-curie.212-227-153-4.plesk.page\/pt\/wp-json\/wp\/v2\/product_cat?post=5720836"},{"taxonomy":"product_tag","embeddable":true,"href":"https:\/\/stoic-curie.212-227-153-4.plesk.page\/pt\/wp-json\/wp\/v2\/product_tag?post=5720836"}],"curies":[{"name":"wp","href":"https:\/\/api.w.org\/{rel}","templated":true}]}}