{"id":5720837,"date":"2026-02-04T10:15:53","date_gmt":"2026-02-04T09:15:53","guid":{"rendered":"https:\/\/stoic-curie.212-227-153-4.plesk.page\/product\/bomba-turbo-eletrica-jobe-12v\/"},"modified":"2026-02-25T00:28:46","modified_gmt":"2026-02-25T00:28:46","slug":"bomba-turbo-eletrica-jobe-12v","status":"publish","type":"product","link":"https:\/\/stoic-curie.212-227-153-4.plesk.page\/pt\/product\/bomba-turbo-eletrica-jobe-12v\/","title":{"rendered":"Bomba Turbo El\u00e9trica Jobe 12V"},"content":{"rendered":"<p>Bomba Turbo El\u00e9trica Jobe 12V &#8211; <\/p>\n<p>A Bomba Turbo El\u00e9trica Jobe 12V vem com uma mangueira resistente a esmagamentos, bico Halkey Roberts e quatro bicos diferentes que se encaixam na maioria das v\u00e1lvulas. Exige 29 Amperes, com press\u00e3o de at\u00e9 0,16 bar (2,3 psi) e fluxo de ar de 23,5 ft\u00b3\/min.<\/p>\n","protected":false},"excerpt":{"rendered":"<p>Bomba Turbo El\u00e9trica Jobe 12V &#8211; A Bomba Turbo El\u00e9trica Jobe 12V vem com uma mangueira resistente a esmagamentos, bico<\/p>\n","protected":false},"featured_media":5719111,"comment_status":"open","ping_status":"closed","template":"","meta":[],"product_brand":[3042],"product_cat":[2133,2132],"product_tag":[],"class_list":{"0":"post-5720837","1":"product","2":"type-product","3":"status-publish","4":"has-post-thumbnail","6":"product_brand-jobe-sports-pt","7":"product_cat-acessorios-para-esqui-aquatico","8":"product_cat-pranchas-de-paddle","10":"first","11":"instock","12":"shipping-taxable","13":"purchasable","14":"product-type-simple"},"_links":{"self":[{"href":"https:\/\/stoic-curie.212-227-153-4.plesk.page\/pt\/wp-json\/wp\/v2\/product\/5720837","targetHints":{"allow":["GET"]}}],"collection":[{"href":"https:\/\/stoic-curie.212-227-153-4.plesk.page\/pt\/wp-json\/wp\/v2\/product"}],"about":[{"href":"https:\/\/stoic-curie.212-227-153-4.plesk.page\/pt\/wp-json\/wp\/v2\/types\/product"}],"replies":[{"embeddable":true,"href":"https:\/\/stoic-curie.212-227-153-4.plesk.page\/pt\/wp-json\/wp\/v2\/comments?post=5720837"}],"version-history":[{"count":0,"href":"https:\/\/stoic-curie.212-227-153-4.plesk.page\/pt\/wp-json\/wp\/v2\/product\/5720837\/revisions"}],"wp:featuredmedia":[{"embeddable":true,"href":"https:\/\/stoic-curie.212-227-153-4.plesk.page\/pt\/wp-json\/wp\/v2\/media\/5719111"}],"wp:attachment":[{"href":"https:\/\/stoic-curie.212-227-153-4.plesk.page\/pt\/wp-json\/wp\/v2\/media?parent=5720837"}],"wp:term":[{"taxonomy":"product_brand","embeddable":true,"href":"https:\/\/stoic-curie.212-227-153-4.plesk.page\/pt\/wp-json\/wp\/v2\/product_brand?post=5720837"},{"taxonomy":"product_cat","embeddable":true,"href":"https:\/\/stoic-curie.212-227-153-4.plesk.page\/pt\/wp-json\/wp\/v2\/product_cat?post=5720837"},{"taxonomy":"product_tag","embeddable":true,"href":"https:\/\/stoic-curie.212-227-153-4.plesk.page\/pt\/wp-json\/wp\/v2\/product_tag?post=5720837"}],"curies":[{"name":"wp","href":"https:\/\/api.w.org\/{rel}","templated":true}]}}