{"id":5720838,"date":"2026-02-04T10:15:54","date_gmt":"2026-02-04T09:15:54","guid":{"rendered":"https:\/\/stoic-curie.212-227-153-4.plesk.page\/product\/bomba-turbo-eletrica-jobe-230v\/"},"modified":"2026-02-25T00:28:46","modified_gmt":"2026-02-25T00:28:46","slug":"bomba-turbo-eletrica-jobe-230v","status":"publish","type":"product","link":"https:\/\/stoic-curie.212-227-153-4.plesk.page\/pt\/product\/bomba-turbo-eletrica-jobe-230v\/","title":{"rendered":"Bomba turbo el\u00e9trica Jobe 230V"},"content":{"rendered":"<p>Bomba turbo el\u00e9trica Jobe 230V &#8211; <\/p>\n<p>Bomba el\u00e9trica turbo Jobe de alta resist\u00eancia 230V. Com bico Halkey Roberts, pode inflar e desinflar. Inflar\u00e1 um towable Hotseat em apenas 45 segundos. Esta bomba funciona especialmente bem em tubos maiores, que podem ser dif\u00edceis de inflar corretamente. Exige 3,87 amperes, alcan\u00e7a uma press\u00e3o de at\u00e9 0,19 bar (2,7 psi) e fornece um fluxo de ar de 48 ft\u00b3\/min.<\/p>\n","protected":false},"excerpt":{"rendered":"<p>Bomba turbo el\u00e9trica Jobe 230V &#8211; Bomba el\u00e9trica turbo Jobe de alta resist\u00eancia 230V. Com bico Halkey Roberts, pode inflar<\/p>\n","protected":false},"featured_media":5719113,"comment_status":"open","ping_status":"closed","template":"","meta":[],"product_brand":[3042],"product_cat":[2133,2132],"product_tag":[],"class_list":{"0":"post-5720838","1":"product","2":"type-product","3":"status-publish","4":"has-post-thumbnail","6":"product_brand-jobe-sports-pt","7":"product_cat-acessorios-para-esqui-aquatico","8":"product_cat-pranchas-de-paddle","10":"first","11":"instock","12":"shipping-taxable","13":"purchasable","14":"product-type-simple"},"_links":{"self":[{"href":"https:\/\/stoic-curie.212-227-153-4.plesk.page\/pt\/wp-json\/wp\/v2\/product\/5720838","targetHints":{"allow":["GET"]}}],"collection":[{"href":"https:\/\/stoic-curie.212-227-153-4.plesk.page\/pt\/wp-json\/wp\/v2\/product"}],"about":[{"href":"https:\/\/stoic-curie.212-227-153-4.plesk.page\/pt\/wp-json\/wp\/v2\/types\/product"}],"replies":[{"embeddable":true,"href":"https:\/\/stoic-curie.212-227-153-4.plesk.page\/pt\/wp-json\/wp\/v2\/comments?post=5720838"}],"version-history":[{"count":0,"href":"https:\/\/stoic-curie.212-227-153-4.plesk.page\/pt\/wp-json\/wp\/v2\/product\/5720838\/revisions"}],"wp:featuredmedia":[{"embeddable":true,"href":"https:\/\/stoic-curie.212-227-153-4.plesk.page\/pt\/wp-json\/wp\/v2\/media\/5719113"}],"wp:attachment":[{"href":"https:\/\/stoic-curie.212-227-153-4.plesk.page\/pt\/wp-json\/wp\/v2\/media?parent=5720838"}],"wp:term":[{"taxonomy":"product_brand","embeddable":true,"href":"https:\/\/stoic-curie.212-227-153-4.plesk.page\/pt\/wp-json\/wp\/v2\/product_brand?post=5720838"},{"taxonomy":"product_cat","embeddable":true,"href":"https:\/\/stoic-curie.212-227-153-4.plesk.page\/pt\/wp-json\/wp\/v2\/product_cat?post=5720838"},{"taxonomy":"product_tag","embeddable":true,"href":"https:\/\/stoic-curie.212-227-153-4.plesk.page\/pt\/wp-json\/wp\/v2\/product_tag?post=5720838"}],"curies":[{"name":"wp","href":"https:\/\/api.w.org\/{rel}","templated":true}]}}