{"id":5720849,"date":"2026-02-04T10:16:03","date_gmt":"2026-02-04T09:16:03","guid":{"rendered":"https:\/\/stoic-curie.212-227-153-4.plesk.page\/product\/colete-softshell-musto-evo-crew-tamanho-s-preto\/"},"modified":"2026-02-25T00:28:46","modified_gmt":"2026-02-25T00:28:46","slug":"colete-softshell-musto-evo-crew-tamanho-s-preto","status":"publish","type":"product","link":"https:\/\/stoic-curie.212-227-153-4.plesk.page\/pt\/product\/colete-softshell-musto-evo-crew-tamanho-s-preto\/","title":{"rendered":"Colete Softshell Musto Evo Crew Tamanho S &#8211; Preto"},"content":{"rendered":"<p>Colete Softshell Musto Evo Crew Tamanho S &#8211; Preto &#8211; <\/p>\n<p>O Colete Softshell Musto Evo Crew \u00e9 feito de um tecido softshell el\u00e1stico que \u00e9 respir\u00e1vel e \u00e0 prova de vento. Com um tratamento DWR (Durable Water Repellency) livre de PFC, duas bolsos laterais com fecho YKK\u00ae e um bainha inferior el\u00e1stica para um ajuste justo.<\/p>\n<p>Clique aqui para verificar o tamanho exato:<\/p>\n","protected":false},"excerpt":{"rendered":"<p>Colete Softshell Musto Evo Crew Tamanho S &#8211; Preto &#8211; O Colete Softshell Musto Evo Crew \u00e9 feito de um<\/p>\n","protected":false},"featured_media":5719116,"comment_status":"open","ping_status":"closed","template":"","meta":[],"product_brand":[3157],"product_cat":[2141],"product_tag":[],"class_list":{"0":"post-5720849","1":"product","2":"type-product","3":"status-publish","4":"has-post-thumbnail","6":"product_brand-musto-pt","7":"product_cat-vestuario-de-vela-musto","9":"first","10":"instock","11":"shipping-taxable","12":"purchasable","13":"product-type-simple"},"_links":{"self":[{"href":"https:\/\/stoic-curie.212-227-153-4.plesk.page\/pt\/wp-json\/wp\/v2\/product\/5720849","targetHints":{"allow":["GET"]}}],"collection":[{"href":"https:\/\/stoic-curie.212-227-153-4.plesk.page\/pt\/wp-json\/wp\/v2\/product"}],"about":[{"href":"https:\/\/stoic-curie.212-227-153-4.plesk.page\/pt\/wp-json\/wp\/v2\/types\/product"}],"replies":[{"embeddable":true,"href":"https:\/\/stoic-curie.212-227-153-4.plesk.page\/pt\/wp-json\/wp\/v2\/comments?post=5720849"}],"version-history":[{"count":0,"href":"https:\/\/stoic-curie.212-227-153-4.plesk.page\/pt\/wp-json\/wp\/v2\/product\/5720849\/revisions"}],"wp:featuredmedia":[{"embeddable":true,"href":"https:\/\/stoic-curie.212-227-153-4.plesk.page\/pt\/wp-json\/wp\/v2\/media\/5719116"}],"wp:attachment":[{"href":"https:\/\/stoic-curie.212-227-153-4.plesk.page\/pt\/wp-json\/wp\/v2\/media?parent=5720849"}],"wp:term":[{"taxonomy":"product_brand","embeddable":true,"href":"https:\/\/stoic-curie.212-227-153-4.plesk.page\/pt\/wp-json\/wp\/v2\/product_brand?post=5720849"},{"taxonomy":"product_cat","embeddable":true,"href":"https:\/\/stoic-curie.212-227-153-4.plesk.page\/pt\/wp-json\/wp\/v2\/product_cat?post=5720849"},{"taxonomy":"product_tag","embeddable":true,"href":"https:\/\/stoic-curie.212-227-153-4.plesk.page\/pt\/wp-json\/wp\/v2\/product_tag?post=5720849"}],"curies":[{"name":"wp","href":"https:\/\/api.w.org\/{rel}","templated":true}]}}